{"id":2962,"date":"2026-02-06T09:04:42","date_gmt":"2026-02-06T09:04:42","guid":{"rendered":"https:\/\/huilicoating.com\/?post_type=product&#038;p=2962"},"modified":"2026-04-16T08:00:25","modified_gmt":"2026-04-16T08:00:25","slug":"epoxy-furan-glass-flake-coating-plhf-3","status":"publish","type":"product","link":"https:\/\/huilicoating.com\/fr\/product\/epoxy-furan-glass-flake-coating-plhf-3\/","title":{"rendered":"Rev\u00eatement \u00e0 base de r\u00e9sine \u00e9poxy furan \u00e0 flocons de verre PLHF-3"},"content":{"rendered":"<p class=\"my-2 [&amp;+p]:mt-4 [&amp;_strong:has(+br)]:inline-block [&amp;_strong:has(+br)]:pb-2 animate-in fade-in-25 duration-700\"><strong>Overview<\/strong><br \/>\nTwo-component epoxy furan glass flake coating for long-term heavy-duty corrosion protection in wet service and heavy chemical environments.<span class=\"inline-flex\" aria-label=\"104-PLHF-3Huan-Yang-Fu-Nan-Bo-Li-Lin-Pian-Qi.doc\" data-state=\"closed\">\u200b<\/span><\/p>\n<p class=\"my-2 [&amp;+p]:mt-4 [&amp;_strong:has(+br)]:inline-block [&amp;_strong:has(+br)]:pb-2 animate-in fade-in-25 duration-700\"><strong>Composition<\/strong><br \/>\nEpoxy furan resin, glass flake, pigments, additives, solvent; modified amine hardener; supplied as Component A &amp; Component B.<span class=\"inline-flex\" aria-label=\"104-PLHF-3Huan-Yang-Fu-Nan-Bo-Li-Lin-Pian-Qi.doc\" data-state=\"closed\">\u200b<\/span><\/p>\n<p class=\"my-2 [&amp;+p]:mt-4 [&amp;_strong:has(+br)]:inline-block [&amp;_strong:has(+br)]:pb-2 animate-in fade-in-25 duration-700\"><strong>Typical uses<\/strong><br \/>\nLong-term heavy-duty protection for steel structures and concrete facilities in underwater or humid environments and heavy chemical areas.<span class=\"inline-flex\" aria-label=\"104-PLHF-3Huan-Yang-Fu-Nan-Bo-Li-Lin-Pian-Qi.doc\" data-state=\"closed\">\u200b<\/span><br \/>\nCan also be used as an intermediate coating.<span class=\"inline-flex\" aria-label=\"104-PLHF-3Huan-Yang-Fu-Nan-Bo-Li-Lin-Pian-Qi.doc\" data-state=\"closed\">\u200b<\/span><\/p>\n<p class=\"my-2 [&amp;+p]:mt-4 [&amp;_strong:has(+br)]:inline-block [&amp;_strong:has(+br)]:pb-2 animate-in fade-in-25 duration-700\"><strong>Technical data (typical)<\/strong><\/p>\n<ul class=\"marker:text-quiet list-disc\">\n<li class=\"py-0 my-0 prose-p:pt-0 prose-p:mb-2 prose-p:my-0 [&amp;&gt;p]:pt-0 [&amp;&gt;p]:mb-2 [&amp;&gt;p]:my-0 animate-in fade-in-25 duration-700\">\n<p class=\"my-2 [&amp;+p]:mt-4 [&amp;_strong:has(+br)]:inline-block [&amp;_strong:has(+br)]:pb-2 animate-in fade-in-25 duration-700\">Appearance: various colors.<span class=\"inline-flex\" aria-label=\"104-PLHF-3Huan-Yang-Fu-Nan-Bo-Li-Lin-Pian-Qi.doc\" data-state=\"closed\">\u200b<\/span><\/p>\n<\/li>\n<li class=\"py-0 my-0 prose-p:pt-0 prose-p:mb-2 prose-p:my-0 [&amp;&gt;p]:pt-0 [&amp;&gt;p]:mb-2 [&amp;&gt;p]:my-0 animate-in fade-in-25 duration-700\">\n<p class=\"my-2 [&amp;+p]:mt-4 [&amp;_strong:has(+br)]:inline-block [&amp;_strong:has(+br)]:pb-2 animate-in fade-in-25 duration-700\">Theoretical consumption: 0.43 kg\/m\u00b2 at 150 \u00b5m DFT (loss not included).<span class=\"inline-flex\" aria-label=\"104-PLHF-3Huan-Yang-Fu-Nan-Bo-Li-Lin-Pian-Qi.doc\" data-state=\"closed\">\u200b<\/span><\/p>\n<\/li>\n<li class=\"py-0 my-0 prose-p:pt-0 prose-p:mb-2 prose-p:my-0 [&amp;&gt;p]:pt-0 [&amp;&gt;p]:mb-2 [&amp;&gt;p]:my-0 animate-in fade-in-25 duration-700\">\n<p class=\"my-2 [&amp;+p]:mt-4 [&amp;_strong:has(+br)]:inline-block [&amp;_strong:has(+br)]:pb-2 animate-in fade-in-25 duration-700\">Density: 1.25 kg\/L.<span class=\"inline-flex\" aria-label=\"104-PLHF-3Huan-Yang-Fu-Nan-Bo-Li-Lin-Pian-Qi.doc\" data-state=\"closed\">\u200b<\/span><\/p>\n<\/li>\n<li class=\"py-0 my-0 prose-p:pt-0 prose-p:mb-2 prose-p:my-0 [&amp;&gt;p]:pt-0 [&amp;&gt;p]:mb-2 [&amp;&gt;p]:my-0 animate-in fade-in-25 duration-700\">\n<p class=\"my-2 [&amp;+p]:mt-4 [&amp;_strong:has(+br)]:inline-block [&amp;_strong:has(+br)]:pb-2 animate-in fade-in-25 duration-700\">Drying time (25\u00b0C): surface dry 2 h; hard dry 24 h; full cure 7 d.<span class=\"inline-flex\" aria-label=\"104-PLHF-3Huan-Yang-Fu-Nan-Bo-Li-Lin-Pian-Qi.doc\" data-state=\"closed\">\u200b<\/span><\/p>\n<\/li>\n<li class=\"py-0 my-0 prose-p:pt-0 prose-p:mb-2 prose-p:my-0 [&amp;&gt;p]:pt-0 [&amp;&gt;p]:mb-2 [&amp;&gt;p]:my-0 animate-in fade-in-25 duration-700\">\n<p class=\"my-2 [&amp;+p]:mt-4 [&amp;_strong:has(+br)]:inline-block [&amp;_strong:has(+br)]:pb-2 animate-in fade-in-25 duration-700\">Salt water resistance: 1 year, film unchanged.<span class=\"inline-flex\" aria-label=\"104-PLHF-3Huan-Yang-Fu-Nan-Bo-Li-Lin-Pian-Qi.doc\" data-state=\"closed\">\u200b<\/span><\/p>\n<\/li>\n<\/ul>\n<p class=\"my-2 [&amp;+p]:mt-4 [&amp;_strong:has(+br)]:inline-block [&amp;_strong:has(+br)]:pb-2 animate-in fade-in-25 duration-700\"><strong>Application data (25\u00b0C)<\/strong><\/p>\n<ul class=\"marker:text-quiet list-disc\">\n<li class=\"py-0 my-0 prose-p:pt-0 prose-p:mb-2 prose-p:my-0 [&amp;&gt;p]:pt-0 [&amp;&gt;p]:mb-2 [&amp;&gt;p]:my-0 animate-in fade-in-25 duration-700\">\n<p class=\"my-2 [&amp;+p]:mt-4 [&amp;_strong:has(+br)]:inline-block [&amp;_strong:has(+br)]:pb-2 animate-in fade-in-25 duration-700\">Mixing ratio (A:B): 20:4.<span class=\"inline-flex\" aria-label=\"104-PLHF-3Huan-Yang-Fu-Nan-Bo-Li-Lin-Pian-Qi.doc\" data-state=\"closed\">\u200b<\/span><\/p>\n<\/li>\n<li class=\"py-0 my-0 prose-p:pt-0 prose-p:mb-2 prose-p:my-0 [&amp;&gt;p]:pt-0 [&amp;&gt;p]:mb-2 [&amp;&gt;p]:my-0 animate-in fade-in-25 duration-700\">\n<p class=\"my-2 [&amp;+p]:mt-4 [&amp;_strong:has(+br)]:inline-block [&amp;_strong:has(+br)]:pb-2 animate-in fade-in-25 duration-700\">Induction time: 5 min.<span class=\"inline-flex\" aria-label=\"104-PLHF-3Huan-Yang-Fu-Nan-Bo-Li-Lin-Pian-Qi.doc\" data-state=\"closed\">\u200b<\/span><\/p>\n<\/li>\n<li class=\"py-0 my-0 prose-p:pt-0 prose-p:mb-2 prose-p:my-0 [&amp;&gt;p]:pt-0 [&amp;&gt;p]:mb-2 [&amp;&gt;p]:my-0 animate-in fade-in-25 duration-700\">\n<p class=\"my-2 [&amp;+p]:mt-4 [&amp;_strong:has(+br)]:inline-block [&amp;_strong:has(+br)]:pb-2 animate-in fade-in-25 duration-700\">Pot life: 4 h.<span class=\"inline-flex\" aria-label=\"104-PLHF-3Huan-Yang-Fu-Nan-Bo-Li-Lin-Pian-Qi.doc\" data-state=\"closed\">\u200b<\/span><\/p>\n<\/li>\n<li class=\"py-0 my-0 prose-p:pt-0 prose-p:mb-2 prose-p:my-0 [&amp;&gt;p]:pt-0 [&amp;&gt;p]:mb-2 [&amp;&gt;p]:my-0 animate-in fade-in-25 duration-700\">\n<p class=\"my-2 [&amp;+p]:mt-4 [&amp;_strong:has(+br)]:inline-block [&amp;_strong:has(+br)]:pb-2 animate-in fade-in-25 duration-700\">Application methods: airless spray, brush, roller.<span class=\"inline-flex\" aria-label=\"104-PLHF-3Huan-Yang-Fu-Nan-Bo-Li-Lin-Pian-Qi.doc\" data-state=\"closed\">\u200b<\/span><\/p>\n<\/li>\n<li class=\"py-0 my-0 prose-p:pt-0 prose-p:mb-2 prose-p:my-0 [&amp;&gt;p]:pt-0 [&amp;&gt;p]:mb-2 [&amp;&gt;p]:my-0 animate-in fade-in-25 duration-700\">\n<p class=\"my-2 [&amp;+p]:mt-4 [&amp;_strong:has(+br)]:inline-block [&amp;_strong:has(+br)]:pb-2 animate-in fade-in-25 duration-700\">Thinner: dedicated thinner, 3\u20138%.<span class=\"inline-flex\" aria-label=\"104-PLHF-3Huan-Yang-Fu-Nan-Bo-Li-Lin-Pian-Qi.doc\" data-state=\"closed\">\u200b<\/span><\/p>\n<\/li>\n<li class=\"py-0 my-0 prose-p:pt-0 prose-p:mb-2 prose-p:my-0 [&amp;&gt;p]:pt-0 [&amp;&gt;p]:mb-2 [&amp;&gt;p]:my-0 animate-in fade-in-25 duration-700\">\n<p class=\"my-2 [&amp;+p]:mt-4 [&amp;_strong:has(+br)]:inline-block [&amp;_strong:has(+br)]:pb-2 animate-in fade-in-25 duration-700\">Recoat interval: min 12 h; max 7 d.<span class=\"inline-flex\" aria-label=\"104-PLHF-3Huan-Yang-Fu-Nan-Bo-Li-Lin-Pian-Qi.doc\" data-state=\"closed\">\u200b<\/span><\/p>\n<\/li>\n<li class=\"py-0 my-0 prose-p:pt-0 prose-p:mb-2 prose-p:my-0 [&amp;&gt;p]:pt-0 [&amp;&gt;p]:mb-2 [&amp;&gt;p]:my-0 animate-in fade-in-25 duration-700\">\n<p class=\"my-2 [&amp;+p]:mt-4 [&amp;_strong:has(+br)]:inline-block [&amp;_strong:has(+br)]:pb-2 animate-in fade-in-25 duration-700\">Recommended DFT per coat: 60\u201380 \u00b5m (brush\/roller 40\u201350 \u00b5m).<span class=\"inline-flex\" aria-label=\"104-PLHF-3Huan-Yang-Fu-Nan-Bo-Li-Lin-Pian-Qi.doc\" data-state=\"closed\">\u200b<\/span><\/p>\n<\/li>\n<\/ul>\n<p class=\"my-2 [&amp;+p]:mt-4 [&amp;_strong:has(+br)]:inline-block [&amp;_strong:has(+br)]:pb-2 animate-in fade-in-25 duration-700\"><strong>Surface preparation<\/strong><br \/>\nSteel: blast to Sa 2.5 or power-tool clean to St 3; surface profile 30\u201375 \u00b5m.<span class=\"inline-flex\" aria-label=\"104-PLHF-3Huan-Yang-Fu-Nan-Bo-Li-Lin-Pian-Qi.doc\" data-state=\"closed\">\u200b<\/span><\/p>\n<p class=\"my-2 [&amp;+p]:mt-4 [&amp;_strong:has(+br)]:inline-block [&amp;_strong:has(+br)]:pb-2 animate-in fade-in-25 duration-700\"><strong>System compatibility \/ packing \/ storage<\/strong><\/p>\n<ul class=\"marker:text-quiet list-disc\">\n<li class=\"py-0 my-0 prose-p:pt-0 prose-p:mb-2 prose-p:my-0 [&amp;&gt;p]:pt-0 [&amp;&gt;p]:mb-2 [&amp;&gt;p]:my-0 animate-in fade-in-25 duration-700\">\n<p class=\"my-2 [&amp;+p]:mt-4 [&amp;_strong:has(+br)]:inline-block [&amp;_strong:has(+br)]:pb-2 animate-in fade-in-25 duration-700\">Packing: Part A 20 kg; Part B 4 kg.<span class=\"inline-flex\" aria-label=\"104-PLHF-3Huan-Yang-Fu-Nan-Bo-Li-Lin-Pian-Qi.doc\" data-state=\"closed\">\u200b<\/span><\/p>\n<\/li>\n<li class=\"py-0 my-0 prose-p:pt-0 prose-p:mb-2 prose-p:my-0 [&amp;&gt;p]:pt-0 [&amp;&gt;p]:mb-2 [&amp;&gt;p]:my-0 animate-in fade-in-25 duration-700\">\n<p class=\"my-2 [&amp;+p]:mt-4 [&amp;_strong:has(+br)]:inline-block [&amp;_strong:has(+br)]:pb-2 animate-in fade-in-25 duration-700\">Storage: dry, cool, ventilated; away from fire; avoid strong sunlight; no outdoor storage.<span class=\"inline-flex\" aria-label=\"104-PLHF-3Huan-Yang-Fu-Nan-Bo-Li-Lin-Pian-Qi.doc\" data-state=\"closed\">\u200b<\/span><\/p>\n<\/li>\n<li class=\"py-0 my-0 prose-p:pt-0 prose-p:mb-2 prose-p:my-0 [&amp;&gt;p]:pt-0 [&amp;&gt;p]:mb-2 [&amp;&gt;p]:my-0 animate-in fade-in-25 duration-700\">\n<p class=\"my-2 [&amp;+p]:mt-4 [&amp;_strong:has(+br)]:inline-block [&amp;_strong:has(+br)]:pb-2 animate-in fade-in-25 duration-700\">Shelf life: 12 months.<span class=\"inline-flex\" aria-label=\"104-PLHF-3Huan-Yang-Fu-Nan-Bo-Li-Lin-Pian-Qi.doc\" data-state=\"closed\">\u200b<\/span><\/p>\n<\/li>\n<\/ul>\n<div id=\"gtx-trans\" style=\"position: absolute; left: -9px; top: 999px;\">\n<div class=\"gtx-trans-icon\"><\/div>\n<\/div>\n","protected":false},"excerpt":{"rendered":"<p class=\"my-2 [&amp;+p]:mt-4 [&amp;_strong:has(+br)]:inline-block [&amp;_strong:has(+br)]:pb-2\">2K epoxy furan glass flake coating with outstanding chemical barrier and abrasion resistance for steel and concrete in immersion and heavy chemical environments. Suited as standalone coating or intermediate coat. 150\u00b5m DFT per coat.<\/p>\n","protected":false},"featured_media":2223,"comment_status":"open","ping_status":"closed","template":"","meta":{"_acf_changed":false},"acf-product-category":[],"product_brand":[],"product_cat":[17,92],"product_tag":[],"class_list":{"0":"post-2962","1":"product","2":"type-product","3":"status-publish","4":"has-post-thumbnail","6":"product_cat-product-overview","7":"product_cat-specialty-industrial-coatings","9":"first","10":"instock","11":"shipping-taxable","12":"product-type-simple"},"acf":[],"_links":{"self":[{"href":"https:\/\/huilicoating.com\/fr\/wp-json\/wp\/v2\/product\/2962","targetHints":{"allow":["GET"]}}],"collection":[{"href":"https:\/\/huilicoating.com\/fr\/wp-json\/wp\/v2\/product"}],"about":[{"href":"https:\/\/huilicoating.com\/fr\/wp-json\/wp\/v2\/types\/product"}],"replies":[{"embeddable":true,"href":"https:\/\/huilicoating.com\/fr\/wp-json\/wp\/v2\/comments?post=2962"}],"version-history":[{"count":1,"href":"https:\/\/huilicoating.com\/fr\/wp-json\/wp\/v2\/product\/2962\/revisions"}],"predecessor-version":[{"id":4274,"href":"https:\/\/huilicoating.com\/fr\/wp-json\/wp\/v2\/product\/2962\/revisions\/4274"}],"wp:featuredmedia":[{"embeddable":true,"href":"https:\/\/huilicoating.com\/fr\/wp-json\/wp\/v2\/media\/2223"}],"wp:attachment":[{"href":"https:\/\/huilicoating.com\/fr\/wp-json\/wp\/v2\/media?parent=2962"}],"wp:term":[{"taxonomy":"acf-product-category","embeddable":true,"href":"https:\/\/huilicoating.com\/fr\/wp-json\/wp\/v2\/acf-product-category?post=2962"},{"taxonomy":"product_brand","embeddable":true,"href":"https:\/\/huilicoating.com\/fr\/wp-json\/wp\/v2\/product_brand?post=2962"},{"taxonomy":"product_cat","embeddable":true,"href":"https:\/\/huilicoating.com\/fr\/wp-json\/wp\/v2\/product_cat?post=2962"},{"taxonomy":"product_tag","embeddable":true,"href":"https:\/\/huilicoating.com\/fr\/wp-json\/wp\/v2\/product_tag?post=2962"}],"curies":[{"name":"wp","href":"https:\/\/api.w.org\/{rel}","templated":true}]}}