{"id":2934,"date":"2026-02-06T08:28:48","date_gmt":"2026-02-06T08:28:48","guid":{"rendered":"https:\/\/huilicoating.com\/?post_type=product&#038;p=2934"},"modified":"2026-04-16T08:07:04","modified_gmt":"2026-04-16T08:07:04","slug":"heat-reflective-thermal-insulation-coating-pl61-22","status":"publish","type":"product","link":"https:\/\/huilicoating.com\/fr\/product\/heat-reflective-thermal-insulation-coating-pl61-22\/","title":{"rendered":"PL61-22 Rev\u00eatement d'isolation thermique r\u00e9fl\u00e9chissant \u00e0 haute performance"},"content":{"rendered":"<p class=\"my-2 [&amp;+p]:mt-4 [&amp;_strong:has(+br)]:inline-block [&amp;_strong:has(+br)]:pb-2\"><strong>Overview<\/strong><br \/>\nMulti-layer coating system for heat reflection and thermal insulation with anti-corrosion and weathering resistance.<span class=\"inline-flex\" aria-label=\"092-PL61-22Re-Fan-She-Ge-Re-Qi.doc\" data-state=\"closed\">\u200b<\/span><\/p>\n<p class=\"my-2 [&amp;+p]:mt-4 [&amp;_strong:has(+br)]:inline-block [&amp;_strong:has(+br)]:pb-2\"><strong>Composition<\/strong><br \/>\nSynthetic polymer resin, thermal insulation materials, glass microspheres, glass fiber, pigments, fillers, additives, curing agent.<span class=\"inline-flex\" aria-label=\"092-PL61-22Re-Fan-She-Ge-Re-Qi.doc\" data-state=\"closed\">\u200b<\/span><\/p>\n<p class=\"my-2 [&amp;+p]:mt-4 [&amp;_strong:has(+br)]:inline-block [&amp;_strong:has(+br)]:pb-2\"><strong>Typical uses<\/strong><br \/>\nCooling and anti-corrosion protection for metal storage tanks, LPG tanks, oil tank trucks, tank equipment exteriors, oil tanks, chemical raw material tanks, and refrigerated trucks.<span class=\"inline-flex\" aria-label=\"092-PL61-22Re-Fan-She-Ge-Re-Qi.doc\" data-state=\"closed\">\u200b<\/span><br \/>\nThermal insulation\/cooling for exterior surfaces of buildings (e.g., residences, plants, cold storage, modern farms, kiosks) and for wood components.<span class=\"inline-flex\" aria-label=\"092-PL61-22Re-Fan-She-Ge-Re-Qi.doc\" data-state=\"closed\">\u200b<\/span><\/p>\n<p class=\"my-2 [&amp;+p]:mt-4 [&amp;_strong:has(+br)]:inline-block [&amp;_strong:has(+br)]:pb-2\"><strong>Technical data (typical)<\/strong><\/p>\n<ul class=\"marker:text-quiet list-disc\">\n<li class=\"py-0 my-0 prose-p:pt-0 prose-p:mb-2 prose-p:my-0 [&amp;&gt;p]:pt-0 [&amp;&gt;p]:mb-2 [&amp;&gt;p]:my-0\">\n<p class=\"my-2 [&amp;+p]:mt-4 [&amp;_strong:has(+br)]:inline-block [&amp;_strong:has(+br)]:pb-2\">Appearance: topcoat mainly white\/light colors; film smooth and glossy.<span class=\"inline-flex\" aria-label=\"092-PL61-22Re-Fan-She-Ge-Re-Qi.doc\" data-state=\"closed\">\u200b<\/span><\/p>\n<\/li>\n<li class=\"py-0 my-0 prose-p:pt-0 prose-p:mb-2 prose-p:my-0 [&amp;&gt;p]:pt-0 [&amp;&gt;p]:mb-2 [&amp;&gt;p]:my-0\">\n<p class=\"my-2 [&amp;+p]:mt-4 [&amp;_strong:has(+br)]:inline-block [&amp;_strong:has(+br)]:pb-2\">Theoretical consumption: primer 0.16 kg\/m\u00b2 at 50 \u00b5m DFT (loss not included).<span class=\"inline-flex\" aria-label=\"092-PL61-22Re-Fan-She-Ge-Re-Qi.doc\" data-state=\"closed\">\u200b<\/span><\/p>\n<\/li>\n<li class=\"py-0 my-0 prose-p:pt-0 prose-p:mb-2 prose-p:my-0 [&amp;&gt;p]:pt-0 [&amp;&gt;p]:mb-2 [&amp;&gt;p]:my-0\">\n<p class=\"my-2 [&amp;+p]:mt-4 [&amp;_strong:has(+br)]:inline-block [&amp;_strong:has(+br)]:pb-2\">Theoretical consumption: intermediate 0.13 kg\/m\u00b2 at 50 \u00b5m DFT (loss not included).<span class=\"inline-flex\" aria-label=\"092-PL61-22Re-Fan-She-Ge-Re-Qi.doc\" data-state=\"closed\">\u200b<\/span><\/p>\n<\/li>\n<li class=\"py-0 my-0 prose-p:pt-0 prose-p:mb-2 prose-p:my-0 [&amp;&gt;p]:pt-0 [&amp;&gt;p]:mb-2 [&amp;&gt;p]:my-0\">\n<p class=\"my-2 [&amp;+p]:mt-4 [&amp;_strong:has(+br)]:inline-block [&amp;_strong:has(+br)]:pb-2\">Theoretical consumption: topcoat 0.17 kg\/m\u00b2 at 50 \u00b5m DFT (loss not included).<span class=\"inline-flex\" aria-label=\"092-PL61-22Re-Fan-She-Ge-Re-Qi.doc\" data-state=\"closed\">\u200b<\/span><\/p>\n<\/li>\n<li class=\"py-0 my-0 prose-p:pt-0 prose-p:mb-2 prose-p:my-0 [&amp;&gt;p]:pt-0 [&amp;&gt;p]:mb-2 [&amp;&gt;p]:my-0\">\n<p class=\"my-2 [&amp;+p]:mt-4 [&amp;_strong:has(+br)]:inline-block [&amp;_strong:has(+br)]:pb-2\">Density: primer 1.4 kg\/L; intermediate 1.30 kg\/L; topcoat 1.2 kg\/L.<span class=\"inline-flex\" aria-label=\"092-PL61-22Re-Fan-She-Ge-Re-Qi.doc\" data-state=\"closed\">\u200b<\/span><\/p>\n<\/li>\n<li class=\"py-0 my-0 prose-p:pt-0 prose-p:mb-2 prose-p:my-0 [&amp;&gt;p]:pt-0 [&amp;&gt;p]:mb-2 [&amp;&gt;p]:my-0\">\n<p class=\"my-2 [&amp;+p]:mt-4 [&amp;_strong:has(+br)]:inline-block [&amp;_strong:has(+br)]:pb-2\">Drying time (25\u00b0C): surface dry 1 h; hard dry 24 h; full cure 7 d.<span class=\"inline-flex\" aria-label=\"092-PL61-22Re-Fan-She-Ge-Re-Qi.doc\" data-state=\"closed\">\u200b<\/span><\/p>\n<\/li>\n<\/ul>\n<p class=\"my-2 [&amp;+p]:mt-4 [&amp;_strong:has(+br)]:inline-block [&amp;_strong:has(+br)]:pb-2\"><strong>Application data (25\u00b0C)<\/strong><\/p>\n<ul class=\"marker:text-quiet list-disc\">\n<li class=\"py-0 my-0 prose-p:pt-0 prose-p:mb-2 prose-p:my-0 [&amp;&gt;p]:pt-0 [&amp;&gt;p]:mb-2 [&amp;&gt;p]:my-0\">\n<p class=\"my-2 [&amp;+p]:mt-4 [&amp;_strong:has(+br)]:inline-block [&amp;_strong:has(+br)]:pb-2\">Mixing ratio (A:B): primer 24:3; intermediate 27:3; topcoat 18:3.<span class=\"inline-flex\" aria-label=\"092-PL61-22Re-Fan-She-Ge-Re-Qi.doc\" data-state=\"closed\">\u200b<\/span><\/p>\n<\/li>\n<li class=\"py-0 my-0 prose-p:pt-0 prose-p:mb-2 prose-p:my-0 [&amp;&gt;p]:pt-0 [&amp;&gt;p]:mb-2 [&amp;&gt;p]:my-0\">\n<p class=\"my-2 [&amp;+p]:mt-4 [&amp;_strong:has(+br)]:inline-block [&amp;_strong:has(+br)]:pb-2\">Induction time: 5 min.<span class=\"inline-flex\" aria-label=\"092-PL61-22Re-Fan-She-Ge-Re-Qi.doc\" data-state=\"closed\">\u200b<\/span><\/p>\n<\/li>\n<li class=\"py-0 my-0 prose-p:pt-0 prose-p:mb-2 prose-p:my-0 [&amp;&gt;p]:pt-0 [&amp;&gt;p]:mb-2 [&amp;&gt;p]:my-0\">\n<p class=\"my-2 [&amp;+p]:mt-4 [&amp;_strong:has(+br)]:inline-block [&amp;_strong:has(+br)]:pb-2\">Pot life: 3 h.<span class=\"inline-flex\" aria-label=\"092-PL61-22Re-Fan-She-Ge-Re-Qi.doc\" data-state=\"closed\">\u200b<\/span><\/p>\n<\/li>\n<li class=\"py-0 my-0 prose-p:pt-0 prose-p:mb-2 prose-p:my-0 [&amp;&gt;p]:pt-0 [&amp;&gt;p]:mb-2 [&amp;&gt;p]:my-0\">\n<p class=\"my-2 [&amp;+p]:mt-4 [&amp;_strong:has(+br)]:inline-block [&amp;_strong:has(+br)]:pb-2\">Application methods: airless spray, brush, roller.<span class=\"inline-flex\" aria-label=\"092-PL61-22Re-Fan-She-Ge-Re-Qi.doc\" data-state=\"closed\">\u200b<\/span><\/p>\n<\/li>\n<li class=\"py-0 my-0 prose-p:pt-0 prose-p:mb-2 prose-p:my-0 [&amp;&gt;p]:pt-0 [&amp;&gt;p]:mb-2 [&amp;&gt;p]:my-0\">\n<p class=\"my-2 [&amp;+p]:mt-4 [&amp;_strong:has(+br)]:inline-block [&amp;_strong:has(+br)]:pb-2\">Thinner: dedicated thinner, 3\u20138%.<span class=\"inline-flex\" aria-label=\"092-PL61-22Re-Fan-She-Ge-Re-Qi.doc\" data-state=\"closed\">\u200b<\/span><\/p>\n<\/li>\n<li class=\"py-0 my-0 prose-p:pt-0 prose-p:mb-2 prose-p:my-0 [&amp;&gt;p]:pt-0 [&amp;&gt;p]:mb-2 [&amp;&gt;p]:my-0\">\n<p class=\"my-2 [&amp;+p]:mt-4 [&amp;_strong:has(+br)]:inline-block [&amp;_strong:has(+br)]:pb-2\">Recoat interval: min 24 h; max 7 d.<span class=\"inline-flex\" aria-label=\"092-PL61-22Re-Fan-She-Ge-Re-Qi.doc\" data-state=\"closed\">\u200b<\/span><\/p>\n<\/li>\n<li class=\"py-0 my-0 prose-p:pt-0 prose-p:mb-2 prose-p:my-0 [&amp;&gt;p]:pt-0 [&amp;&gt;p]:mb-2 [&amp;&gt;p]:my-0\">\n<p class=\"my-2 [&amp;+p]:mt-4 [&amp;_strong:has(+br)]:inline-block [&amp;_strong:has(+br)]:pb-2\">Recommended DFT per coat: primer\/intermediate 60\u201380 \u00b5m (brush\/roller 30\u201340 \u00b5m); topcoat 30\u201345 \u00b5m (brush\/roller 25\u201335 \u00b5m).<span class=\"inline-flex\" aria-label=\"092-PL61-22Re-Fan-She-Ge-Re-Qi.doc\" data-state=\"closed\">\u200b<\/span><\/p>\n<\/li>\n<\/ul>\n<p class=\"my-2 [&amp;+p]:mt-4 [&amp;_strong:has(+br)]:inline-block [&amp;_strong:has(+br)]:pb-2\"><strong>Surface preparation<\/strong><br \/>\nSteel: blast to Sa 2.5 or power-tool clean to St 3; surface profile 30\u201375 \u00b5m.<span class=\"inline-flex\" aria-label=\"092-PL61-22Re-Fan-She-Ge-Re-Qi.doc\" data-state=\"closed\">\u200b<\/span><\/p>\n<p class=\"my-2 [&amp;+p]:mt-4 [&amp;_strong:has(+br)]:inline-block [&amp;_strong:has(+br)]:pb-2\"><strong>System compatibility \/ packing \/ storage<\/strong><\/p>\n<ul class=\"marker:text-quiet list-disc\">\n<li class=\"py-0 my-0 prose-p:pt-0 prose-p:mb-2 prose-p:my-0 [&amp;&gt;p]:pt-0 [&amp;&gt;p]:mb-2 [&amp;&gt;p]:my-0\">\n<p class=\"my-2 [&amp;+p]:mt-4 [&amp;_strong:has(+br)]:inline-block [&amp;_strong:has(+br)]:pb-2\">Packing: primer Part A 24 kg, Part B 3 kg; intermediate Part A 27 kg, Part B 3 kg; topcoat Part A 18 kg, Part B 3 kg.<span class=\"inline-flex\" aria-label=\"092-PL61-22Re-Fan-She-Ge-Re-Qi.doc\" data-state=\"closed\">\u200b<\/span><\/p>\n<\/li>\n<li class=\"py-0 my-0 prose-p:pt-0 prose-p:mb-2 prose-p:my-0 [&amp;&gt;p]:pt-0 [&amp;&gt;p]:mb-2 [&amp;&gt;p]:my-0\">\n<p class=\"my-2 [&amp;+p]:mt-4 [&amp;_strong:has(+br)]:inline-block [&amp;_strong:has(+br)]:pb-2\">Storage: dry, cool, ventilated; away from fire; avoid strong sunlight; no outdoor storage.<span class=\"inline-flex\" aria-label=\"092-PL61-22Re-Fan-She-Ge-Re-Qi.doc\" data-state=\"closed\">\u200b<\/span><\/p>\n<\/li>\n<li class=\"py-0 my-0 prose-p:pt-0 prose-p:mb-2 prose-p:my-0 [&amp;&gt;p]:pt-0 [&amp;&gt;p]:mb-2 [&amp;&gt;p]:my-0\">\n<p class=\"my-2 [&amp;+p]:mt-4 [&amp;_strong:has(+br)]:inline-block [&amp;_strong:has(+br)]:pb-2\">Shelf life: 12 months.<\/p>\n<\/li>\n<\/ul>\n","protected":false},"excerpt":{"rendered":"<p class=\"my-2 [&amp;+p]:mt-4 [&amp;_strong:has(+br)]:inline-block [&amp;_strong:has(+br)]:pb-2\">Thermal reflective insulating coating with glass microsphere reinforcement for metal storage tanks, LPG vessels and building roofs. Reduces interior temperature by reflecting solar heat. 70\u00b5m primer DFT, 185\u00b5m+ total system.<\/p>\n","protected":false},"featured_media":2223,"comment_status":"open","ping_status":"closed","template":"","meta":{"_acf_changed":false},"acf-product-category":[],"product_brand":[],"product_cat":[17,92],"product_tag":[],"class_list":{"0":"post-2934","1":"product","2":"type-product","3":"status-publish","4":"has-post-thumbnail","6":"product_cat-product-overview","7":"product_cat-specialty-industrial-coatings","9":"first","10":"instock","11":"shipping-taxable","12":"product-type-simple"},"acf":[],"_links":{"self":[{"href":"https:\/\/huilicoating.com\/fr\/wp-json\/wp\/v2\/product\/2934","targetHints":{"allow":["GET"]}}],"collection":[{"href":"https:\/\/huilicoating.com\/fr\/wp-json\/wp\/v2\/product"}],"about":[{"href":"https:\/\/huilicoating.com\/fr\/wp-json\/wp\/v2\/types\/product"}],"replies":[{"embeddable":true,"href":"https:\/\/huilicoating.com\/fr\/wp-json\/wp\/v2\/comments?post=2934"}],"version-history":[{"count":1,"href":"https:\/\/huilicoating.com\/fr\/wp-json\/wp\/v2\/product\/2934\/revisions"}],"predecessor-version":[{"id":4288,"href":"https:\/\/huilicoating.com\/fr\/wp-json\/wp\/v2\/product\/2934\/revisions\/4288"}],"wp:featuredmedia":[{"embeddable":true,"href":"https:\/\/huilicoating.com\/fr\/wp-json\/wp\/v2\/media\/2223"}],"wp:attachment":[{"href":"https:\/\/huilicoating.com\/fr\/wp-json\/wp\/v2\/media?parent=2934"}],"wp:term":[{"taxonomy":"acf-product-category","embeddable":true,"href":"https:\/\/huilicoating.com\/fr\/wp-json\/wp\/v2\/acf-product-category?post=2934"},{"taxonomy":"product_brand","embeddable":true,"href":"https:\/\/huilicoating.com\/fr\/wp-json\/wp\/v2\/product_brand?post=2934"},{"taxonomy":"product_cat","embeddable":true,"href":"https:\/\/huilicoating.com\/fr\/wp-json\/wp\/v2\/product_cat?post=2934"},{"taxonomy":"product_tag","embeddable":true,"href":"https:\/\/huilicoating.com\/fr\/wp-json\/wp\/v2\/product_tag?post=2934"}],"curies":[{"name":"wp","href":"https:\/\/api.w.org\/{rel}","templated":true}]}}