{"id":2918,"date":"2026-02-06T08:16:31","date_gmt":"2026-02-06T08:16:31","guid":{"rendered":"https:\/\/huilicoating.com\/?post_type=product&#038;p=2918"},"modified":"2026-04-16T07:53:37","modified_gmt":"2026-04-16T07:53:37","slug":"polymer-interpenetrating-network-coating-ipn8710","status":"publish","type":"product","link":"https:\/\/huilicoating.com\/fr\/product\/polymer-interpenetrating-network-coating-ipn8710\/","title":{"rendered":"Rev\u00eatement en r\u00e9seau interpenetrant de polym\u00e8re IPN8710"},"content":{"rendered":"<p class=\"my-2 [&amp;+p]:mt-4 [&amp;_strong:has(+br)]:inline-block [&amp;_strong:has(+br)]:pb-2\"><strong>Overview<\/strong><br \/>\nTwo-component polymer interpenetrating network (IPN) coating system (primer\/topcoat) for long-term anti-corrosion protection on steel and concrete.<span class=\"inline-flex\" aria-label=\"086-IPN8710Gao-Fen-Zi-Hu-Chuan-Wang-Luo-Qi-Di-Mian.doc\" data-state=\"closed\">\u200b<\/span><\/p>\n<p class=\"my-2 [&amp;+p]:mt-4 [&amp;_strong:has(+br)]:inline-block [&amp;_strong:has(+br)]:pb-2\"><strong>Composition<\/strong><br \/>\nAliphatic polyurethane prepolymer and polyethylene, pigments, additives, solvent; supplied as two components for both primer and topcoat.<span class=\"inline-flex\" aria-label=\"086-IPN8710Gao-Fen-Zi-Hu-Chuan-Wang-Luo-Qi-Di-Mian.doc\" data-state=\"closed\">\u200b<\/span><\/p>\n<p class=\"my-2 [&amp;+p]:mt-4 [&amp;_strong:has(+br)]:inline-block [&amp;_strong:has(+br)]:pb-2\"><strong>Typical uses<\/strong><br \/>\nLong-term anti-corrosion decorative coating for internal\/external walls of equipment and facilities in petroleum, chemical, power, metallurgy, transportation, food industries, gas holders, pipelines, and tanks.<span class=\"inline-flex\" aria-label=\"086-IPN8710Gao-Fen-Zi-Hu-Chuan-Wang-Luo-Qi-Di-Mian.doc\" data-state=\"closed\">\u200b<\/span><br \/>\nAlso used for internal\/external anti-corrosion of buried pipelines and cooling tower internal walls.<span class=\"inline-flex\" aria-label=\"086-IPN8710Gao-Fen-Zi-Hu-Chuan-Wang-Luo-Qi-Di-Mian.doc\" data-state=\"closed\">\u200b<\/span><\/p>\n<p class=\"my-2 [&amp;+p]:mt-4 [&amp;_strong:has(+br)]:inline-block [&amp;_strong:has(+br)]:pb-2\"><strong>Technical data (typical)<\/strong><\/p>\n<ul class=\"marker:text-quiet list-disc\">\n<li class=\"py-0 my-0 prose-p:pt-0 prose-p:mb-2 prose-p:my-0 [&amp;&gt;p]:pt-0 [&amp;&gt;p]:mb-2 [&amp;&gt;p]:my-0\">\n<p class=\"my-2 [&amp;+p]:mt-4 [&amp;_strong:has(+br)]:inline-block [&amp;_strong:has(+br)]:pb-2\">Appearance: primer iron red or micaceous iron oxide red; topcoat various colors.<span class=\"inline-flex\" aria-label=\"086-IPN8710Gao-Fen-Zi-Hu-Chuan-Wang-Luo-Qi-Di-Mian.doc\" data-state=\"closed\">\u200b<\/span><\/p>\n<\/li>\n<li class=\"py-0 my-0 prose-p:pt-0 prose-p:mb-2 prose-p:my-0 [&amp;&gt;p]:pt-0 [&amp;&gt;p]:mb-2 [&amp;&gt;p]:my-0\">\n<p class=\"my-2 [&amp;+p]:mt-4 [&amp;_strong:has(+br)]:inline-block [&amp;_strong:has(+br)]:pb-2\">Theoretical consumption: primer 0.16 kg\/m\u00b2 at 50 \u00b5m DFT (loss not included).<span class=\"inline-flex\" aria-label=\"086-IPN8710Gao-Fen-Zi-Hu-Chuan-Wang-Luo-Qi-Di-Mian.doc\" data-state=\"closed\">\u200b<\/span><\/p>\n<\/li>\n<li class=\"py-0 my-0 prose-p:pt-0 prose-p:mb-2 prose-p:my-0 [&amp;&gt;p]:pt-0 [&amp;&gt;p]:mb-2 [&amp;&gt;p]:my-0\">\n<p class=\"my-2 [&amp;+p]:mt-4 [&amp;_strong:has(+br)]:inline-block [&amp;_strong:has(+br)]:pb-2\">Theoretical consumption: topcoat 0.16 kg\/m\u00b2 at 50 \u00b5m DFT (loss not included).<span class=\"inline-flex\" aria-label=\"086-IPN8710Gao-Fen-Zi-Hu-Chuan-Wang-Luo-Qi-Di-Mian.doc\" data-state=\"closed\">\u200b<\/span><\/p>\n<\/li>\n<li class=\"py-0 my-0 prose-p:pt-0 prose-p:mb-2 prose-p:my-0 [&amp;&gt;p]:pt-0 [&amp;&gt;p]:mb-2 [&amp;&gt;p]:my-0\">\n<p class=\"my-2 [&amp;+p]:mt-4 [&amp;_strong:has(+br)]:inline-block [&amp;_strong:has(+br)]:pb-2\">Density: primer 1.38 kg\/L; topcoat 1.25 kg\/L.<span class=\"inline-flex\" aria-label=\"086-IPN8710Gao-Fen-Zi-Hu-Chuan-Wang-Luo-Qi-Di-Mian.doc\" data-state=\"closed\">\u200b<\/span><\/p>\n<\/li>\n<li class=\"py-0 my-0 prose-p:pt-0 prose-p:mb-2 prose-p:my-0 [&amp;&gt;p]:pt-0 [&amp;&gt;p]:mb-2 [&amp;&gt;p]:my-0\">\n<p class=\"my-2 [&amp;+p]:mt-4 [&amp;_strong:has(+br)]:inline-block [&amp;_strong:has(+br)]:pb-2\">Drying time (25\u00b0C): surface dry 2 h; hard dry 24 h; full cure 7 d.<span class=\"inline-flex\" aria-label=\"086-IPN8710Gao-Fen-Zi-Hu-Chuan-Wang-Luo-Qi-Di-Mian.doc\" data-state=\"closed\">\u200b<\/span><\/p>\n<\/li>\n<\/ul>\n<p class=\"my-2 [&amp;+p]:mt-4 [&amp;_strong:has(+br)]:inline-block [&amp;_strong:has(+br)]:pb-2\"><strong>Application data (25\u00b0C)<\/strong><\/p>\n<ul class=\"marker:text-quiet list-disc\">\n<li class=\"py-0 my-0 prose-p:pt-0 prose-p:mb-2 prose-p:my-0 [&amp;&gt;p]:pt-0 [&amp;&gt;p]:mb-2 [&amp;&gt;p]:my-0\">\n<p class=\"my-2 [&amp;+p]:mt-4 [&amp;_strong:has(+br)]:inline-block [&amp;_strong:has(+br)]:pb-2\">Mixing ratio (A:B): 4:1.<span class=\"inline-flex\" aria-label=\"086-IPN8710Gao-Fen-Zi-Hu-Chuan-Wang-Luo-Qi-Di-Mian.doc\" data-state=\"closed\">\u200b<\/span><\/p>\n<\/li>\n<li class=\"py-0 my-0 prose-p:pt-0 prose-p:mb-2 prose-p:my-0 [&amp;&gt;p]:pt-0 [&amp;&gt;p]:mb-2 [&amp;&gt;p]:my-0\">\n<p class=\"my-2 [&amp;+p]:mt-4 [&amp;_strong:has(+br)]:inline-block [&amp;_strong:has(+br)]:pb-2\">Induction time: 5 min.<span class=\"inline-flex\" aria-label=\"086-IPN8710Gao-Fen-Zi-Hu-Chuan-Wang-Luo-Qi-Di-Mian.doc\" data-state=\"closed\">\u200b<\/span><\/p>\n<\/li>\n<li class=\"py-0 my-0 prose-p:pt-0 prose-p:mb-2 prose-p:my-0 [&amp;&gt;p]:pt-0 [&amp;&gt;p]:mb-2 [&amp;&gt;p]:my-0\">\n<p class=\"my-2 [&amp;+p]:mt-4 [&amp;_strong:has(+br)]:inline-block [&amp;_strong:has(+br)]:pb-2\">Pot life: 4 h.<span class=\"inline-flex\" aria-label=\"086-IPN8710Gao-Fen-Zi-Hu-Chuan-Wang-Luo-Qi-Di-Mian.doc\" data-state=\"closed\">\u200b<\/span><\/p>\n<\/li>\n<li class=\"py-0 my-0 prose-p:pt-0 prose-p:mb-2 prose-p:my-0 [&amp;&gt;p]:pt-0 [&amp;&gt;p]:mb-2 [&amp;&gt;p]:my-0\">\n<p class=\"my-2 [&amp;+p]:mt-4 [&amp;_strong:has(+br)]:inline-block [&amp;_strong:has(+br)]:pb-2\">Application methods: airless spray, brush, roller.<span class=\"inline-flex\" aria-label=\"086-IPN8710Gao-Fen-Zi-Hu-Chuan-Wang-Luo-Qi-Di-Mian.doc\" data-state=\"closed\">\u200b<\/span><\/p>\n<\/li>\n<li class=\"py-0 my-0 prose-p:pt-0 prose-p:mb-2 prose-p:my-0 [&amp;&gt;p]:pt-0 [&amp;&gt;p]:mb-2 [&amp;&gt;p]:my-0\">\n<p class=\"my-2 [&amp;+p]:mt-4 [&amp;_strong:has(+br)]:inline-block [&amp;_strong:has(+br)]:pb-2\">Thinner: IPN dedicated thinner, 3\u20138% (more for roller).<span class=\"inline-flex\" aria-label=\"086-IPN8710Gao-Fen-Zi-Hu-Chuan-Wang-Luo-Qi-Di-Mian.doc\" data-state=\"closed\">\u200b<\/span><\/p>\n<\/li>\n<li class=\"py-0 my-0 prose-p:pt-0 prose-p:mb-2 prose-p:my-0 [&amp;&gt;p]:pt-0 [&amp;&gt;p]:mb-2 [&amp;&gt;p]:my-0\">\n<p class=\"my-2 [&amp;+p]:mt-4 [&amp;_strong:has(+br)]:inline-block [&amp;_strong:has(+br)]:pb-2\">Recoat interval: min 12 h; max 7 d.<span class=\"inline-flex\" aria-label=\"086-IPN8710Gao-Fen-Zi-Hu-Chuan-Wang-Luo-Qi-Di-Mian.doc\" data-state=\"closed\">\u200b<\/span><\/p>\n<\/li>\n<li class=\"py-0 my-0 prose-p:pt-0 prose-p:mb-2 prose-p:my-0 [&amp;&gt;p]:pt-0 [&amp;&gt;p]:mb-2 [&amp;&gt;p]:my-0\">\n<p class=\"my-2 [&amp;+p]:mt-4 [&amp;_strong:has(+br)]:inline-block [&amp;_strong:has(+br)]:pb-2\">Recommended DFT per coat: 60\u201380 \u00b5m (brush\/roller 30\u201340 \u00b5m).<span class=\"inline-flex\" aria-label=\"086-IPN8710Gao-Fen-Zi-Hu-Chuan-Wang-Luo-Qi-Di-Mian.doc\" data-state=\"closed\">\u200b<\/span><\/p>\n<\/li>\n<li class=\"py-0 my-0 prose-p:pt-0 prose-p:mb-2 prose-p:my-0 [&amp;&gt;p]:pt-0 [&amp;&gt;p]:mb-2 [&amp;&gt;p]:my-0\">\n<p class=\"my-2 [&amp;+p]:mt-4 [&amp;_strong:has(+br)]:inline-block [&amp;_strong:has(+br)]:pb-2\">System: IPN primer + IPN intermediate coating + IPN topcoat.<span class=\"inline-flex\" aria-label=\"086-IPN8710Gao-Fen-Zi-Hu-Chuan-Wang-Luo-Qi-Di-Mian.doc\" data-state=\"closed\">\u200b<\/span><\/p>\n<\/li>\n<\/ul>\n<p class=\"my-2 [&amp;+p]:mt-4 [&amp;_strong:has(+br)]:inline-block [&amp;_strong:has(+br)]:pb-2\"><strong>Surface preparation<\/strong><br \/>\nSteel: blast to Sa 2.5 or power-tool clean to St 3; surface profile 30\u201375 \u00b5m.<span class=\"inline-flex\" aria-label=\"086-IPN8710Gao-Fen-Zi-Hu-Chuan-Wang-Luo-Qi-Di-Mian.doc\" data-state=\"closed\">\u200b<\/span><\/p>\n<p class=\"my-2 [&amp;+p]:mt-4 [&amp;_strong:has(+br)]:inline-block [&amp;_strong:has(+br)]:pb-2\"><strong>System compatibility \/ packing \/ storage<\/strong><\/p>\n<ul class=\"marker:text-quiet list-disc\">\n<li class=\"py-0 my-0 prose-p:pt-0 prose-p:mb-2 prose-p:my-0 [&amp;&gt;p]:pt-0 [&amp;&gt;p]:mb-2 [&amp;&gt;p]:my-0\">\n<p class=\"my-2 [&amp;+p]:mt-4 [&amp;_strong:has(+br)]:inline-block [&amp;_strong:has(+br)]:pb-2\">System compatibility: polymer interpenetrating network primer + intermediate coating + topcoat.<span class=\"inline-flex\" aria-label=\"086-IPN8710Gao-Fen-Zi-Hu-Chuan-Wang-Luo-Qi-Di-Mian.doc\" data-state=\"closed\">\u200b<\/span><\/p>\n<\/li>\n<li class=\"py-0 my-0 prose-p:pt-0 prose-p:mb-2 prose-p:my-0 [&amp;&gt;p]:pt-0 [&amp;&gt;p]:mb-2 [&amp;&gt;p]:my-0\">\n<p class=\"my-2 [&amp;+p]:mt-4 [&amp;_strong:has(+br)]:inline-block [&amp;_strong:has(+br)]:pb-2\">Packing: Part A 20 kg; Part B 5 kg.<span class=\"inline-flex\" aria-label=\"086-IPN8710Gao-Fen-Zi-Hu-Chuan-Wang-Luo-Qi-Di-Mian.doc\" data-state=\"closed\">\u200b<\/span><\/p>\n<\/li>\n<li class=\"py-0 my-0 prose-p:pt-0 prose-p:mb-2 prose-p:my-0 [&amp;&gt;p]:pt-0 [&amp;&gt;p]:mb-2 [&amp;&gt;p]:my-0\">\n<p class=\"my-2 [&amp;+p]:mt-4 [&amp;_strong:has(+br)]:inline-block [&amp;_strong:has(+br)]:pb-2\">Storage: dry, cool, ventilated; away from fire; avoid strong sunlight; no outdoor storage.<span class=\"inline-flex\" aria-label=\"086-IPN8710Gao-Fen-Zi-Hu-Chuan-Wang-Luo-Qi-Di-Mian.doc\" data-state=\"closed\">\u200b<\/span><\/p>\n<\/li>\n<li class=\"py-0 my-0 prose-p:pt-0 prose-p:mb-2 prose-p:my-0 [&amp;&gt;p]:pt-0 [&amp;&gt;p]:mb-2 [&amp;&gt;p]:my-0\">\n<p class=\"my-2 [&amp;+p]:mt-4 [&amp;_strong:has(+br)]:inline-block [&amp;_strong:has(+br)]:pb-2\">Shelf life: 12 months.<\/p>\n<\/li>\n<\/ul>\n","protected":false},"excerpt":{"rendered":"<p class=\"my-2 [&amp;+p]:mt-4 [&amp;_strong:has(+br)]:inline-block [&amp;_strong:has(+br)]:pb-2\">2K IPN interpenetrating network anti-corrosive coating with abrasion resistance, seawater resistance and a service range of -20\u2013120\u00b0C for tanks, pipelines and steel structures. Suited for cooling tower interiors and buried pipelines. 35\u00b5m DFT per coat.<\/p>\n","protected":false},"featured_media":2223,"comment_status":"open","ping_status":"closed","template":"","meta":{"_acf_changed":false},"acf-product-category":[],"product_brand":[],"product_cat":[17,92],"product_tag":[],"class_list":{"0":"post-2918","1":"product","2":"type-product","3":"status-publish","4":"has-post-thumbnail","6":"product_cat-product-overview","7":"product_cat-specialty-industrial-coatings","9":"first","10":"instock","11":"shipping-taxable","12":"product-type-simple"},"acf":[],"_links":{"self":[{"href":"https:\/\/huilicoating.com\/fr\/wp-json\/wp\/v2\/product\/2918","targetHints":{"allow":["GET"]}}],"collection":[{"href":"https:\/\/huilicoating.com\/fr\/wp-json\/wp\/v2\/product"}],"about":[{"href":"https:\/\/huilicoating.com\/fr\/wp-json\/wp\/v2\/types\/product"}],"replies":[{"embeddable":true,"href":"https:\/\/huilicoating.com\/fr\/wp-json\/wp\/v2\/comments?post=2918"}],"version-history":[{"count":1,"href":"https:\/\/huilicoating.com\/fr\/wp-json\/wp\/v2\/product\/2918\/revisions"}],"predecessor-version":[{"id":4271,"href":"https:\/\/huilicoating.com\/fr\/wp-json\/wp\/v2\/product\/2918\/revisions\/4271"}],"wp:featuredmedia":[{"embeddable":true,"href":"https:\/\/huilicoating.com\/fr\/wp-json\/wp\/v2\/media\/2223"}],"wp:attachment":[{"href":"https:\/\/huilicoating.com\/fr\/wp-json\/wp\/v2\/media?parent=2918"}],"wp:term":[{"taxonomy":"acf-product-category","embeddable":true,"href":"https:\/\/huilicoating.com\/fr\/wp-json\/wp\/v2\/acf-product-category?post=2918"},{"taxonomy":"product_brand","embeddable":true,"href":"https:\/\/huilicoating.com\/fr\/wp-json\/wp\/v2\/product_brand?post=2918"},{"taxonomy":"product_cat","embeddable":true,"href":"https:\/\/huilicoating.com\/fr\/wp-json\/wp\/v2\/product_cat?post=2918"},{"taxonomy":"product_tag","embeddable":true,"href":"https:\/\/huilicoating.com\/fr\/wp-json\/wp\/v2\/product_tag?post=2918"}],"curies":[{"name":"wp","href":"https:\/\/api.w.org\/{rel}","templated":true}]}}