{"id":2908,"date":"2026-02-06T08:06:40","date_gmt":"2026-02-06T08:06:40","guid":{"rendered":"https:\/\/huilicoating.com\/?post_type=product&#038;p=2908"},"modified":"2026-04-16T07:42:21","modified_gmt":"2026-04-16T07:42:21","slug":"non-carbon-conductive-anti-static-coating-plt-1","status":"publish","type":"product","link":"https:\/\/huilicoating.com\/fr\/product\/non-carbon-conductive-anti-static-coating-plt-1\/","title":{"rendered":"Rev\u00eatement anti-statique \u00e9poxy modifi\u00e9 phenolique 2K non conducteur PLT-1"},"content":{"rendered":"<p class=\"my-2 [&amp;+p]:mt-4 [&amp;_strong:has(+br)]:inline-block [&amp;_strong:has(+br)]:pb-2\"><strong>Overview<\/strong><br \/>\nTwo-component modified epoxy phenolic non-carbon conductive anti-static coating for internal linings of flammable liquid storage\/transfer facilities.<span class=\"inline-flex\" aria-label=\"082-PLT-1Gai-Xing-Fen-Quan-Huan-Yang-Fei-Tan-Xi-Dao-Jing-Dian-Qi.doc\" data-state=\"closed\">\u200b<\/span><\/p>\n<p class=\"my-2 [&amp;+p]:mt-4 [&amp;_strong:has(+br)]:inline-block [&amp;_strong:has(+br)]:pb-2\"><strong>Composition<\/strong><br \/>\nSpecial epoxy phenolic resin, conductive pigments, conductivity enhancer, solvent, amine curing agent; supplied as Part A &amp; Part B.<span class=\"inline-flex\" aria-label=\"082-PLT-1Gai-Xing-Fen-Quan-Huan-Yang-Fei-Tan-Xi-Dao-Jing-Dian-Qi.doc\" data-state=\"closed\">\u200b<\/span><\/p>\n<p class=\"my-2 [&amp;+p]:mt-4 [&amp;_strong:has(+br)]:inline-block [&amp;_strong:has(+br)]:pb-2\"><strong>Typical uses<\/strong><br \/>\nFor coating of facilities requiring static dissipation for flammable liquid storage and transfer.<span class=\"inline-flex\" aria-label=\"082-PLT-1Gai-Xing-Fen-Quan-Huan-Yang-Fei-Tan-Xi-Dao-Jing-Dian-Qi.doc\" data-state=\"closed\">\u200b<\/span><br \/>\nFor internal linings of petroleum product storage tanks and pipelines as a long-term conductive anti-corrosion coating, especially for methanol and ethanol tank internal walls.<span class=\"inline-flex\" aria-label=\"082-PLT-1Gai-Xing-Fen-Quan-Huan-Yang-Fei-Tan-Xi-Dao-Jing-Dian-Qi.doc\" data-state=\"closed\">\u200b<\/span><\/p>\n<p class=\"my-2 [&amp;+p]:mt-4 [&amp;_strong:has(+br)]:inline-block [&amp;_strong:has(+br)]:pb-2\"><strong>Technical data (typical)<\/strong><\/p>\n<ul class=\"marker:text-quiet list-disc\">\n<li class=\"py-0 my-0 prose-p:pt-0 prose-p:mb-2 prose-p:my-0 [&amp;&gt;p]:pt-0 [&amp;&gt;p]:mb-2 [&amp;&gt;p]:my-0\">\n<p class=\"my-2 [&amp;+p]:mt-4 [&amp;_strong:has(+br)]:inline-block [&amp;_strong:has(+br)]:pb-2\">Appearance: grey, light grey.<span class=\"inline-flex\" aria-label=\"082-PLT-1Gai-Xing-Fen-Quan-Huan-Yang-Fei-Tan-Xi-Dao-Jing-Dian-Qi.doc\" data-state=\"closed\">\u200b<\/span><\/p>\n<\/li>\n<li class=\"py-0 my-0 prose-p:pt-0 prose-p:mb-2 prose-p:my-0 [&amp;&gt;p]:pt-0 [&amp;&gt;p]:mb-2 [&amp;&gt;p]:my-0\">\n<p class=\"my-2 [&amp;+p]:mt-4 [&amp;_strong:has(+br)]:inline-block [&amp;_strong:has(+br)]:pb-2\">Theoretical consumption: 0.19 kg\/m\u00b2 at 80 \u00b5m DFT (loss not included).<span class=\"inline-flex\" aria-label=\"082-PLT-1Gai-Xing-Fen-Quan-Huan-Yang-Fei-Tan-Xi-Dao-Jing-Dian-Qi.doc\" data-state=\"closed\">\u200b<\/span><\/p>\n<\/li>\n<li class=\"py-0 my-0 prose-p:pt-0 prose-p:mb-2 prose-p:my-0 [&amp;&gt;p]:pt-0 [&amp;&gt;p]:mb-2 [&amp;&gt;p]:my-0\">\n<p class=\"my-2 [&amp;+p]:mt-4 [&amp;_strong:has(+br)]:inline-block [&amp;_strong:has(+br)]:pb-2\">Density: 1.33 kg\/L.<span class=\"inline-flex\" aria-label=\"082-PLT-1Gai-Xing-Fen-Quan-Huan-Yang-Fei-Tan-Xi-Dao-Jing-Dian-Qi.doc\" data-state=\"closed\">\u200b<\/span><\/p>\n<\/li>\n<li class=\"py-0 my-0 prose-p:pt-0 prose-p:mb-2 prose-p:my-0 [&amp;&gt;p]:pt-0 [&amp;&gt;p]:mb-2 [&amp;&gt;p]:my-0\">\n<p class=\"my-2 [&amp;+p]:mt-4 [&amp;_strong:has(+br)]:inline-block [&amp;_strong:has(+br)]:pb-2\">Drying time (25\u00b0C): surface dry 2 h; hard dry 24 h; full cure 7 d.<span class=\"inline-flex\" aria-label=\"082-PLT-1Gai-Xing-Fen-Quan-Huan-Yang-Fei-Tan-Xi-Dao-Jing-Dian-Qi.doc\" data-state=\"closed\">\u200b<\/span><\/p>\n<\/li>\n<\/ul>\n<p class=\"my-2 [&amp;+p]:mt-4 [&amp;_strong:has(+br)]:inline-block [&amp;_strong:has(+br)]:pb-2\"><strong>Application data (25\u00b0C)<\/strong><\/p>\n<ul class=\"marker:text-quiet list-disc\">\n<li class=\"py-0 my-0 prose-p:pt-0 prose-p:mb-2 prose-p:my-0 [&amp;&gt;p]:pt-0 [&amp;&gt;p]:mb-2 [&amp;&gt;p]:my-0\">\n<p class=\"my-2 [&amp;+p]:mt-4 [&amp;_strong:has(+br)]:inline-block [&amp;_strong:has(+br)]:pb-2\">Mixing ratio (A:B): 20:3.<span class=\"inline-flex\" aria-label=\"082-PLT-1Gai-Xing-Fen-Quan-Huan-Yang-Fei-Tan-Xi-Dao-Jing-Dian-Qi.doc\" data-state=\"closed\">\u200b<\/span><\/p>\n<\/li>\n<li class=\"py-0 my-0 prose-p:pt-0 prose-p:mb-2 prose-p:my-0 [&amp;&gt;p]:pt-0 [&amp;&gt;p]:mb-2 [&amp;&gt;p]:my-0\">\n<p class=\"my-2 [&amp;+p]:mt-4 [&amp;_strong:has(+br)]:inline-block [&amp;_strong:has(+br)]:pb-2\">Induction time: 5 min.<span class=\"inline-flex\" aria-label=\"082-PLT-1Gai-Xing-Fen-Quan-Huan-Yang-Fei-Tan-Xi-Dao-Jing-Dian-Qi.doc\" data-state=\"closed\">\u200b<\/span><\/p>\n<\/li>\n<li class=\"py-0 my-0 prose-p:pt-0 prose-p:mb-2 prose-p:my-0 [&amp;&gt;p]:pt-0 [&amp;&gt;p]:mb-2 [&amp;&gt;p]:my-0\">\n<p class=\"my-2 [&amp;+p]:mt-4 [&amp;_strong:has(+br)]:inline-block [&amp;_strong:has(+br)]:pb-2\">Pot life: 45 min.<span class=\"inline-flex\" aria-label=\"082-PLT-1Gai-Xing-Fen-Quan-Huan-Yang-Fei-Tan-Xi-Dao-Jing-Dian-Qi.doc\" data-state=\"closed\">\u200b<\/span><\/p>\n<\/li>\n<li class=\"py-0 my-0 prose-p:pt-0 prose-p:mb-2 prose-p:my-0 [&amp;&gt;p]:pt-0 [&amp;&gt;p]:mb-2 [&amp;&gt;p]:my-0\">\n<p class=\"my-2 [&amp;+p]:mt-4 [&amp;_strong:has(+br)]:inline-block [&amp;_strong:has(+br)]:pb-2\">Application methods: airless spray, brush, roller.<span class=\"inline-flex\" aria-label=\"082-PLT-1Gai-Xing-Fen-Quan-Huan-Yang-Fei-Tan-Xi-Dao-Jing-Dian-Qi.doc\" data-state=\"closed\">\u200b<\/span><\/p>\n<\/li>\n<li class=\"py-0 my-0 prose-p:pt-0 prose-p:mb-2 prose-p:my-0 [&amp;&gt;p]:pt-0 [&amp;&gt;p]:mb-2 [&amp;&gt;p]:my-0\">\n<p class=\"my-2 [&amp;+p]:mt-4 [&amp;_strong:has(+br)]:inline-block [&amp;_strong:has(+br)]:pb-2\">Thinner: dedicated thinner, 3\u20137%.<span class=\"inline-flex\" aria-label=\"082-PLT-1Gai-Xing-Fen-Quan-Huan-Yang-Fei-Tan-Xi-Dao-Jing-Dian-Qi.doc\" data-state=\"closed\">\u200b<\/span><\/p>\n<\/li>\n<li class=\"py-0 my-0 prose-p:pt-0 prose-p:mb-2 prose-p:my-0 [&amp;&gt;p]:pt-0 [&amp;&gt;p]:mb-2 [&amp;&gt;p]:my-0\">\n<p class=\"my-2 [&amp;+p]:mt-4 [&amp;_strong:has(+br)]:inline-block [&amp;_strong:has(+br)]:pb-2\">Recoat interval: min 24 h; max 7 d.<span class=\"inline-flex\" aria-label=\"082-PLT-1Gai-Xing-Fen-Quan-Huan-Yang-Fei-Tan-Xi-Dao-Jing-Dian-Qi.doc\" data-state=\"closed\">\u200b<\/span><\/p>\n<\/li>\n<li class=\"py-0 my-0 prose-p:pt-0 prose-p:mb-2 prose-p:my-0 [&amp;&gt;p]:pt-0 [&amp;&gt;p]:mb-2 [&amp;&gt;p]:my-0\">\n<p class=\"my-2 [&amp;+p]:mt-4 [&amp;_strong:has(+br)]:inline-block [&amp;_strong:has(+br)]:pb-2\">Recommended DFT per coat: 50\u201380 \u00b5m (brush\/roller 30\u201350 \u00b5m).<span class=\"inline-flex\" aria-label=\"082-PLT-1Gai-Xing-Fen-Quan-Huan-Yang-Fei-Tan-Xi-Dao-Jing-Dian-Qi.doc\" data-state=\"closed\">\u200b<\/span><\/p>\n<\/li>\n<\/ul>\n<p class=\"my-2 [&amp;+p]:mt-4 [&amp;_strong:has(+br)]:inline-block [&amp;_strong:has(+br)]:pb-2\"><strong>Surface preparation<\/strong><br \/>\nSteel: blast to Sa 2.5 or power-tool clean to St 3; surface profile 30\u201375 \u00b5m.<span class=\"inline-flex\" aria-label=\"082-PLT-1Gai-Xing-Fen-Quan-Huan-Yang-Fei-Tan-Xi-Dao-Jing-Dian-Qi.doc\" data-state=\"closed\">\u200b<\/span><\/p>\n<p class=\"my-2 [&amp;+p]:mt-4 [&amp;_strong:has(+br)]:inline-block [&amp;_strong:has(+br)]:pb-2\"><strong>System compatibility \/ packing \/ storage<\/strong><\/p>\n<ul class=\"marker:text-quiet list-disc\">\n<li class=\"py-0 my-0 prose-p:pt-0 prose-p:mb-2 prose-p:my-0 [&amp;&gt;p]:pt-0 [&amp;&gt;p]:mb-2 [&amp;&gt;p]:my-0\">\n<p class=\"my-2 [&amp;+p]:mt-4 [&amp;_strong:has(+br)]:inline-block [&amp;_strong:has(+br)]:pb-2\">Packing: Part A 20 kg; Part B 3 kg.<span class=\"inline-flex\" aria-label=\"082-PLT-1Gai-Xing-Fen-Quan-Huan-Yang-Fei-Tan-Xi-Dao-Jing-Dian-Qi.doc\" data-state=\"closed\">\u200b<\/span><\/p>\n<\/li>\n<li class=\"py-0 my-0 prose-p:pt-0 prose-p:mb-2 prose-p:my-0 [&amp;&gt;p]:pt-0 [&amp;&gt;p]:mb-2 [&amp;&gt;p]:my-0\">\n<p class=\"my-2 [&amp;+p]:mt-4 [&amp;_strong:has(+br)]:inline-block [&amp;_strong:has(+br)]:pb-2\">Storage: dry, cool, ventilated; away from fire; avoid strong sunlight; no outdoor storage.<span class=\"inline-flex\" aria-label=\"082-PLT-1Gai-Xing-Fen-Quan-Huan-Yang-Fei-Tan-Xi-Dao-Jing-Dian-Qi.doc\" data-state=\"closed\">\u200b<\/span><\/p>\n<\/li>\n<li class=\"py-0 my-0 prose-p:pt-0 prose-p:mb-2 prose-p:my-0 [&amp;&gt;p]:pt-0 [&amp;&gt;p]:mb-2 [&amp;&gt;p]:my-0\">\n<p class=\"my-2 [&amp;+p]:mt-4 [&amp;_strong:has(+br)]:inline-block [&amp;_strong:has(+br)]:pb-2\">Shelf life: 12 months.<\/p>\n<\/li>\n<\/ul>\n","protected":false},"excerpt":{"rendered":"<p class=\"my-2 [&amp;+p]:mt-4 [&amp;_strong:has(+br)]:inline-block [&amp;_strong:has(+br)]:pb-2\">2K methanol-resistant anti-static coating with excellent solvent resistance and electrical conductivity for methanol, ethanol and petroleum product storage tanks. Suited for fuel storage and pipeline interiors. Sa2.5 prep, 200\u00b5m+ total DFT.<\/p>\n","protected":false},"featured_media":2221,"comment_status":"open","ping_status":"closed","template":"","meta":{"_acf_changed":false},"acf-product-category":[],"product_brand":[],"product_cat":[17,91],"product_tag":[],"class_list":{"0":"post-2908","1":"product","2":"type-product","3":"status-publish","4":"has-post-thumbnail","6":"product_cat-product-overview","7":"product_cat-tank-coatings","9":"first","10":"instock","11":"shipping-taxable","12":"product-type-simple"},"acf":[],"_links":{"self":[{"href":"https:\/\/huilicoating.com\/fr\/wp-json\/wp\/v2\/product\/2908","targetHints":{"allow":["GET"]}}],"collection":[{"href":"https:\/\/huilicoating.com\/fr\/wp-json\/wp\/v2\/product"}],"about":[{"href":"https:\/\/huilicoating.com\/fr\/wp-json\/wp\/v2\/types\/product"}],"replies":[{"embeddable":true,"href":"https:\/\/huilicoating.com\/fr\/wp-json\/wp\/v2\/comments?post=2908"}],"version-history":[{"count":1,"href":"https:\/\/huilicoating.com\/fr\/wp-json\/wp\/v2\/product\/2908\/revisions"}],"predecessor-version":[{"id":4257,"href":"https:\/\/huilicoating.com\/fr\/wp-json\/wp\/v2\/product\/2908\/revisions\/4257"}],"wp:featuredmedia":[{"embeddable":true,"href":"https:\/\/huilicoating.com\/fr\/wp-json\/wp\/v2\/media\/2221"}],"wp:attachment":[{"href":"https:\/\/huilicoating.com\/fr\/wp-json\/wp\/v2\/media?parent=2908"}],"wp:term":[{"taxonomy":"acf-product-category","embeddable":true,"href":"https:\/\/huilicoating.com\/fr\/wp-json\/wp\/v2\/acf-product-category?post=2908"},{"taxonomy":"product_brand","embeddable":true,"href":"https:\/\/huilicoating.com\/fr\/wp-json\/wp\/v2\/product_brand?post=2908"},{"taxonomy":"product_cat","embeddable":true,"href":"https:\/\/huilicoating.com\/fr\/wp-json\/wp\/v2\/product_cat?post=2908"},{"taxonomy":"product_tag","embeddable":true,"href":"https:\/\/huilicoating.com\/fr\/wp-json\/wp\/v2\/product_tag?post=2908"}],"curies":[{"name":"wp","href":"https:\/\/api.w.org\/{rel}","templated":true}]}}