{"id":2443,"date":"2026-01-17T08:46:12","date_gmt":"2026-01-17T08:46:12","guid":{"rendered":"https:\/\/huilicoating.com\/?post_type=product&#038;p=2443"},"modified":"2026-04-16T07:13:52","modified_gmt":"2026-04-16T07:13:52","slug":"chlorosulfonated-polyethylene-cooling-tower-coating-j55-4","status":"publish","type":"product","link":"https:\/\/huilicoating.com\/fr\/product\/chlorosulfonated-polyethylene-cooling-tower-coating-j55-4\/","title":{"rendered":"J55-4 Peinture anti-corrosion et anti-humidit\u00e9 d\u00e9di\u00e9e pour tours de refroidissement en poly\u00e9thyl\u00e8ne chlorosulfon\u00e9"},"content":{"rendered":"<p class=\"my-2 [&amp;+p]:mt-4 [&amp;_strong:has(+br)]:inline-block [&amp;_strong:has(+br)]:pb-2\"><strong>Overview<\/strong><br \/>\nSingle-component chlorosulfonated polyethylene cooling tower dedicated anti-corrosion and damp-proof coating system for inner wall protection.<span class=\"inline-flex\" aria-label=\"064-J55-4Lu-Huang-Hua-Ju-Yi-Xi-Leng-Que-Ta-Zhuan-Yong-Fang-Fu-Fang-Chao-Qi-Di-Mian-Shuang-Zu-Fen.doc\" data-state=\"closed\">\u200b<\/span><br \/>\nProvides resistance to chemical corrosion, freeze-thaw, damp heat, cold, and mildew; fast drying and suitable for low-temperature application.<span class=\"inline-flex\" aria-label=\"064-J55-4Lu-Huang-Hua-Ju-Yi-Xi-Leng-Que-Ta-Zhuan-Yong-Fang-Fu-Fang-Chao-Qi-Di-Mian-Shuang-Zu-Fen.doc\" data-state=\"closed\">\u200b<\/span><\/p>\n<p class=\"my-2 [&amp;+p]:mt-4 [&amp;_strong:has(+br)]:inline-block [&amp;_strong:has(+br)]:pb-2\"><strong>Composition<\/strong><br \/>\nFormulated with chlorosulfonated polyethylene resin, modified resin, pigments, damp-proof agent, vulcanization accelerator, and organic solvents.<span class=\"inline-flex\" aria-label=\"064-J55-4Lu-Huang-Hua-Ju-Yi-Xi-Leng-Que-Ta-Zhuan-Yong-Fang-Fu-Fang-Chao-Qi-Di-Mian-Shuang-Zu-Fen.doc\" data-state=\"closed\">\u200b<\/span><\/p>\n<p class=\"my-2 [&amp;+p]:mt-4 [&amp;_strong:has(+br)]:inline-block [&amp;_strong:has(+br)]:pb-2\"><strong>Typical uses<\/strong><br \/>\nCooling tower inner wall protection.<span class=\"inline-flex\" aria-label=\"064-J55-4Lu-Huang-Hua-Ju-Yi-Xi-Leng-Que-Ta-Zhuan-Yong-Fang-Fu-Fang-Chao-Qi-Di-Mian-Shuang-Zu-Fen.doc\" data-state=\"closed\">\u200b<\/span><\/p>\n<p class=\"my-2 [&amp;+p]:mt-4 [&amp;_strong:has(+br)]:inline-block [&amp;_strong:has(+br)]:pb-2\"><strong>Technical data (typical)<\/strong><\/p>\n<ul class=\"marker:text-quiet list-disc\">\n<li class=\"py-0 my-0 prose-p:pt-0 prose-p:mb-2 prose-p:my-0 [&amp;&gt;p]:pt-0 [&amp;&gt;p]:mb-2 [&amp;&gt;p]:my-0\">\n<p class=\"my-2 [&amp;+p]:mt-4 [&amp;_strong:has(+br)]:inline-block [&amp;_strong:has(+br)]:pb-2\">Appearance: Primer\u2014red-brown; topcoat\u2014various colors.<span class=\"inline-flex\" aria-label=\"064-J55-4Lu-Huang-Hua-Ju-Yi-Xi-Leng-Que-Ta-Zhuan-Yong-Fang-Fu-Fang-Chao-Qi-Di-Mian-Shuang-Zu-Fen.doc\" data-state=\"closed\">\u200b<\/span><\/p>\n<\/li>\n<li class=\"py-0 my-0 prose-p:pt-0 prose-p:mb-2 prose-p:my-0 [&amp;&gt;p]:pt-0 [&amp;&gt;p]:mb-2 [&amp;&gt;p]:my-0\">\n<p class=\"my-2 [&amp;+p]:mt-4 [&amp;_strong:has(+br)]:inline-block [&amp;_strong:has(+br)]:pb-2\">Theoretical consumption: Primer 0.12 kg\/m\u00b2 at 35 \u03bcm DFT; topcoat 0.12 kg\/m\u00b2 at 30 \u03bcm DFT (excluding loss).<span class=\"inline-flex\" aria-label=\"064-J55-4Lu-Huang-Hua-Ju-Yi-Xi-Leng-Que-Ta-Zhuan-Yong-Fang-Fu-Fang-Chao-Qi-Di-Mian-Shuang-Zu-Fen.doc\" data-state=\"closed\">\u200b<\/span><\/p>\n<\/li>\n<li class=\"py-0 my-0 prose-p:pt-0 prose-p:mb-2 prose-p:my-0 [&amp;&gt;p]:pt-0 [&amp;&gt;p]:mb-2 [&amp;&gt;p]:my-0\">\n<p class=\"my-2 [&amp;+p]:mt-4 [&amp;_strong:has(+br)]:inline-block [&amp;_strong:has(+br)]:pb-2\">Density: Primer 1.4 kg\/L; topcoat 1.2 kg\/L.<span class=\"inline-flex\" aria-label=\"064-J55-4Lu-Huang-Hua-Ju-Yi-Xi-Leng-Que-Ta-Zhuan-Yong-Fang-Fu-Fang-Chao-Qi-Di-Mian-Shuang-Zu-Fen.doc\" data-state=\"closed\">\u200b<\/span><\/p>\n<\/li>\n<li class=\"py-0 my-0 prose-p:pt-0 prose-p:mb-2 prose-p:my-0 [&amp;&gt;p]:pt-0 [&amp;&gt;p]:mb-2 [&amp;&gt;p]:my-0\">\n<p class=\"my-2 [&amp;+p]:mt-4 [&amp;_strong:has(+br)]:inline-block [&amp;_strong:has(+br)]:pb-2\">Drying time (25\u00b0C): Surface dry 1 h; hard dry 24 h.<span class=\"inline-flex\" aria-label=\"064-J55-4Lu-Huang-Hua-Ju-Yi-Xi-Leng-Que-Ta-Zhuan-Yong-Fang-Fu-Fang-Chao-Qi-Di-Mian-Shuang-Zu-Fen.doc\" data-state=\"closed\">\u200b<\/span><\/p>\n<\/li>\n<\/ul>\n<p class=\"my-2 [&amp;+p]:mt-4 [&amp;_strong:has(+br)]:inline-block [&amp;_strong:has(+br)]:pb-2\"><strong>Application data (25\u00b0C)<\/strong><\/p>\n<ul class=\"marker:text-quiet list-disc\">\n<li class=\"py-0 my-0 prose-p:pt-0 prose-p:mb-2 prose-p:my-0 [&amp;&gt;p]:pt-0 [&amp;&gt;p]:mb-2 [&amp;&gt;p]:my-0\">\n<p class=\"my-2 [&amp;+p]:mt-4 [&amp;_strong:has(+br)]:inline-block [&amp;_strong:has(+br)]:pb-2\">Mixing: Single-component.<span class=\"inline-flex\" aria-label=\"064-J55-4Lu-Huang-Hua-Ju-Yi-Xi-Leng-Que-Ta-Zhuan-Yong-Fang-Fu-Fang-Chao-Qi-Di-Mian-Shuang-Zu-Fen.doc\" data-state=\"closed\">\u200b<\/span><\/p>\n<\/li>\n<li class=\"py-0 my-0 prose-p:pt-0 prose-p:mb-2 prose-p:my-0 [&amp;&gt;p]:pt-0 [&amp;&gt;p]:mb-2 [&amp;&gt;p]:my-0\">\n<p class=\"my-2 [&amp;+p]:mt-4 [&amp;_strong:has(+br)]:inline-block [&amp;_strong:has(+br)]:pb-2\">Induction time: None.<span class=\"inline-flex\" aria-label=\"064-J55-4Lu-Huang-Hua-Ju-Yi-Xi-Leng-Que-Ta-Zhuan-Yong-Fang-Fu-Fang-Chao-Qi-Di-Mian-Shuang-Zu-Fen.doc\" data-state=\"closed\">\u200b<\/span><\/p>\n<\/li>\n<li class=\"py-0 my-0 prose-p:pt-0 prose-p:mb-2 prose-p:my-0 [&amp;&gt;p]:pt-0 [&amp;&gt;p]:mb-2 [&amp;&gt;p]:my-0\">\n<p class=\"my-2 [&amp;+p]:mt-4 [&amp;_strong:has(+br)]:inline-block [&amp;_strong:has(+br)]:pb-2\">Pot life: Unlimited.<span class=\"inline-flex\" aria-label=\"064-J55-4Lu-Huang-Hua-Ju-Yi-Xi-Leng-Que-Ta-Zhuan-Yong-Fang-Fu-Fang-Chao-Qi-Di-Mian-Shuang-Zu-Fen.doc\" data-state=\"closed\">\u200b<\/span><\/p>\n<\/li>\n<li class=\"py-0 my-0 prose-p:pt-0 prose-p:mb-2 prose-p:my-0 [&amp;&gt;p]:pt-0 [&amp;&gt;p]:mb-2 [&amp;&gt;p]:my-0\">\n<p class=\"my-2 [&amp;+p]:mt-4 [&amp;_strong:has(+br)]:inline-block [&amp;_strong:has(+br)]:pb-2\">Application methods: Airless spray, brush, roller.<span class=\"inline-flex\" aria-label=\"064-J55-4Lu-Huang-Hua-Ju-Yi-Xi-Leng-Que-Ta-Zhuan-Yong-Fang-Fu-Fang-Chao-Qi-Di-Mian-Shuang-Zu-Fen.doc\" data-state=\"closed\">\u200b<\/span><\/p>\n<\/li>\n<li class=\"py-0 my-0 prose-p:pt-0 prose-p:mb-2 prose-p:my-0 [&amp;&gt;p]:pt-0 [&amp;&gt;p]:mb-2 [&amp;&gt;p]:my-0\">\n<p class=\"my-2 [&amp;+p]:mt-4 [&amp;_strong:has(+br)]:inline-block [&amp;_strong:has(+br)]:pb-2\">Thinner: X-1 chlorosulfonated polyethylene thinner; dilution 3\u20137%.<span class=\"inline-flex\" aria-label=\"064-J55-4Lu-Huang-Hua-Ju-Yi-Xi-Leng-Que-Ta-Zhuan-Yong-Fang-Fu-Fang-Chao-Qi-Di-Mian-Shuang-Zu-Fen.doc\" data-state=\"closed\">\u200b<\/span><\/p>\n<\/li>\n<li class=\"py-0 my-0 prose-p:pt-0 prose-p:mb-2 prose-p:my-0 [&amp;&gt;p]:pt-0 [&amp;&gt;p]:mb-2 [&amp;&gt;p]:my-0\">\n<p class=\"my-2 [&amp;+p]:mt-4 [&amp;_strong:has(+br)]:inline-block [&amp;_strong:has(+br)]:pb-2\">Recoat interval (25\u00b0C): Min 12 h; max unlimited.<span class=\"inline-flex\" aria-label=\"064-J55-4Lu-Huang-Hua-Ju-Yi-Xi-Leng-Que-Ta-Zhuan-Yong-Fang-Fu-Fang-Chao-Qi-Di-Mian-Shuang-Zu-Fen.doc\" data-state=\"closed\">\u200b<\/span><\/p>\n<\/li>\n<li class=\"py-0 my-0 prose-p:pt-0 prose-p:mb-2 prose-p:my-0 [&amp;&gt;p]:pt-0 [&amp;&gt;p]:mb-2 [&amp;&gt;p]:my-0\">\n<p class=\"my-2 [&amp;+p]:mt-4 [&amp;_strong:has(+br)]:inline-block [&amp;_strong:has(+br)]:pb-2\">Recommended coats \/ DFT: 1 coat 40\u201360 \u03bcm; brush\/roller 1 coat 30\u201340 \u03bcm.<span class=\"inline-flex\" aria-label=\"064-J55-4Lu-Huang-Hua-Ju-Yi-Xi-Leng-Que-Ta-Zhuan-Yong-Fang-Fu-Fang-Chao-Qi-Di-Mian-Shuang-Zu-Fen.doc\" data-state=\"closed\">\u200b<\/span><\/p>\n<\/li>\n<\/ul>\n<p class=\"my-2 [&amp;+p]:mt-4 [&amp;_strong:has(+br)]:inline-block [&amp;_strong:has(+br)]:pb-2\"><strong>Surface preparation<\/strong><br \/>\nSteel: blast\/shot blast to Sa 2.5 or power-tool cleaning to St 3; surface profile 30\u201375 \u03bcm.<span class=\"inline-flex\" aria-label=\"064-J55-4Lu-Huang-Hua-Ju-Yi-Xi-Leng-Que-Ta-Zhuan-Yong-Fang-Fu-Fang-Chao-Qi-Di-Mian-Shuang-Zu-Fen.doc\" data-state=\"closed\">\u200b<\/span><br \/>\nConcrete: must be sound and dry (moisture content \u22646%), free of contamination; repair defects and apply after a sealing primer; for old coatings, roughen and remove chalked\/loose parts.<span class=\"inline-flex\" aria-label=\"064-J55-4Lu-Huang-Hua-Ju-Yi-Xi-Leng-Que-Ta-Zhuan-Yong-Fang-Fu-Fang-Chao-Qi-Di-Mian-Shuang-Zu-Fen.doc\" data-state=\"closed\">\u200b<\/span><\/p>\n<p class=\"my-2 [&amp;+p]:mt-4 [&amp;_strong:has(+br)]:inline-block [&amp;_strong:has(+br)]:pb-2\"><strong>System compatibility \/ packing \/ storage<\/strong><\/p>\n<ul class=\"marker:text-quiet list-disc\">\n<li class=\"py-0 my-0 prose-p:pt-0 prose-p:mb-2 prose-p:my-0 [&amp;&gt;p]:pt-0 [&amp;&gt;p]:mb-2 [&amp;&gt;p]:my-0\">\n<p class=\"my-2 [&amp;+p]:mt-4 [&amp;_strong:has(+br)]:inline-block [&amp;_strong:has(+br)]:pb-2\">Compatibility: J55-4 system\u2014dedicated primer + topcoat.<span class=\"inline-flex\" aria-label=\"064-J55-4Lu-Huang-Hua-Ju-Yi-Xi-Leng-Que-Ta-Zhuan-Yong-Fang-Fu-Fang-Chao-Qi-Di-Mian-Shuang-Zu-Fen.doc\" data-state=\"closed\">\u200b<\/span><\/p>\n<\/li>\n<li class=\"py-0 my-0 prose-p:pt-0 prose-p:mb-2 prose-p:my-0 [&amp;&gt;p]:pt-0 [&amp;&gt;p]:mb-2 [&amp;&gt;p]:my-0\">\n<p class=\"my-2 [&amp;+p]:mt-4 [&amp;_strong:has(+br)]:inline-block [&amp;_strong:has(+br)]:pb-2\">Packing: 20 kg.<span class=\"inline-flex\" aria-label=\"064-J55-4Lu-Huang-Hua-Ju-Yi-Xi-Leng-Que-Ta-Zhuan-Yong-Fang-Fu-Fang-Chao-Qi-Di-Mian-Shuang-Zu-Fen.doc\" data-state=\"closed\">\u200b<\/span><\/p>\n<\/li>\n<li class=\"py-0 my-0 prose-p:pt-0 prose-p:mb-2 prose-p:my-0 [&amp;&gt;p]:pt-0 [&amp;&gt;p]:mb-2 [&amp;&gt;p]:my-0\">\n<p class=\"my-2 [&amp;+p]:mt-4 [&amp;_strong:has(+br)]:inline-block [&amp;_strong:has(+br)]:pb-2\">Storage: Shelf life 12 months; store dry\/cool\/ventilated, away from fire and direct sunlight; no outdoor stacking.<\/p>\n<\/li>\n<\/ul>\n","protected":false},"excerpt":{"rendered":"<p class=\"my-2 [&amp;+p]:mt-4 [&amp;_strong:has(+br)]:inline-block [&amp;_strong:has(+br)]:pb-2\">Single-component chlorosulfonated polyethylene coating with freeze-thaw resistance, anti-mold performance and flexible film for cooling tower interior protection. Fast-drying, suited for new and maintenance applications. 35\u00b5m DFT primer, 150\u00b5m+ total system.<\/p>\n","protected":false},"featured_media":2222,"comment_status":"open","ping_status":"closed","template":"","meta":{"_acf_changed":false},"acf-product-category":[],"product_brand":[],"product_cat":[17,89],"product_tag":[],"class_list":{"0":"post-2443","1":"product","2":"type-product","3":"status-publish","4":"has-post-thumbnail","6":"product_cat-product-overview","7":"product_cat-cooling-tower-wastewater-coatings","9":"first","10":"instock","11":"shipping-taxable","12":"product-type-simple"},"acf":[],"_links":{"self":[{"href":"https:\/\/huilicoating.com\/fr\/wp-json\/wp\/v2\/product\/2443","targetHints":{"allow":["GET"]}}],"collection":[{"href":"https:\/\/huilicoating.com\/fr\/wp-json\/wp\/v2\/product"}],"about":[{"href":"https:\/\/huilicoating.com\/fr\/wp-json\/wp\/v2\/types\/product"}],"replies":[{"embeddable":true,"href":"https:\/\/huilicoating.com\/fr\/wp-json\/wp\/v2\/comments?post=2443"}],"version-history":[{"count":1,"href":"https:\/\/huilicoating.com\/fr\/wp-json\/wp\/v2\/product\/2443\/revisions"}],"predecessor-version":[{"id":4243,"href":"https:\/\/huilicoating.com\/fr\/wp-json\/wp\/v2\/product\/2443\/revisions\/4243"}],"wp:featuredmedia":[{"embeddable":true,"href":"https:\/\/huilicoating.com\/fr\/wp-json\/wp\/v2\/media\/2222"}],"wp:attachment":[{"href":"https:\/\/huilicoating.com\/fr\/wp-json\/wp\/v2\/media?parent=2443"}],"wp:term":[{"taxonomy":"acf-product-category","embeddable":true,"href":"https:\/\/huilicoating.com\/fr\/wp-json\/wp\/v2\/acf-product-category?post=2443"},{"taxonomy":"product_brand","embeddable":true,"href":"https:\/\/huilicoating.com\/fr\/wp-json\/wp\/v2\/product_brand?post=2443"},{"taxonomy":"product_cat","embeddable":true,"href":"https:\/\/huilicoating.com\/fr\/wp-json\/wp\/v2\/product_cat?post=2443"},{"taxonomy":"product_tag","embeddable":true,"href":"https:\/\/huilicoating.com\/fr\/wp-json\/wp\/v2\/product_tag?post=2443"}],"curies":[{"name":"wp","href":"https:\/\/api.w.org\/{rel}","templated":true}]}}