{"id":2431,"date":"2026-01-17T08:36:35","date_gmt":"2026-01-17T08:36:35","guid":{"rendered":"https:\/\/huilicoating.com\/?post_type=product&#038;p=2431"},"modified":"2026-04-16T07:04:14","modified_gmt":"2026-04-16T07:04:14","slug":"acrylic-marking-coating-plb86-2","status":"publish","type":"product","link":"https:\/\/huilicoating.com\/fr\/product\/acrylic-marking-coating-plb86-2\/","title":{"rendered":"PLB86-2 Rev\u00eatement de marquage en acrylique de qualit\u00e9 sup\u00e9rieure"},"content":{"rendered":"<p class=\"my-2 [&amp;+p]:mt-4 [&amp;_strong:has(+br)]:inline-block [&amp;_strong:has(+br)]:pb-2\"><strong>Overview<\/strong><br \/>\nSingle-component premium acrylic marking coating with outstanding weathering resistance.<span class=\"inline-flex\" aria-label=\"059-PLB86-2Gao-Ji-Bing-Suan-Xi-Biao-Zhi-Qi.doc\" data-state=\"closed\">\u200b<\/span><br \/>\nDesigned for heat resistance, cold resistance, gloss retention, and color retention; fast drying and suitable for low-temperature application.<span class=\"inline-flex\" aria-label=\"059-PLB86-2Gao-Ji-Bing-Suan-Xi-Biao-Zhi-Qi.doc\" data-state=\"closed\">\u200b<\/span><\/p>\n<p class=\"my-2 [&amp;+p]:mt-4 [&amp;_strong:has(+br)]:inline-block [&amp;_strong:has(+br)]:pb-2\"><strong>Composition<\/strong><br \/>\nFormulated with premium acrylic resin, quality pigments, plasticizer, solvents, and additives.<span class=\"inline-flex\" aria-label=\"059-PLB86-2Gao-Ji-Bing-Suan-Xi-Biao-Zhi-Qi.doc\" data-state=\"closed\">\u200b<\/span><\/p>\n<p class=\"my-2 [&amp;+p]:mt-4 [&amp;_strong:has(+br)]:inline-block [&amp;_strong:has(+br)]:pb-2\"><strong>Typical uses<\/strong><br \/>\nFor marking and protection on concrete-structure chimneys in power plants, and for marking\/protection on steel towers.<span class=\"inline-flex\" aria-label=\"059-PLB86-2Gao-Ji-Bing-Suan-Xi-Biao-Zhi-Qi.doc\" data-state=\"closed\">\u200b<\/span><\/p>\n<p class=\"my-2 [&amp;+p]:mt-4 [&amp;_strong:has(+br)]:inline-block [&amp;_strong:has(+br)]:pb-2\"><strong>Technical data (typical)<\/strong><\/p>\n<ul class=\"marker:text-quiet list-disc\">\n<li class=\"py-0 my-0 prose-p:pt-0 prose-p:mb-2 prose-p:my-0 [&amp;&gt;p]:pt-0 [&amp;&gt;p]:mb-2 [&amp;&gt;p]:my-0\">\n<p class=\"my-2 [&amp;+p]:mt-4 [&amp;_strong:has(+br)]:inline-block [&amp;_strong:has(+br)]:pb-2\">Appearance: White; bright red, etc.<span class=\"inline-flex\" aria-label=\"059-PLB86-2Gao-Ji-Bing-Suan-Xi-Biao-Zhi-Qi.doc\" data-state=\"closed\">\u200b<\/span><\/p>\n<\/li>\n<li class=\"py-0 my-0 prose-p:pt-0 prose-p:mb-2 prose-p:my-0 [&amp;&gt;p]:pt-0 [&amp;&gt;p]:mb-2 [&amp;&gt;p]:my-0\">\n<p class=\"my-2 [&amp;+p]:mt-4 [&amp;_strong:has(+br)]:inline-block [&amp;_strong:has(+br)]:pb-2\">Theoretical consumption: 0.14 kg\/m\u00b2 at 35 \u03bcm DFT (excluding loss).<span class=\"inline-flex\" aria-label=\"059-PLB86-2Gao-Ji-Bing-Suan-Xi-Biao-Zhi-Qi.doc\" data-state=\"closed\">\u200b<\/span><\/p>\n<\/li>\n<li class=\"py-0 my-0 prose-p:pt-0 prose-p:mb-2 prose-p:my-0 [&amp;&gt;p]:pt-0 [&amp;&gt;p]:mb-2 [&amp;&gt;p]:my-0\">\n<p class=\"my-2 [&amp;+p]:mt-4 [&amp;_strong:has(+br)]:inline-block [&amp;_strong:has(+br)]:pb-2\">Density: 1.2 kg\/L.<span class=\"inline-flex\" aria-label=\"059-PLB86-2Gao-Ji-Bing-Suan-Xi-Biao-Zhi-Qi.doc\" data-state=\"closed\">\u200b<\/span><\/p>\n<\/li>\n<li class=\"py-0 my-0 prose-p:pt-0 prose-p:mb-2 prose-p:my-0 [&amp;&gt;p]:pt-0 [&amp;&gt;p]:mb-2 [&amp;&gt;p]:my-0\">\n<p class=\"my-2 [&amp;+p]:mt-4 [&amp;_strong:has(+br)]:inline-block [&amp;_strong:has(+br)]:pb-2\">Drying time (25\u00b0C): Surface dry 1 h; hard dry 10 h.<span class=\"inline-flex\" aria-label=\"059-PLB86-2Gao-Ji-Bing-Suan-Xi-Biao-Zhi-Qi.doc\" data-state=\"closed\">\u200b<\/span><\/p>\n<\/li>\n<li class=\"py-0 my-0 prose-p:pt-0 prose-p:mb-2 prose-p:my-0 [&amp;&gt;p]:pt-0 [&amp;&gt;p]:mb-2 [&amp;&gt;p]:my-0\">\n<p class=\"my-2 [&amp;+p]:mt-4 [&amp;_strong:has(+br)]:inline-block [&amp;_strong:has(+br)]:pb-2\">Gloss: \u226580.<span class=\"inline-flex\" aria-label=\"059-PLB86-2Gao-Ji-Bing-Suan-Xi-Biao-Zhi-Qi.doc\" data-state=\"closed\">\u200b<\/span><\/p>\n<\/li>\n<\/ul>\n<p class=\"my-2 [&amp;+p]:mt-4 [&amp;_strong:has(+br)]:inline-block [&amp;_strong:has(+br)]:pb-2\"><strong>Application data (25\u00b0C)<\/strong><\/p>\n<ul class=\"marker:text-quiet list-disc\">\n<li class=\"py-0 my-0 prose-p:pt-0 prose-p:mb-2 prose-p:my-0 [&amp;&gt;p]:pt-0 [&amp;&gt;p]:mb-2 [&amp;&gt;p]:my-0\">\n<p class=\"my-2 [&amp;+p]:mt-4 [&amp;_strong:has(+br)]:inline-block [&amp;_strong:has(+br)]:pb-2\">Mixing: Single-component.<span class=\"inline-flex\" aria-label=\"059-PLB86-2Gao-Ji-Bing-Suan-Xi-Biao-Zhi-Qi.doc\" data-state=\"closed\">\u200b<\/span><\/p>\n<\/li>\n<li class=\"py-0 my-0 prose-p:pt-0 prose-p:mb-2 prose-p:my-0 [&amp;&gt;p]:pt-0 [&amp;&gt;p]:mb-2 [&amp;&gt;p]:my-0\">\n<p class=\"my-2 [&amp;+p]:mt-4 [&amp;_strong:has(+br)]:inline-block [&amp;_strong:has(+br)]:pb-2\">Induction time: None.<span class=\"inline-flex\" aria-label=\"059-PLB86-2Gao-Ji-Bing-Suan-Xi-Biao-Zhi-Qi.doc\" data-state=\"closed\">\u200b<\/span><\/p>\n<\/li>\n<li class=\"py-0 my-0 prose-p:pt-0 prose-p:mb-2 prose-p:my-0 [&amp;&gt;p]:pt-0 [&amp;&gt;p]:mb-2 [&amp;&gt;p]:my-0\">\n<p class=\"my-2 [&amp;+p]:mt-4 [&amp;_strong:has(+br)]:inline-block [&amp;_strong:has(+br)]:pb-2\">Pot life: Unlimited.<span class=\"inline-flex\" aria-label=\"059-PLB86-2Gao-Ji-Bing-Suan-Xi-Biao-Zhi-Qi.doc\" data-state=\"closed\">\u200b<\/span><\/p>\n<\/li>\n<li class=\"py-0 my-0 prose-p:pt-0 prose-p:mb-2 prose-p:my-0 [&amp;&gt;p]:pt-0 [&amp;&gt;p]:mb-2 [&amp;&gt;p]:my-0\">\n<p class=\"my-2 [&amp;+p]:mt-4 [&amp;_strong:has(+br)]:inline-block [&amp;_strong:has(+br)]:pb-2\">Application methods: Airless spray, brush, roller.<span class=\"inline-flex\" aria-label=\"059-PLB86-2Gao-Ji-Bing-Suan-Xi-Biao-Zhi-Qi.doc\" data-state=\"closed\">\u200b<\/span><\/p>\n<\/li>\n<li class=\"py-0 my-0 prose-p:pt-0 prose-p:mb-2 prose-p:my-0 [&amp;&gt;p]:pt-0 [&amp;&gt;p]:mb-2 [&amp;&gt;p]:my-0\">\n<p class=\"my-2 [&amp;+p]:mt-4 [&amp;_strong:has(+br)]:inline-block [&amp;_strong:has(+br)]:pb-2\">Thinner: X-14 acrylic thinner; dilution 3\u20137%.<span class=\"inline-flex\" aria-label=\"059-PLB86-2Gao-Ji-Bing-Suan-Xi-Biao-Zhi-Qi.doc\" data-state=\"closed\">\u200b<\/span><\/p>\n<\/li>\n<li class=\"py-0 my-0 prose-p:pt-0 prose-p:mb-2 prose-p:my-0 [&amp;&gt;p]:pt-0 [&amp;&gt;p]:mb-2 [&amp;&gt;p]:my-0\">\n<p class=\"my-2 [&amp;+p]:mt-4 [&amp;_strong:has(+br)]:inline-block [&amp;_strong:has(+br)]:pb-2\">Recoat interval (25\u00b0C): Min 12 h; max unlimited.<span class=\"inline-flex\" aria-label=\"059-PLB86-2Gao-Ji-Bing-Suan-Xi-Biao-Zhi-Qi.doc\" data-state=\"closed\">\u200b<\/span><\/p>\n<\/li>\n<li class=\"py-0 my-0 prose-p:pt-0 prose-p:mb-2 prose-p:my-0 [&amp;&gt;p]:pt-0 [&amp;&gt;p]:mb-2 [&amp;&gt;p]:my-0\">\n<p class=\"my-2 [&amp;+p]:mt-4 [&amp;_strong:has(+br)]:inline-block [&amp;_strong:has(+br)]:pb-2\">Recommended coats \/ DFT: 1 coat 40\u201350 \u03bcm; brush\/roller 1 coat 30\u201340 \u03bcm.<span class=\"inline-flex\" aria-label=\"059-PLB86-2Gao-Ji-Bing-Suan-Xi-Biao-Zhi-Qi.doc\" data-state=\"closed\">\u200b<\/span><\/p>\n<\/li>\n<\/ul>\n<p class=\"my-2 [&amp;+p]:mt-4 [&amp;_strong:has(+br)]:inline-block [&amp;_strong:has(+br)]:pb-2\"><strong>Surface preparation<\/strong><br \/>\nSteel: blast\/shot blast to Sa 2.5 or power-tool cleaning to St 3; surface profile 30\u201375 \u03bcm.<span class=\"inline-flex\" aria-label=\"059-PLB86-2Gao-Ji-Bing-Suan-Xi-Biao-Zhi-Qi.doc\" data-state=\"closed\">\u200b<\/span><br \/>\nConcrete: must be dry (moisture content \u22646%), free of oil\/contamination; apply after a sealing primer; for old coatings, consider roughening and remove chalked\/loose areas.<span class=\"inline-flex\" aria-label=\"059-PLB86-2Gao-Ji-Bing-Suan-Xi-Biao-Zhi-Qi.doc\" data-state=\"closed\">\u200b<\/span><\/p>\n<p class=\"my-2 [&amp;+p]:mt-4 [&amp;_strong:has(+br)]:inline-block [&amp;_strong:has(+br)]:pb-2\"><strong>System compatibility \/ packing \/ storage<\/strong><\/p>\n<ul class=\"marker:text-quiet list-disc\">\n<li class=\"py-0 my-0 prose-p:pt-0 prose-p:mb-2 prose-p:my-0 [&amp;&gt;p]:pt-0 [&amp;&gt;p]:mb-2 [&amp;&gt;p]:my-0\">\n<p class=\"my-2 [&amp;+p]:mt-4 [&amp;_strong:has(+br)]:inline-block [&amp;_strong:has(+br)]:pb-2\">Packing: 20 kg.<span class=\"inline-flex\" aria-label=\"059-PLB86-2Gao-Ji-Bing-Suan-Xi-Biao-Zhi-Qi.doc\" data-state=\"closed\">\u200b<\/span><\/p>\n<\/li>\n<li class=\"py-0 my-0 prose-p:pt-0 prose-p:mb-2 prose-p:my-0 [&amp;&gt;p]:pt-0 [&amp;&gt;p]:mb-2 [&amp;&gt;p]:my-0\">\n<p class=\"my-2 [&amp;+p]:mt-4 [&amp;_strong:has(+br)]:inline-block [&amp;_strong:has(+br)]:pb-2\">Storage: Shelf life 12 months; store dry\/cool\/ventilated, away from fire and direct sunlight; no outdoor stacking.<\/p>\n<\/li>\n<\/ul>\n","protected":false},"excerpt":{"rendered":"<p class=\"my-2 [&amp;+p]:mt-4 [&amp;_strong:has(+br)]:inline-block [&amp;_strong:has(+br)]:pb-2\">Single-component acrylic marking coating with outstanding UV resistance, color retention and heat and cold resistance for chimneys and steel towers. Fast-drying with low-temperature cure capability. 35\u00b5m DFT per coat, 120\u00b5m+ system.<\/p>\n","protected":false},"featured_media":2221,"comment_status":"open","ping_status":"closed","template":"","meta":{"_acf_changed":false},"acf-product-category":[],"product_brand":[],"product_cat":[17,88],"product_tag":[],"class_list":{"0":"post-2431","1":"product","2":"type-product","3":"status-publish","4":"has-post-thumbnail","6":"product_cat-product-overview","7":"product_cat-aviation-marking-coatings","9":"first","10":"instock","11":"shipping-taxable","12":"product-type-simple"},"acf":[],"_links":{"self":[{"href":"https:\/\/huilicoating.com\/fr\/wp-json\/wp\/v2\/product\/2431","targetHints":{"allow":["GET"]}}],"collection":[{"href":"https:\/\/huilicoating.com\/fr\/wp-json\/wp\/v2\/product"}],"about":[{"href":"https:\/\/huilicoating.com\/fr\/wp-json\/wp\/v2\/types\/product"}],"replies":[{"embeddable":true,"href":"https:\/\/huilicoating.com\/fr\/wp-json\/wp\/v2\/comments?post=2431"}],"version-history":[{"count":1,"href":"https:\/\/huilicoating.com\/fr\/wp-json\/wp\/v2\/product\/2431\/revisions"}],"predecessor-version":[{"id":4236,"href":"https:\/\/huilicoating.com\/fr\/wp-json\/wp\/v2\/product\/2431\/revisions\/4236"}],"wp:featuredmedia":[{"embeddable":true,"href":"https:\/\/huilicoating.com\/fr\/wp-json\/wp\/v2\/media\/2221"}],"wp:attachment":[{"href":"https:\/\/huilicoating.com\/fr\/wp-json\/wp\/v2\/media?parent=2431"}],"wp:term":[{"taxonomy":"acf-product-category","embeddable":true,"href":"https:\/\/huilicoating.com\/fr\/wp-json\/wp\/v2\/acf-product-category?post=2431"},{"taxonomy":"product_brand","embeddable":true,"href":"https:\/\/huilicoating.com\/fr\/wp-json\/wp\/v2\/product_brand?post=2431"},{"taxonomy":"product_cat","embeddable":true,"href":"https:\/\/huilicoating.com\/fr\/wp-json\/wp\/v2\/product_cat?post=2431"},{"taxonomy":"product_tag","embeddable":true,"href":"https:\/\/huilicoating.com\/fr\/wp-json\/wp\/v2\/product_tag?post=2431"}],"curies":[{"name":"wp","href":"https:\/\/api.w.org\/{rel}","templated":true}]}}