{"id":2424,"date":"2026-01-17T08:31:56","date_gmt":"2026-01-17T08:31:56","guid":{"rendered":"https:\/\/huilicoating.com\/?post_type=product&#038;p=2424"},"modified":"2026-04-16T06:55:09","modified_gmt":"2026-04-16T06:55:09","slug":"perchloroethylene-enamel-plg52-1","status":"publish","type":"product","link":"https:\/\/huilicoating.com\/fr\/product\/perchloroethylene-enamel-plg52-1\/","title":{"rendered":"PLG52-1 \u00c9mail perchloro\u00e9thyl\u00e8ne"},"content":{"rendered":"<p class=\"my-2 [&amp;+p]:mt-4 [&amp;_strong:has(+br)]:inline-block [&amp;_strong:has(+br)]:pb-2\"><strong>Overview<\/strong><br \/>\nSingle-component perchloroethylene enamel with good gloss and flexibility.<span class=\"inline-flex\" aria-label=\"057-PLG52-1Guo-Lu-Yi-Xi-Ci-Qi.doc\" data-state=\"closed\">\u200b<\/span><br \/>\nFull-bodied film with corrosion resistance, weather resistance, water resistance, and oil resistance; suitable for low-temperature application.<span class=\"inline-flex\" aria-label=\"057-PLG52-1Guo-Lu-Yi-Xi-Ci-Qi.doc\" data-state=\"closed\">\u200b<\/span><\/p>\n<p class=\"my-2 [&amp;+p]:mt-4 [&amp;_strong:has(+br)]:inline-block [&amp;_strong:has(+br)]:pb-2\"><strong>Composition<\/strong><br \/>\nFormulated with perchloroethylene resin, modified resin, quality pigments, extenders, plasticizer, and mixed solvents.<span class=\"inline-flex\" aria-label=\"057-PLG52-1Guo-Lu-Yi-Xi-Ci-Qi.doc\" data-state=\"closed\">\u200b<\/span><\/p>\n<p class=\"my-2 [&amp;+p]:mt-4 [&amp;_strong:has(+br)]:inline-block [&amp;_strong:has(+br)]:pb-2\"><strong>Typical uses<\/strong><br \/>\nProtective and decorative finishing for various mechanical equipment and metal parts.<span class=\"inline-flex\" aria-label=\"057-PLG52-1Guo-Lu-Yi-Xi-Ci-Qi.doc\" data-state=\"closed\">\u200b<\/span><\/p>\n<p class=\"my-2 [&amp;+p]:mt-4 [&amp;_strong:has(+br)]:inline-block [&amp;_strong:has(+br)]:pb-2\"><strong>Technical data (typical)<\/strong><\/p>\n<ul class=\"marker:text-quiet list-disc\">\n<li class=\"py-0 my-0 prose-p:pt-0 prose-p:mb-2 prose-p:my-0 [&amp;&gt;p]:pt-0 [&amp;&gt;p]:mb-2 [&amp;&gt;p]:my-0\">\n<p class=\"my-2 [&amp;+p]:mt-4 [&amp;_strong:has(+br)]:inline-block [&amp;_strong:has(+br)]:pb-2\">Appearance: Various colors (gloss); also available in satin or matt.<span class=\"inline-flex\" aria-label=\"057-PLG52-1Guo-Lu-Yi-Xi-Ci-Qi.doc\" data-state=\"closed\">\u200b<\/span><\/p>\n<\/li>\n<li class=\"py-0 my-0 prose-p:pt-0 prose-p:mb-2 prose-p:my-0 [&amp;&gt;p]:pt-0 [&amp;&gt;p]:mb-2 [&amp;&gt;p]:my-0\">\n<p class=\"my-2 [&amp;+p]:mt-4 [&amp;_strong:has(+br)]:inline-block [&amp;_strong:has(+br)]:pb-2\">Theoretical consumption: 0.16 kg\/m\u00b2 at 40 \u03bcm DFT (excluding loss).<span class=\"inline-flex\" aria-label=\"057-PLG52-1Guo-Lu-Yi-Xi-Ci-Qi.doc\" data-state=\"closed\">\u200b<\/span><\/p>\n<\/li>\n<li class=\"py-0 my-0 prose-p:pt-0 prose-p:mb-2 prose-p:my-0 [&amp;&gt;p]:pt-0 [&amp;&gt;p]:mb-2 [&amp;&gt;p]:my-0\">\n<p class=\"my-2 [&amp;+p]:mt-4 [&amp;_strong:has(+br)]:inline-block [&amp;_strong:has(+br)]:pb-2\">Density: 1.2 kg\/L.<span class=\"inline-flex\" aria-label=\"057-PLG52-1Guo-Lu-Yi-Xi-Ci-Qi.doc\" data-state=\"closed\">\u200b<\/span><\/p>\n<\/li>\n<li class=\"py-0 my-0 prose-p:pt-0 prose-p:mb-2 prose-p:my-0 [&amp;&gt;p]:pt-0 [&amp;&gt;p]:mb-2 [&amp;&gt;p]:my-0\">\n<p class=\"my-2 [&amp;+p]:mt-4 [&amp;_strong:has(+br)]:inline-block [&amp;_strong:has(+br)]:pb-2\">Drying time (25\u00b0C): Surface dry 1 h; hard dry 24 h.<span class=\"inline-flex\" aria-label=\"057-PLG52-1Guo-Lu-Yi-Xi-Ci-Qi.doc\" data-state=\"closed\">\u200b<\/span><\/p>\n<\/li>\n<\/ul>\n<p class=\"my-2 [&amp;+p]:mt-4 [&amp;_strong:has(+br)]:inline-block [&amp;_strong:has(+br)]:pb-2\"><strong>Application data (25\u00b0C)<\/strong><\/p>\n<ul class=\"marker:text-quiet list-disc\">\n<li class=\"py-0 my-0 prose-p:pt-0 prose-p:mb-2 prose-p:my-0 [&amp;&gt;p]:pt-0 [&amp;&gt;p]:mb-2 [&amp;&gt;p]:my-0\">\n<p class=\"my-2 [&amp;+p]:mt-4 [&amp;_strong:has(+br)]:inline-block [&amp;_strong:has(+br)]:pb-2\">Mixing: Single-component.<span class=\"inline-flex\" aria-label=\"057-PLG52-1Guo-Lu-Yi-Xi-Ci-Qi.doc\" data-state=\"closed\">\u200b<\/span><\/p>\n<\/li>\n<li class=\"py-0 my-0 prose-p:pt-0 prose-p:mb-2 prose-p:my-0 [&amp;&gt;p]:pt-0 [&amp;&gt;p]:mb-2 [&amp;&gt;p]:my-0\">\n<p class=\"my-2 [&amp;+p]:mt-4 [&amp;_strong:has(+br)]:inline-block [&amp;_strong:has(+br)]:pb-2\">Induction time: None.<span class=\"inline-flex\" aria-label=\"057-PLG52-1Guo-Lu-Yi-Xi-Ci-Qi.doc\" data-state=\"closed\">\u200b<\/span><\/p>\n<\/li>\n<li class=\"py-0 my-0 prose-p:pt-0 prose-p:mb-2 prose-p:my-0 [&amp;&gt;p]:pt-0 [&amp;&gt;p]:mb-2 [&amp;&gt;p]:my-0\">\n<p class=\"my-2 [&amp;+p]:mt-4 [&amp;_strong:has(+br)]:inline-block [&amp;_strong:has(+br)]:pb-2\">Pot life: Unlimited.<span class=\"inline-flex\" aria-label=\"057-PLG52-1Guo-Lu-Yi-Xi-Ci-Qi.doc\" data-state=\"closed\">\u200b<\/span><\/p>\n<\/li>\n<li class=\"py-0 my-0 prose-p:pt-0 prose-p:mb-2 prose-p:my-0 [&amp;&gt;p]:pt-0 [&amp;&gt;p]:mb-2 [&amp;&gt;p]:my-0\">\n<p class=\"my-2 [&amp;+p]:mt-4 [&amp;_strong:has(+br)]:inline-block [&amp;_strong:has(+br)]:pb-2\">Application methods: Airless spray, brush, roller.<span class=\"inline-flex\" aria-label=\"057-PLG52-1Guo-Lu-Yi-Xi-Ci-Qi.doc\" data-state=\"closed\">\u200b<\/span><\/p>\n<\/li>\n<li class=\"py-0 my-0 prose-p:pt-0 prose-p:mb-2 prose-p:my-0 [&amp;&gt;p]:pt-0 [&amp;&gt;p]:mb-2 [&amp;&gt;p]:my-0\">\n<p class=\"my-2 [&amp;+p]:mt-4 [&amp;_strong:has(+br)]:inline-block [&amp;_strong:has(+br)]:pb-2\">Thinner: X-1 thinner; dilution 3\u20137%.<span class=\"inline-flex\" aria-label=\"057-PLG52-1Guo-Lu-Yi-Xi-Ci-Qi.doc\" data-state=\"closed\">\u200b<\/span><\/p>\n<\/li>\n<li class=\"py-0 my-0 prose-p:pt-0 prose-p:mb-2 prose-p:my-0 [&amp;&gt;p]:pt-0 [&amp;&gt;p]:mb-2 [&amp;&gt;p]:my-0\">\n<p class=\"my-2 [&amp;+p]:mt-4 [&amp;_strong:has(+br)]:inline-block [&amp;_strong:has(+br)]:pb-2\">Recoat interval (25\u00b0C): Min 12 h; max unlimited.<span class=\"inline-flex\" aria-label=\"057-PLG52-1Guo-Lu-Yi-Xi-Ci-Qi.doc\" data-state=\"closed\">\u200b<\/span><\/p>\n<\/li>\n<li class=\"py-0 my-0 prose-p:pt-0 prose-p:mb-2 prose-p:my-0 [&amp;&gt;p]:pt-0 [&amp;&gt;p]:mb-2 [&amp;&gt;p]:my-0\">\n<p class=\"my-2 [&amp;+p]:mt-4 [&amp;_strong:has(+br)]:inline-block [&amp;_strong:has(+br)]:pb-2\">Recommended coats \/ DFT: 1 coat 40\u201360 \u03bcm; brush\/roller 1 coat 30\u201340 \u03bcm.<span class=\"inline-flex\" aria-label=\"057-PLG52-1Guo-Lu-Yi-Xi-Ci-Qi.doc\" data-state=\"closed\">\u200b<\/span><\/p>\n<\/li>\n<\/ul>\n<p class=\"my-2 [&amp;+p]:mt-4 [&amp;_strong:has(+br)]:inline-block [&amp;_strong:has(+br)]:pb-2\"><strong>Surface preparation<\/strong><br \/>\nSteel: blast\/shot blast to Sa 2.5, or power-tool cleaning to St 3.<span class=\"inline-flex\" aria-label=\"057-PLG52-1Guo-Lu-Yi-Xi-Ci-Qi.doc\" data-state=\"closed\">\u200b<\/span><br \/>\nSurface profile: 30\u201375 \u03bcm.<span class=\"inline-flex\" aria-label=\"057-PLG52-1Guo-Lu-Yi-Xi-Ci-Qi.doc\" data-state=\"closed\">\u200b<\/span><\/p>\n<p class=\"my-2 [&amp;+p]:mt-4 [&amp;_strong:has(+br)]:inline-block [&amp;_strong:has(+br)]:pb-2\"><strong>System compatibility \/ packing \/ storage<\/strong><\/p>\n<ul class=\"marker:text-quiet list-disc\">\n<li class=\"py-0 my-0 prose-p:pt-0 prose-p:mb-2 prose-p:my-0 [&amp;&gt;p]:pt-0 [&amp;&gt;p]:mb-2 [&amp;&gt;p]:my-0\">\n<p class=\"my-2 [&amp;+p]:mt-4 [&amp;_strong:has(+br)]:inline-block [&amp;_strong:has(+br)]:pb-2\">Compatibility: Previous coat\u2014epoxy primer; epoxy intermediate coating; perchloroethylene anti-corrosion primer.<span class=\"inline-flex\" aria-label=\"057-PLG52-1Guo-Lu-Yi-Xi-Ci-Qi.doc\" data-state=\"closed\">\u200b<\/span><\/p>\n<\/li>\n<li class=\"py-0 my-0 prose-p:pt-0 prose-p:mb-2 prose-p:my-0 [&amp;&gt;p]:pt-0 [&amp;&gt;p]:mb-2 [&amp;&gt;p]:my-0\">\n<p class=\"my-2 [&amp;+p]:mt-4 [&amp;_strong:has(+br)]:inline-block [&amp;_strong:has(+br)]:pb-2\">Packing: 20 kg.<span class=\"inline-flex\" aria-label=\"057-PLG52-1Guo-Lu-Yi-Xi-Ci-Qi.doc\" data-state=\"closed\">\u200b<\/span><\/p>\n<\/li>\n<li class=\"py-0 my-0 prose-p:pt-0 prose-p:mb-2 prose-p:my-0 [&amp;&gt;p]:pt-0 [&amp;&gt;p]:mb-2 [&amp;&gt;p]:my-0\">\n<p class=\"my-2 [&amp;+p]:mt-4 [&amp;_strong:has(+br)]:inline-block [&amp;_strong:has(+br)]:pb-2\">Storage: Shelf life 12 months; store dry\/cool\/ventilated, away from fire and direct sunlight; no outdoor stacking.<\/p>\n<\/li>\n<\/ul>\n<div id=\"gtx-trans\" style=\"position: absolute; left: -26px; top: -1px;\">\n<div class=\"gtx-trans-icon\"><\/div>\n<\/div>\n","protected":false},"excerpt":{"rendered":"<p class=\"my-2 [&amp;+p]:mt-4 [&amp;_strong:has(+br)]:inline-block [&amp;_strong:has(+br)]:pb-2\">Single-component perchlorovinyl enamel with high-gloss, flexible film and good corrosion and weathering resistance for machinery and metal surfaces. Fast-drying with surface dry in 20 minutes. Compatible with epoxy and perchlorovinyl primer systems.<\/p>\n","protected":false},"featured_media":2222,"comment_status":"open","ping_status":"closed","template":"","meta":{"_acf_changed":false},"acf-product-category":[],"product_brand":[],"product_cat":[17,87],"product_tag":[],"class_list":{"0":"post-2424","1":"product","2":"type-product","3":"status-publish","4":"has-post-thumbnail","6":"product_cat-product-overview","7":"product_cat-hcpe-csm-perchloroethylene-coatings","9":"first","10":"instock","11":"shipping-taxable","12":"product-type-simple"},"acf":[],"_links":{"self":[{"href":"https:\/\/huilicoating.com\/fr\/wp-json\/wp\/v2\/product\/2424","targetHints":{"allow":["GET"]}}],"collection":[{"href":"https:\/\/huilicoating.com\/fr\/wp-json\/wp\/v2\/product"}],"about":[{"href":"https:\/\/huilicoating.com\/fr\/wp-json\/wp\/v2\/types\/product"}],"replies":[{"embeddable":true,"href":"https:\/\/huilicoating.com\/fr\/wp-json\/wp\/v2\/comments?post=2424"}],"version-history":[{"count":1,"href":"https:\/\/huilicoating.com\/fr\/wp-json\/wp\/v2\/product\/2424\/revisions"}],"predecessor-version":[{"id":4232,"href":"https:\/\/huilicoating.com\/fr\/wp-json\/wp\/v2\/product\/2424\/revisions\/4232"}],"wp:featuredmedia":[{"embeddable":true,"href":"https:\/\/huilicoating.com\/fr\/wp-json\/wp\/v2\/media\/2222"}],"wp:attachment":[{"href":"https:\/\/huilicoating.com\/fr\/wp-json\/wp\/v2\/media?parent=2424"}],"wp:term":[{"taxonomy":"acf-product-category","embeddable":true,"href":"https:\/\/huilicoating.com\/fr\/wp-json\/wp\/v2\/acf-product-category?post=2424"},{"taxonomy":"product_brand","embeddable":true,"href":"https:\/\/huilicoating.com\/fr\/wp-json\/wp\/v2\/product_brand?post=2424"},{"taxonomy":"product_cat","embeddable":true,"href":"https:\/\/huilicoating.com\/fr\/wp-json\/wp\/v2\/product_cat?post=2424"},{"taxonomy":"product_tag","embeddable":true,"href":"https:\/\/huilicoating.com\/fr\/wp-json\/wp\/v2\/product_tag?post=2424"}],"curies":[{"name":"wp","href":"https:\/\/api.w.org\/{rel}","templated":true}]}}