{"id":2418,"date":"2026-01-17T08:29:52","date_gmt":"2026-01-17T08:29:52","guid":{"rendered":"https:\/\/huilicoating.com\/?post_type=product&#038;p=2418"},"modified":"2026-04-16T06:54:49","modified_gmt":"2026-04-16T06:54:49","slug":"chlorosulfonated-polyethylene-gas-holder-coating-plj52-4","status":"publish","type":"product","link":"https:\/\/huilicoating.com\/fr\/product\/chlorosulfonated-polyethylene-gas-holder-coating-plj52-4\/","title":{"rendered":"PLJ52-4 Rev\u00eatement d\u00e9di\u00e9 pour r\u00e9servoir de gaz en poly\u00e9thyl\u00e8ne chlorosulfon\u00e9 (appr\u00eat\/interm\u00e9diaire\/finition)"},"content":{"rendered":"<p class=\"my-2 [&amp;+p]:mt-4 [&amp;_strong:has(+br)]:inline-block [&amp;_strong:has(+br)]:pb-2\"><strong>Overview<\/strong><br \/>\nSingle-component chlorosulfonated polyethylene gas holder dedicated coating for external wall protection.<span class=\"inline-flex\" aria-label=\"055-PLJ52-4Lu-Huang-Hua-Ju-Yi-Xi-Mei-Qi-Ju-Zhuan-Yong-Qi-Di-Zhong-Mian.doc\" data-state=\"closed\">\u200b<\/span><br \/>\nProvides resistance to water, hydrogen sulfide, and chemical gas corrosion; fast drying and suitable for low-temperature application.<span class=\"inline-flex\" aria-label=\"055-PLJ52-4Lu-Huang-Hua-Ju-Yi-Xi-Mei-Qi-Ju-Zhuan-Yong-Qi-Di-Zhong-Mian.doc\" data-state=\"closed\">\u200b<\/span><\/p>\n<p class=\"my-2 [&amp;+p]:mt-4 [&amp;_strong:has(+br)]:inline-block [&amp;_strong:has(+br)]:pb-2\"><strong>Composition<\/strong><br \/>\nFormulated with chlorosulfonated polyethylene resin, modified resin, quality pigments, mixed solvents, and multiple additives.<span class=\"inline-flex\" aria-label=\"055-PLJ52-4Lu-Huang-Hua-Ju-Yi-Xi-Mei-Qi-Ju-Zhuan-Yong-Qi-Di-Zhong-Mian.doc\" data-state=\"closed\">\u200b<\/span><\/p>\n<p class=\"my-2 [&amp;+p]:mt-4 [&amp;_strong:has(+br)]:inline-block [&amp;_strong:has(+br)]:pb-2\"><strong>Typical uses<\/strong><br \/>\nProtection of gas holder outer walls; also suitable for anti-corrosion of other steel structures.<span class=\"inline-flex\" aria-label=\"055-PLJ52-4Lu-Huang-Hua-Ju-Yi-Xi-Mei-Qi-Ju-Zhuan-Yong-Qi-Di-Zhong-Mian.doc\" data-state=\"closed\">\u200b<\/span><\/p>\n<p class=\"my-2 [&amp;+p]:mt-4 [&amp;_strong:has(+br)]:inline-block [&amp;_strong:has(+br)]:pb-2\"><strong>Technical data (typical)<\/strong><\/p>\n<ul class=\"marker:text-quiet list-disc\">\n<li class=\"py-0 my-0 prose-p:pt-0 prose-p:mb-2 prose-p:my-0 [&amp;&gt;p]:pt-0 [&amp;&gt;p]:mb-2 [&amp;&gt;p]:my-0\">\n<p class=\"my-2 [&amp;+p]:mt-4 [&amp;_strong:has(+br)]:inline-block [&amp;_strong:has(+br)]:pb-2\">Appearance: Primer\u2014red iron oxide, grey; intermediate\u2014red-brown; topcoat\u2014various colors.<span class=\"inline-flex\" aria-label=\"055-PLJ52-4Lu-Huang-Hua-Ju-Yi-Xi-Mei-Qi-Ju-Zhuan-Yong-Qi-Di-Zhong-Mian.doc\" data-state=\"closed\">\u200b<\/span><\/p>\n<\/li>\n<li class=\"py-0 my-0 prose-p:pt-0 prose-p:mb-2 prose-p:my-0 [&amp;&gt;p]:pt-0 [&amp;&gt;p]:mb-2 [&amp;&gt;p]:my-0\">\n<p class=\"my-2 [&amp;+p]:mt-4 [&amp;_strong:has(+br)]:inline-block [&amp;_strong:has(+br)]:pb-2\">Theoretical consumption: Primer 0.17 kg\/m\u00b2 at 60 \u03bcm DFT; intermediate 0.17 kg\/m\u00b2 at 40 \u03bcm DFT; topcoat 0.2 kg\/m\u00b2 at 50 \u03bcm DFT (excluding loss).<span class=\"inline-flex\" aria-label=\"055-PLJ52-4Lu-Huang-Hua-Ju-Yi-Xi-Mei-Qi-Ju-Zhuan-Yong-Qi-Di-Zhong-Mian.doc\" data-state=\"closed\">\u200b<\/span><\/p>\n<\/li>\n<li class=\"py-0 my-0 prose-p:pt-0 prose-p:mb-2 prose-p:my-0 [&amp;&gt;p]:pt-0 [&amp;&gt;p]:mb-2 [&amp;&gt;p]:my-0\">\n<p class=\"my-2 [&amp;+p]:mt-4 [&amp;_strong:has(+br)]:inline-block [&amp;_strong:has(+br)]:pb-2\">Density: Primer 1.37 kg\/L; intermediate 1.4 kg\/L; topcoat 1.2 kg\/L.<span class=\"inline-flex\" aria-label=\"055-PLJ52-4Lu-Huang-Hua-Ju-Yi-Xi-Mei-Qi-Ju-Zhuan-Yong-Qi-Di-Zhong-Mian.doc\" data-state=\"closed\">\u200b<\/span><\/p>\n<\/li>\n<li class=\"py-0 my-0 prose-p:pt-0 prose-p:mb-2 prose-p:my-0 [&amp;&gt;p]:pt-0 [&amp;&gt;p]:mb-2 [&amp;&gt;p]:my-0\">\n<p class=\"my-2 [&amp;+p]:mt-4 [&amp;_strong:has(+br)]:inline-block [&amp;_strong:has(+br)]:pb-2\">Drying time (25\u00b0C): Surface dry 1 h; hard dry 24 h.<span class=\"inline-flex\" aria-label=\"055-PLJ52-4Lu-Huang-Hua-Ju-Yi-Xi-Mei-Qi-Ju-Zhuan-Yong-Qi-Di-Zhong-Mian.doc\" data-state=\"closed\">\u200b<\/span><\/p>\n<\/li>\n<\/ul>\n<p class=\"my-2 [&amp;+p]:mt-4 [&amp;_strong:has(+br)]:inline-block [&amp;_strong:has(+br)]:pb-2\"><strong>Application data (25\u00b0C)<\/strong><\/p>\n<ul class=\"marker:text-quiet list-disc\">\n<li class=\"py-0 my-0 prose-p:pt-0 prose-p:mb-2 prose-p:my-0 [&amp;&gt;p]:pt-0 [&amp;&gt;p]:mb-2 [&amp;&gt;p]:my-0\">\n<p class=\"my-2 [&amp;+p]:mt-4 [&amp;_strong:has(+br)]:inline-block [&amp;_strong:has(+br)]:pb-2\">Mixing: Single-component.<span class=\"inline-flex\" aria-label=\"055-PLJ52-4Lu-Huang-Hua-Ju-Yi-Xi-Mei-Qi-Ju-Zhuan-Yong-Qi-Di-Zhong-Mian.doc\" data-state=\"closed\">\u200b<\/span><\/p>\n<\/li>\n<li class=\"py-0 my-0 prose-p:pt-0 prose-p:mb-2 prose-p:my-0 [&amp;&gt;p]:pt-0 [&amp;&gt;p]:mb-2 [&amp;&gt;p]:my-0\">\n<p class=\"my-2 [&amp;+p]:mt-4 [&amp;_strong:has(+br)]:inline-block [&amp;_strong:has(+br)]:pb-2\">Induction time: None.<span class=\"inline-flex\" aria-label=\"055-PLJ52-4Lu-Huang-Hua-Ju-Yi-Xi-Mei-Qi-Ju-Zhuan-Yong-Qi-Di-Zhong-Mian.doc\" data-state=\"closed\">\u200b<\/span><\/p>\n<\/li>\n<li class=\"py-0 my-0 prose-p:pt-0 prose-p:mb-2 prose-p:my-0 [&amp;&gt;p]:pt-0 [&amp;&gt;p]:mb-2 [&amp;&gt;p]:my-0\">\n<p class=\"my-2 [&amp;+p]:mt-4 [&amp;_strong:has(+br)]:inline-block [&amp;_strong:has(+br)]:pb-2\">Pot life: Unlimited.<span class=\"inline-flex\" aria-label=\"055-PLJ52-4Lu-Huang-Hua-Ju-Yi-Xi-Mei-Qi-Ju-Zhuan-Yong-Qi-Di-Zhong-Mian.doc\" data-state=\"closed\">\u200b<\/span><\/p>\n<\/li>\n<li class=\"py-0 my-0 prose-p:pt-0 prose-p:mb-2 prose-p:my-0 [&amp;&gt;p]:pt-0 [&amp;&gt;p]:mb-2 [&amp;&gt;p]:my-0\">\n<p class=\"my-2 [&amp;+p]:mt-4 [&amp;_strong:has(+br)]:inline-block [&amp;_strong:has(+br)]:pb-2\">Application methods: Airless spray, brush, roller.<span class=\"inline-flex\" aria-label=\"055-PLJ52-4Lu-Huang-Hua-Ju-Yi-Xi-Mei-Qi-Ju-Zhuan-Yong-Qi-Di-Zhong-Mian.doc\" data-state=\"closed\">\u200b<\/span><\/p>\n<\/li>\n<li class=\"py-0 my-0 prose-p:pt-0 prose-p:mb-2 prose-p:my-0 [&amp;&gt;p]:pt-0 [&amp;&gt;p]:mb-2 [&amp;&gt;p]:my-0\">\n<p class=\"my-2 [&amp;+p]:mt-4 [&amp;_strong:has(+br)]:inline-block [&amp;_strong:has(+br)]:pb-2\">Thinner: X-1 chlorosulfonated polyethylene thinner; dilution 3\u20137%.<span class=\"inline-flex\" aria-label=\"055-PLJ52-4Lu-Huang-Hua-Ju-Yi-Xi-Mei-Qi-Ju-Zhuan-Yong-Qi-Di-Zhong-Mian.doc\" data-state=\"closed\">\u200b<\/span><\/p>\n<\/li>\n<li class=\"py-0 my-0 prose-p:pt-0 prose-p:mb-2 prose-p:my-0 [&amp;&gt;p]:pt-0 [&amp;&gt;p]:mb-2 [&amp;&gt;p]:my-0\">\n<p class=\"my-2 [&amp;+p]:mt-4 [&amp;_strong:has(+br)]:inline-block [&amp;_strong:has(+br)]:pb-2\">Recoat interval (25\u00b0C): Min 24 h; max unlimited.<span class=\"inline-flex\" aria-label=\"055-PLJ52-4Lu-Huang-Hua-Ju-Yi-Xi-Mei-Qi-Ju-Zhuan-Yong-Qi-Di-Zhong-Mian.doc\" data-state=\"closed\">\u200b<\/span><\/p>\n<\/li>\n<li class=\"py-0 my-0 prose-p:pt-0 prose-p:mb-2 prose-p:my-0 [&amp;&gt;p]:pt-0 [&amp;&gt;p]:mb-2 [&amp;&gt;p]:my-0\">\n<p class=\"my-2 [&amp;+p]:mt-4 [&amp;_strong:has(+br)]:inline-block [&amp;_strong:has(+br)]:pb-2\">Recommended coats \/ DFT: 1 coat 40\u201360 \u03bcm; brush\/roller 1 coat 30\u201340 \u03bcm.<span class=\"inline-flex\" aria-label=\"055-PLJ52-4Lu-Huang-Hua-Ju-Yi-Xi-Mei-Qi-Ju-Zhuan-Yong-Qi-Di-Zhong-Mian.doc\" data-state=\"closed\">\u200b<\/span><\/p>\n<\/li>\n<\/ul>\n<p class=\"my-2 [&amp;+p]:mt-4 [&amp;_strong:has(+br)]:inline-block [&amp;_strong:has(+br)]:pb-2\"><strong>Surface preparation<\/strong><br \/>\nSteel: blast\/shot blast to Sa 2.5, or power-tool cleaning to St 3.<span class=\"inline-flex\" aria-label=\"055-PLJ52-4Lu-Huang-Hua-Ju-Yi-Xi-Mei-Qi-Ju-Zhuan-Yong-Qi-Di-Zhong-Mian.doc\" data-state=\"closed\">\u200b<\/span><br \/>\nSurface profile: 30\u201375 \u03bcm.<span class=\"inline-flex\" aria-label=\"055-PLJ52-4Lu-Huang-Hua-Ju-Yi-Xi-Mei-Qi-Ju-Zhuan-Yong-Qi-Di-Zhong-Mian.doc\" data-state=\"closed\">\u200b<\/span><\/p>\n<p class=\"my-2 [&amp;+p]:mt-4 [&amp;_strong:has(+br)]:inline-block [&amp;_strong:has(+br)]:pb-2\"><strong>System compatibility \/ packing \/ storage<\/strong><\/p>\n<ul class=\"marker:text-quiet list-disc\">\n<li class=\"py-0 my-0 prose-p:pt-0 prose-p:mb-2 prose-p:my-0 [&amp;&gt;p]:pt-0 [&amp;&gt;p]:mb-2 [&amp;&gt;p]:my-0\">\n<p class=\"my-2 [&amp;+p]:mt-4 [&amp;_strong:has(+br)]:inline-block [&amp;_strong:has(+br)]:pb-2\">Compatibility: PLJ52-4 dedicated system\u2014primer + intermediate + topcoat.<span class=\"inline-flex\" aria-label=\"055-PLJ52-4Lu-Huang-Hua-Ju-Yi-Xi-Mei-Qi-Ju-Zhuan-Yong-Qi-Di-Zhong-Mian.doc\" data-state=\"closed\">\u200b<\/span><\/p>\n<\/li>\n<li class=\"py-0 my-0 prose-p:pt-0 prose-p:mb-2 prose-p:my-0 [&amp;&gt;p]:pt-0 [&amp;&gt;p]:mb-2 [&amp;&gt;p]:my-0\">\n<p class=\"my-2 [&amp;+p]:mt-4 [&amp;_strong:has(+br)]:inline-block [&amp;_strong:has(+br)]:pb-2\">Packing: Primer and intermediate 25 kg; topcoat 22 kg.<span class=\"inline-flex\" aria-label=\"055-PLJ52-4Lu-Huang-Hua-Ju-Yi-Xi-Mei-Qi-Ju-Zhuan-Yong-Qi-Di-Zhong-Mian.doc\" data-state=\"closed\">\u200b<\/span><\/p>\n<\/li>\n<li class=\"py-0 my-0 prose-p:pt-0 prose-p:mb-2 prose-p:my-0 [&amp;&gt;p]:pt-0 [&amp;&gt;p]:mb-2 [&amp;&gt;p]:my-0\">\n<p class=\"my-2 [&amp;+p]:mt-4 [&amp;_strong:has(+br)]:inline-block [&amp;_strong:has(+br)]:pb-2\">Storage: Shelf life 12 months; store dry\/cool\/ventilated, away from fire and direct sunlight; no outdoor stacking.<\/p>\n<\/li>\n<\/ul>\n","protected":false},"excerpt":{"rendered":"<p class=\"my-2 [&amp;+p]:mt-4 [&amp;_strong:has(+br)]:inline-block [&amp;_strong:has(+br)]:pb-2\">Single-component chlorosulfonated polyethylene coating system covering primer, midcoat and finish for gas holder exterior protection. Resistant to hydrogen sulfide, chemical gas corrosion and wet-dry cycling. Sa2.5 prep, 150\u00b5m+ total DFT.<\/p>\n","protected":false},"featured_media":2222,"comment_status":"open","ping_status":"closed","template":"","meta":{"_acf_changed":false},"acf-product-category":[],"product_brand":[],"product_cat":[17,87],"product_tag":[],"class_list":{"0":"post-2418","1":"product","2":"type-product","3":"status-publish","4":"has-post-thumbnail","6":"product_cat-product-overview","7":"product_cat-hcpe-csm-perchloroethylene-coatings","9":"first","10":"instock","11":"shipping-taxable","12":"product-type-simple"},"acf":[],"_links":{"self":[{"href":"https:\/\/huilicoating.com\/fr\/wp-json\/wp\/v2\/product\/2418","targetHints":{"allow":["GET"]}}],"collection":[{"href":"https:\/\/huilicoating.com\/fr\/wp-json\/wp\/v2\/product"}],"about":[{"href":"https:\/\/huilicoating.com\/fr\/wp-json\/wp\/v2\/types\/product"}],"replies":[{"embeddable":true,"href":"https:\/\/huilicoating.com\/fr\/wp-json\/wp\/v2\/comments?post=2418"}],"version-history":[{"count":1,"href":"https:\/\/huilicoating.com\/fr\/wp-json\/wp\/v2\/product\/2418\/revisions"}],"predecessor-version":[{"id":4230,"href":"https:\/\/huilicoating.com\/fr\/wp-json\/wp\/v2\/product\/2418\/revisions\/4230"}],"wp:featuredmedia":[{"embeddable":true,"href":"https:\/\/huilicoating.com\/fr\/wp-json\/wp\/v2\/media\/2222"}],"wp:attachment":[{"href":"https:\/\/huilicoating.com\/fr\/wp-json\/wp\/v2\/media?parent=2418"}],"wp:term":[{"taxonomy":"acf-product-category","embeddable":true,"href":"https:\/\/huilicoating.com\/fr\/wp-json\/wp\/v2\/acf-product-category?post=2418"},{"taxonomy":"product_brand","embeddable":true,"href":"https:\/\/huilicoating.com\/fr\/wp-json\/wp\/v2\/product_brand?post=2418"},{"taxonomy":"product_cat","embeddable":true,"href":"https:\/\/huilicoating.com\/fr\/wp-json\/wp\/v2\/product_cat?post=2418"},{"taxonomy":"product_tag","embeddable":true,"href":"https:\/\/huilicoating.com\/fr\/wp-json\/wp\/v2\/product_tag?post=2418"}],"curies":[{"name":"wp","href":"https:\/\/api.w.org\/{rel}","templated":true}]}}