{"id":2416,"date":"2026-01-17T08:28:14","date_gmt":"2026-01-17T08:28:14","guid":{"rendered":"https:\/\/huilicoating.com\/?post_type=product&#038;p=2416"},"modified":"2026-04-16T06:55:13","modified_gmt":"2026-04-16T06:55:13","slug":"chlorosulfonated-polyethylene-topcoat-plj52-61","status":"publish","type":"product","link":"https:\/\/huilicoating.com\/fr\/product\/chlorosulfonated-polyethylene-topcoat-plj52-61\/","title":{"rendered":"PLJ52-61 Enduit de finition en poly\u00e9thyl\u00e8ne chlorosulfon\u00e9"},"content":{"rendered":"<p class=\"my-2 [&amp;+p]:mt-4 [&amp;_strong:has(+br)]:inline-block [&amp;_strong:has(+br)]:pb-2\"><strong>Overview<\/strong><br \/>\nSingle-component chlorosulfonated polyethylene topcoat with resistance to chemical media corrosion.<span class=\"inline-flex\" aria-label=\"054-PLJ52-61Lu-Huang-Hua-Ju-Yi-Xi-Mian-Qi.doc\" data-state=\"closed\">\u200b<\/span><br \/>\nProvides water resistance, oil resistance, weather resistance, and salt spray resistance; suitable for low-temperature application.<span class=\"inline-flex\" aria-label=\"054-PLJ52-61Lu-Huang-Hua-Ju-Yi-Xi-Mian-Qi.doc\" data-state=\"closed\">\u200b<\/span><\/p>\n<p class=\"my-2 [&amp;+p]:mt-4 [&amp;_strong:has(+br)]:inline-block [&amp;_strong:has(+br)]:pb-2\"><strong>Composition<\/strong><br \/>\nFormulated with chlorosulfonated polyethylene resin, synthetic resin, pigments, additives, auxiliaries, and mixed solvents.<span class=\"inline-flex\" aria-label=\"054-PLJ52-61Lu-Huang-Hua-Ju-Yi-Xi-Mian-Qi.doc\" data-state=\"closed\">\u200b<\/span><\/p>\n<p class=\"my-2 [&amp;+p]:mt-4 [&amp;_strong:has(+br)]:inline-block [&amp;_strong:has(+br)]:pb-2\"><strong>Typical uses<\/strong><br \/>\nAnti-corrosion finishing for steel structures and concrete surfaces under chemical-atmosphere and corrosive environment conditions.<span class=\"inline-flex\" aria-label=\"054-PLJ52-61Lu-Huang-Hua-Ju-Yi-Xi-Mian-Qi.doc\" data-state=\"closed\">\u200b<\/span><\/p>\n<p class=\"my-2 [&amp;+p]:mt-4 [&amp;_strong:has(+br)]:inline-block [&amp;_strong:has(+br)]:pb-2\"><strong>Technical data (typical)<\/strong><\/p>\n<ul class=\"marker:text-quiet list-disc\">\n<li class=\"py-0 my-0 prose-p:pt-0 prose-p:mb-2 prose-p:my-0 [&amp;&gt;p]:pt-0 [&amp;&gt;p]:mb-2 [&amp;&gt;p]:my-0\">\n<p class=\"my-2 [&amp;+p]:mt-4 [&amp;_strong:has(+br)]:inline-block [&amp;_strong:has(+br)]:pb-2\">Appearance: Various colors.<span class=\"inline-flex\" aria-label=\"054-PLJ52-61Lu-Huang-Hua-Ju-Yi-Xi-Mian-Qi.doc\" data-state=\"closed\">\u200b<\/span><\/p>\n<\/li>\n<li class=\"py-0 my-0 prose-p:pt-0 prose-p:mb-2 prose-p:my-0 [&amp;&gt;p]:pt-0 [&amp;&gt;p]:mb-2 [&amp;&gt;p]:my-0\">\n<p class=\"my-2 [&amp;+p]:mt-4 [&amp;_strong:has(+br)]:inline-block [&amp;_strong:has(+br)]:pb-2\">Theoretical consumption: 0.16 kg\/m\u00b2 at 40 \u03bcm DFT (excluding loss).<span class=\"inline-flex\" aria-label=\"054-PLJ52-61Lu-Huang-Hua-Ju-Yi-Xi-Mian-Qi.doc\" data-state=\"closed\">\u200b<\/span><\/p>\n<\/li>\n<li class=\"py-0 my-0 prose-p:pt-0 prose-p:mb-2 prose-p:my-0 [&amp;&gt;p]:pt-0 [&amp;&gt;p]:mb-2 [&amp;&gt;p]:my-0\">\n<p class=\"my-2 [&amp;+p]:mt-4 [&amp;_strong:has(+br)]:inline-block [&amp;_strong:has(+br)]:pb-2\">Density: 1.2 kg\/L.<span class=\"inline-flex\" aria-label=\"054-PLJ52-61Lu-Huang-Hua-Ju-Yi-Xi-Mian-Qi.doc\" data-state=\"closed\">\u200b<\/span><\/p>\n<\/li>\n<li class=\"py-0 my-0 prose-p:pt-0 prose-p:mb-2 prose-p:my-0 [&amp;&gt;p]:pt-0 [&amp;&gt;p]:mb-2 [&amp;&gt;p]:my-0\">\n<p class=\"my-2 [&amp;+p]:mt-4 [&amp;_strong:has(+br)]:inline-block [&amp;_strong:has(+br)]:pb-2\">Drying time (25\u00b0C): Surface dry 1 h; hard dry 24 h.<span class=\"inline-flex\" aria-label=\"054-PLJ52-61Lu-Huang-Hua-Ju-Yi-Xi-Mian-Qi.doc\" data-state=\"closed\">\u200b<\/span><\/p>\n<\/li>\n<\/ul>\n<p class=\"my-2 [&amp;+p]:mt-4 [&amp;_strong:has(+br)]:inline-block [&amp;_strong:has(+br)]:pb-2\"><strong>Application data (25\u00b0C)<\/strong><\/p>\n<ul class=\"marker:text-quiet list-disc\">\n<li class=\"py-0 my-0 prose-p:pt-0 prose-p:mb-2 prose-p:my-0 [&amp;&gt;p]:pt-0 [&amp;&gt;p]:mb-2 [&amp;&gt;p]:my-0\">\n<p class=\"my-2 [&amp;+p]:mt-4 [&amp;_strong:has(+br)]:inline-block [&amp;_strong:has(+br)]:pb-2\">Mixing: Single-pack.<span class=\"inline-flex\" aria-label=\"054-PLJ52-61Lu-Huang-Hua-Ju-Yi-Xi-Mian-Qi.doc\" data-state=\"closed\">\u200b<\/span><\/p>\n<\/li>\n<li class=\"py-0 my-0 prose-p:pt-0 prose-p:mb-2 prose-p:my-0 [&amp;&gt;p]:pt-0 [&amp;&gt;p]:mb-2 [&amp;&gt;p]:my-0\">\n<p class=\"my-2 [&amp;+p]:mt-4 [&amp;_strong:has(+br)]:inline-block [&amp;_strong:has(+br)]:pb-2\">Induction time: None.<span class=\"inline-flex\" aria-label=\"054-PLJ52-61Lu-Huang-Hua-Ju-Yi-Xi-Mian-Qi.doc\" data-state=\"closed\">\u200b<\/span><\/p>\n<\/li>\n<li class=\"py-0 my-0 prose-p:pt-0 prose-p:mb-2 prose-p:my-0 [&amp;&gt;p]:pt-0 [&amp;&gt;p]:mb-2 [&amp;&gt;p]:my-0\">\n<p class=\"my-2 [&amp;+p]:mt-4 [&amp;_strong:has(+br)]:inline-block [&amp;_strong:has(+br)]:pb-2\">Pot life: Unlimited.<span class=\"inline-flex\" aria-label=\"054-PLJ52-61Lu-Huang-Hua-Ju-Yi-Xi-Mian-Qi.doc\" data-state=\"closed\">\u200b<\/span><\/p>\n<\/li>\n<li class=\"py-0 my-0 prose-p:pt-0 prose-p:mb-2 prose-p:my-0 [&amp;&gt;p]:pt-0 [&amp;&gt;p]:mb-2 [&amp;&gt;p]:my-0\">\n<p class=\"my-2 [&amp;+p]:mt-4 [&amp;_strong:has(+br)]:inline-block [&amp;_strong:has(+br)]:pb-2\">Application methods: Airless spray, brush, roller.<span class=\"inline-flex\" aria-label=\"054-PLJ52-61Lu-Huang-Hua-Ju-Yi-Xi-Mian-Qi.doc\" data-state=\"closed\">\u200b<\/span><\/p>\n<\/li>\n<li class=\"py-0 my-0 prose-p:pt-0 prose-p:mb-2 prose-p:my-0 [&amp;&gt;p]:pt-0 [&amp;&gt;p]:mb-2 [&amp;&gt;p]:my-0\">\n<p class=\"my-2 [&amp;+p]:mt-4 [&amp;_strong:has(+br)]:inline-block [&amp;_strong:has(+br)]:pb-2\">Thinner: X-1 chlorosulfonated polyethylene thinner; dilution 3\u20137%.<span class=\"inline-flex\" aria-label=\"054-PLJ52-61Lu-Huang-Hua-Ju-Yi-Xi-Mian-Qi.doc\" data-state=\"closed\">\u200b<\/span><\/p>\n<\/li>\n<li class=\"py-0 my-0 prose-p:pt-0 prose-p:mb-2 prose-p:my-0 [&amp;&gt;p]:pt-0 [&amp;&gt;p]:mb-2 [&amp;&gt;p]:my-0\">\n<p class=\"my-2 [&amp;+p]:mt-4 [&amp;_strong:has(+br)]:inline-block [&amp;_strong:has(+br)]:pb-2\">Recoat interval (25\u00b0C): Min 24 h; max unlimited.<span class=\"inline-flex\" aria-label=\"054-PLJ52-61Lu-Huang-Hua-Ju-Yi-Xi-Mian-Qi.doc\" data-state=\"closed\">\u200b<\/span><\/p>\n<\/li>\n<li class=\"py-0 my-0 prose-p:pt-0 prose-p:mb-2 prose-p:my-0 [&amp;&gt;p]:pt-0 [&amp;&gt;p]:mb-2 [&amp;&gt;p]:my-0\">\n<p class=\"my-2 [&amp;+p]:mt-4 [&amp;_strong:has(+br)]:inline-block [&amp;_strong:has(+br)]:pb-2\">Recommended coats \/ DFT: 1 coat 40\u201360 \u03bcm; brush\/roller 1 coat 30\u2013405 \u03bcm.<span class=\"inline-flex\" aria-label=\"054-PLJ52-61Lu-Huang-Hua-Ju-Yi-Xi-Mian-Qi.doc\" data-state=\"closed\">\u200b<\/span><\/p>\n<\/li>\n<\/ul>\n<p class=\"my-2 [&amp;+p]:mt-4 [&amp;_strong:has(+br)]:inline-block [&amp;_strong:has(+br)]:pb-2\"><strong>Surface preparation<\/strong><br \/>\nRemove dust and oil contamination from the previous coat; if beyond maximum recoat interval, consider roughening as needed.<span class=\"inline-flex\" aria-label=\"054-PLJ52-61Lu-Huang-Hua-Ju-Yi-Xi-Mian-Qi.doc\" data-state=\"closed\">\u200b<\/span><br \/>\nWhen used as the first coat: blast\/shot blast to Sa 2.5 or power-tool cleaning to St 3; surface profile 30\u201375 \u03bcm.<span class=\"inline-flex\" aria-label=\"054-PLJ52-61Lu-Huang-Hua-Ju-Yi-Xi-Mian-Qi.doc\" data-state=\"closed\">\u200b<\/span><\/p>\n<p class=\"my-2 [&amp;+p]:mt-4 [&amp;_strong:has(+br)]:inline-block [&amp;_strong:has(+br)]:pb-2\"><strong>System compatibility \/ packing \/ storage<\/strong><\/p>\n<ul class=\"marker:text-quiet list-disc\">\n<li class=\"py-0 my-0 prose-p:pt-0 prose-p:mb-2 prose-p:my-0 [&amp;&gt;p]:pt-0 [&amp;&gt;p]:mb-2 [&amp;&gt;p]:my-0\">\n<p class=\"my-2 [&amp;+p]:mt-4 [&amp;_strong:has(+br)]:inline-block [&amp;_strong:has(+br)]:pb-2\">Compatibility: Previous coat\u2014epoxy primer; epoxy intermediate coating; chlorosulfonated polyethylene primer.<span class=\"inline-flex\" aria-label=\"054-PLJ52-61Lu-Huang-Hua-Ju-Yi-Xi-Mian-Qi.doc\" data-state=\"closed\">\u200b<\/span><\/p>\n<\/li>\n<li class=\"py-0 my-0 prose-p:pt-0 prose-p:mb-2 prose-p:my-0 [&amp;&gt;p]:pt-0 [&amp;&gt;p]:mb-2 [&amp;&gt;p]:my-0\">\n<p class=\"my-2 [&amp;+p]:mt-4 [&amp;_strong:has(+br)]:inline-block [&amp;_strong:has(+br)]:pb-2\">Packing: 22 kg.<span class=\"inline-flex\" aria-label=\"054-PLJ52-61Lu-Huang-Hua-Ju-Yi-Xi-Mian-Qi.doc\" data-state=\"closed\">\u200b<\/span><\/p>\n<\/li>\n<li class=\"py-0 my-0 prose-p:pt-0 prose-p:mb-2 prose-p:my-0 [&amp;&gt;p]:pt-0 [&amp;&gt;p]:mb-2 [&amp;&gt;p]:my-0\">\n<p class=\"my-2 [&amp;+p]:mt-4 [&amp;_strong:has(+br)]:inline-block [&amp;_strong:has(+br)]:pb-2\">Storage: Shelf life 12 months; store dry\/cool\/ventilated, away from fire and direct sunlight; no outdoor stacking.<\/p>\n<\/li>\n<\/ul>\n","protected":false},"excerpt":{"rendered":"<p>Enduit de finition en poly\u00e9thyl\u00e8ne chlorosulfon\u00e9 \u00e0 composant unique avec une excellente r\u00e9sistance chimique, une r\u00e9sistance \u00e0 la corrosion par brouillard salin et une flexibilit\u00e9 \u00e0 basse temp\u00e9rature pour l'acier et le b\u00e9ton. S\u00e9chage rapide, adapt\u00e9 aux environnements chimiques agressifs. 25\u00b5m DFT par couche.<\/p>","protected":false},"featured_media":2222,"comment_status":"open","ping_status":"closed","template":"","meta":{"_acf_changed":false},"acf-product-category":[],"product_brand":[],"product_cat":[87,17],"product_tag":[],"class_list":{"0":"post-2416","1":"product","2":"type-product","3":"status-publish","4":"has-post-thumbnail","6":"product_cat-hcpe-csm-perchloroethylene-coatings","7":"product_cat-product-overview","9":"first","10":"instock","11":"shipping-taxable","12":"product-type-simple"},"acf":[],"_links":{"self":[{"href":"https:\/\/huilicoating.com\/fr\/wp-json\/wp\/v2\/product\/2416","targetHints":{"allow":["GET"]}}],"collection":[{"href":"https:\/\/huilicoating.com\/fr\/wp-json\/wp\/v2\/product"}],"about":[{"href":"https:\/\/huilicoating.com\/fr\/wp-json\/wp\/v2\/types\/product"}],"replies":[{"embeddable":true,"href":"https:\/\/huilicoating.com\/fr\/wp-json\/wp\/v2\/comments?post=2416"}],"version-history":[{"count":2,"href":"https:\/\/huilicoating.com\/fr\/wp-json\/wp\/v2\/product\/2416\/revisions"}],"predecessor-version":[{"id":4233,"href":"https:\/\/huilicoating.com\/fr\/wp-json\/wp\/v2\/product\/2416\/revisions\/4233"}],"wp:featuredmedia":[{"embeddable":true,"href":"https:\/\/huilicoating.com\/fr\/wp-json\/wp\/v2\/media\/2222"}],"wp:attachment":[{"href":"https:\/\/huilicoating.com\/fr\/wp-json\/wp\/v2\/media?parent=2416"}],"wp:term":[{"taxonomy":"acf-product-category","embeddable":true,"href":"https:\/\/huilicoating.com\/fr\/wp-json\/wp\/v2\/acf-product-category?post=2416"},{"taxonomy":"product_brand","embeddable":true,"href":"https:\/\/huilicoating.com\/fr\/wp-json\/wp\/v2\/product_brand?post=2416"},{"taxonomy":"product_cat","embeddable":true,"href":"https:\/\/huilicoating.com\/fr\/wp-json\/wp\/v2\/product_cat?post=2416"},{"taxonomy":"product_tag","embeddable":true,"href":"https:\/\/huilicoating.com\/fr\/wp-json\/wp\/v2\/product_tag?post=2416"}],"curies":[{"name":"wp","href":"https:\/\/api.w.org\/{rel}","templated":true}]}}