{"id":2314,"date":"2026-01-16T08:04:29","date_gmt":"2026-01-16T08:04:29","guid":{"rendered":"https:\/\/huilicoating.com\/?post_type=product&#038;p=2314"},"modified":"2026-04-16T06:14:40","modified_gmt":"2026-04-16T06:14:40","slug":"plh52-1-high-grade-epoxy-enamel","status":"publish","type":"product","link":"https:\/\/huilicoating.com\/fr\/product\/plh52-1-high-grade-epoxy-enamel\/","title":{"rendered":"PLH52-1 \u00c9mail \u00e9poxy de haute qualit\u00e9"},"content":{"rendered":"<h2 id=\"overview\" class=\"font-editorial font-bold mb-2 mt-4 [.has-inline-images_&amp;]:clear-end text-lg first:mt-0 md:text-lg [hr+&amp;]:mt-4\">Overview<\/h2>\n<p class=\"my-2 [&amp;+p]:mt-4 [&amp;_strong:has(+br)]:inline-block [&amp;_strong:has(+br)]:pb-2\">PLH52-1 High-Grade Epoxy Enamel is a two-component epoxy enamel formulated for heavy-duty corrosion protection where a higher decorative finish is required on steel and concrete. This coating is intended for steel structures and concrete surfaces in coating systems that require both protective performance and a more decorative appearance.<\/p>\n<p class=\"my-2 [&amp;+p]:mt-4 [&amp;_strong:has(+br)]:inline-block [&amp;_strong:has(+br)]:pb-2\">It is composed of special epoxy resin, premium pigments, additives, solvents, and an imported curing agent, and is supplied as Part A and Part B. The cured film is described as porcelain-like glossy, tough and wear-resistant, with good scratch resistance and strong mechanical properties, plus chemical stability and resistance to moisture, oil, and staining.<\/p>\n<h2 id=\"key-benefits\" class=\"font-editorial font-bold mb-2 mt-4 [.has-inline-images_&amp;]:clear-end text-lg first:mt-0 md:text-lg [hr+&amp;]:mt-4\">Key Benefits<\/h2>\n<ul class=\"marker:text-quiet list-disc\">\n<li class=\"py-0 my-0 prose-p:pt-0 prose-p:mb-2 prose-p:my-0 [&amp;&gt;p]:pt-0 [&amp;&gt;p]:mb-2 [&amp;&gt;p]:my-0\">\n<p class=\"my-2 [&amp;+p]:mt-4 [&amp;_strong:has(+br)]:inline-block [&amp;_strong:has(+br)]:pb-2\">Designed for heavy-duty corrosion protection on steel structures and concrete surfaces.<\/p>\n<\/li>\n<li class=\"py-0 my-0 prose-p:pt-0 prose-p:mb-2 prose-p:my-0 [&amp;&gt;p]:pt-0 [&amp;&gt;p]:mb-2 [&amp;&gt;p]:my-0\">\n<p class=\"my-2 [&amp;+p]:mt-4 [&amp;_strong:has(+br)]:inline-block [&amp;_strong:has(+br)]:pb-2\">Provides a higher decorative finish.<\/p>\n<\/li>\n<li class=\"py-0 my-0 prose-p:pt-0 prose-p:mb-2 prose-p:my-0 [&amp;&gt;p]:pt-0 [&amp;&gt;p]:mb-2 [&amp;&gt;p]:my-0\">\n<p class=\"my-2 [&amp;+p]:mt-4 [&amp;_strong:has(+br)]:inline-block [&amp;_strong:has(+br)]:pb-2\">Forms a porcelain-like glossy cured film.<\/p>\n<\/li>\n<li class=\"py-0 my-0 prose-p:pt-0 prose-p:mb-2 prose-p:my-0 [&amp;&gt;p]:pt-0 [&amp;&gt;p]:mb-2 [&amp;&gt;p]:my-0\">\n<p class=\"my-2 [&amp;+p]:mt-4 [&amp;_strong:has(+br)]:inline-block [&amp;_strong:has(+br)]:pb-2\">Tough and wear-resistant with good scratch resistance.<\/p>\n<\/li>\n<li class=\"py-0 my-0 prose-p:pt-0 prose-p:mb-2 prose-p:my-0 [&amp;&gt;p]:pt-0 [&amp;&gt;p]:mb-2 [&amp;&gt;p]:my-0\">\n<p class=\"my-2 [&amp;+p]:mt-4 [&amp;_strong:has(+br)]:inline-block [&amp;_strong:has(+br)]:pb-2\">Offers strong mechanical properties.<\/p>\n<\/li>\n<li class=\"py-0 my-0 prose-p:pt-0 prose-p:mb-2 prose-p:my-0 [&amp;&gt;p]:pt-0 [&amp;&gt;p]:mb-2 [&amp;&gt;p]:my-0\">\n<p class=\"my-2 [&amp;+p]:mt-4 [&amp;_strong:has(+br)]:inline-block [&amp;_strong:has(+br)]:pb-2\">Has chemical stability and resistance to moisture, oil, and staining.<\/p>\n<\/li>\n<\/ul>\n<h2 id=\"recommended-uses\" class=\"font-editorial font-bold mb-2 mt-4 [.has-inline-images_&amp;]:clear-end text-lg first:mt-0 md:text-lg [hr+&amp;]:mt-4\">Recommended Uses<\/h2>\n<p class=\"my-2 [&amp;+p]:mt-4 [&amp;_strong:has(+br)]:inline-block [&amp;_strong:has(+br)]:pb-2\">This coating is suitable for a wide range of steel and concrete protection projects in industrial environments.<\/p>\n<h2 id=\"typical-application-areas\" class=\"font-editorial font-bold mb-2 mt-4 [.has-inline-images_&amp;]:clear-end text-base first:mt-0\">Typical application areas<\/h2>\n<ul class=\"marker:text-quiet list-disc\">\n<li class=\"py-0 my-0 prose-p:pt-0 prose-p:mb-2 prose-p:my-0 [&amp;&gt;p]:pt-0 [&amp;&gt;p]:mb-2 [&amp;&gt;p]:my-0\">\n<p class=\"my-2 [&amp;+p]:mt-4 [&amp;_strong:has(+br)]:inline-block [&amp;_strong:has(+br)]:pb-2\">Steel structures requiring heavy-duty corrosion protection with a higher decorative finish.<\/p>\n<\/li>\n<li class=\"py-0 my-0 prose-p:pt-0 prose-p:mb-2 prose-p:my-0 [&amp;&gt;p]:pt-0 [&amp;&gt;p]:mb-2 [&amp;&gt;p]:my-0\">\n<p class=\"my-2 [&amp;+p]:mt-4 [&amp;_strong:has(+br)]:inline-block [&amp;_strong:has(+br)]:pb-2\">Concrete surfaces requiring heavy-duty corrosion protection with a higher decorative finish.<\/p>\n<\/li>\n<\/ul>\n<h2 id=\"application-guide\" class=\"font-editorial font-bold mb-2 mt-4 [.has-inline-images_&amp;]:clear-end text-lg first:mt-0 md:text-lg [hr+&amp;]:mt-4\">Application Guide<\/h2>\n<div class=\"group relative my-[1em]\">\n<div class=\"sticky top-0 z-10 h-0\" aria-hidden=\"true\">\n<div class=\"w-full overflow-hidden bg-raised border-x md:max-w-[90vw] border-subtlest ring-subtlest divide-subtlest\"><\/div>\n<\/div>\n<div class=\"w-full overflow-auto scrollbar-subtle rounded-lg border md:max-w-[90vw] border-subtlest ring-subtlest divide-subtlest bg-raised\">\n<table class=\"[&amp;_tr:last-child_td]:border-b-0 my-0 w-full table-auto border-separate border-spacing-0 text-sm font-sans rounded-lg [&amp;_tr:last-child_td:first-child]:rounded-bl-lg [&amp;_tr:last-child_td:last-child]:rounded-br-lg\">\n<thead class=\"\">\n<tr>\n<th class=\"border-subtlest p-sm min-w-[48px] break-normal border-b text-left align-bottom border-r last:border-r-0 font-bold bg-subtle first:border-radius-tl-lg last:border-radius-tr-lg\">Item<\/th>\n<th class=\"border-subtlest p-sm min-w-[48px] break-normal border-b text-left align-bottom border-r last:border-r-0 font-bold bg-subtle first:border-radius-tl-lg last:border-radius-tr-lg\">Data<\/th>\n<\/tr>\n<\/thead>\n<tbody>\n<tr>\n<td class=\"border-subtlest px-sm min-w-[48px] break-normal border-b border-r last:border-r-0\">Mixing Ratio (A:B)<\/td>\n<td class=\"border-subtlest px-sm min-w-[48px] break-normal border-b border-r last:border-r-0\">20:4<\/td>\n<\/tr>\n<tr>\n<td class=\"border-subtlest px-sm min-w-[48px] break-normal border-b border-r last:border-r-0\">Induction Time<\/td>\n<td class=\"border-subtlest px-sm min-w-[48px] break-normal border-b border-r last:border-r-0\">5 min<\/td>\n<\/tr>\n<tr>\n<td class=\"border-subtlest px-sm min-w-[48px] break-normal border-b border-r last:border-r-0\">Pot Life<\/td>\n<td class=\"border-subtlest px-sm min-w-[48px] break-normal border-b border-r last:border-r-0\">4 h<\/td>\n<\/tr>\n<tr>\n<td class=\"border-subtlest px-sm min-w-[48px] break-normal border-b border-r last:border-r-0\">Application Methods<\/td>\n<td class=\"border-subtlest px-sm min-w-[48px] break-normal border-b border-r last:border-r-0\">Airless spray, brush<\/td>\n<\/tr>\n<tr>\n<td class=\"border-subtlest px-sm min-w-[48px] break-normal border-b border-r last:border-r-0\">Thinner \/ Cleaner<\/td>\n<td class=\"border-subtlest px-sm min-w-[48px] break-normal border-b border-r last:border-r-0\">X-7 epoxy thinner<\/td>\n<\/tr>\n<tr>\n<td class=\"border-subtlest px-sm min-w-[48px] break-normal border-b border-r last:border-r-0\">Typical Dilution<\/td>\n<td class=\"border-subtlest px-sm min-w-[48px] break-normal border-b border-r last:border-r-0\">2\u20138%<\/td>\n<\/tr>\n<tr>\n<td class=\"border-subtlest px-sm min-w-[48px] break-normal border-b border-r last:border-r-0\">Recoat Interval<\/td>\n<td class=\"border-subtlest px-sm min-w-[48px] break-normal border-b border-r last:border-r-0\">Minimum 12 h; maximum 7 days<\/td>\n<\/tr>\n<tr>\n<td class=\"border-subtlest px-sm min-w-[48px] break-normal border-b border-r last:border-r-0\">Recommended DFT<\/td>\n<td class=\"border-subtlest px-sm min-w-[48px] break-normal border-b border-r last:border-r-0\">50\u201370 \u00b5m per coat (brush\/roller: 35\u201355 \u00b5m per coat)<\/td>\n<\/tr>\n<\/tbody>\n<\/table>\n<\/div>\n<\/div>\n<h2 id=\"surface-preparation\" class=\"font-editorial font-bold mb-2 mt-4 [.has-inline-images_&amp;]:clear-end text-lg first:mt-0 md:text-lg [hr+&amp;]:mt-4\">Surface Preparation<\/h2>\n<p class=\"my-2 [&amp;+p]:mt-4 [&amp;_strong:has(+br)]:inline-block [&amp;_strong:has(+br)]:pb-2\">Over a two-component primer, the surface must be clean, dry, and free of contaminants; abrade if the maximum recoat interval is exceeded. As a first coat on steel, blast to Sa 2.5 or power-tool clean to St 3; surface profile 30\u201375 \u00b5m.<\/p>\n<h2 id=\"technical-data\" class=\"font-editorial font-bold mb-2 mt-4 [.has-inline-images_&amp;]:clear-end text-lg first:mt-0 md:text-lg [hr+&amp;]:mt-4\">Technical Data<\/h2>\n<div class=\"group relative my-[1em]\">\n<div class=\"sticky top-0 z-10 h-0\" aria-hidden=\"true\">\n<div class=\"w-full overflow-hidden bg-raised border-x md:max-w-[90vw] border-subtlest ring-subtlest divide-subtlest\"><\/div>\n<\/div>\n<div class=\"w-full overflow-auto scrollbar-subtle rounded-lg border md:max-w-[90vw] border-subtlest ring-subtlest divide-subtlest bg-raised\">\n<table class=\"[&amp;_tr:last-child_td]:border-b-0 my-0 w-full table-auto border-separate border-spacing-0 text-sm font-sans rounded-lg [&amp;_tr:last-child_td:first-child]:rounded-bl-lg [&amp;_tr:last-child_td:last-child]:rounded-br-lg\">\n<thead class=\"\">\n<tr>\n<th class=\"border-subtlest p-sm min-w-[48px] break-normal border-b text-left align-bottom border-r last:border-r-0 font-bold bg-subtle first:border-radius-tl-lg last:border-radius-tr-lg\">Item<\/th>\n<th class=\"border-subtlest p-sm min-w-[48px] break-normal border-b text-left align-bottom border-r last:border-r-0 font-bold bg-subtle first:border-radius-tl-lg last:border-radius-tr-lg\">Data<\/th>\n<\/tr>\n<\/thead>\n<tbody>\n<tr>\n<td class=\"border-subtlest px-sm min-w-[48px] break-normal border-b border-r last:border-r-0\">Product Type<\/td>\n<td class=\"border-subtlest px-sm min-w-[48px] break-normal border-b border-r last:border-r-0\">Two-component epoxy enamel<\/td>\n<\/tr>\n<tr>\n<td class=\"border-subtlest px-sm min-w-[48px] break-normal border-b border-r last:border-r-0\">Appearance \/ Color<\/td>\n<td class=\"border-subtlest px-sm min-w-[48px] break-normal border-b border-r last:border-r-0\">Various colors<\/td>\n<\/tr>\n<tr>\n<td class=\"border-subtlest px-sm min-w-[48px] break-normal border-b border-r last:border-r-0\">Theoretical Consumption<\/td>\n<td class=\"border-subtlest px-sm min-w-[48px] break-normal border-b border-r last:border-r-0\">0.16 kg\/m\u00b2 at 50 \u00b5m DFT (losses not included)<\/td>\n<\/tr>\n<tr>\n<td class=\"border-subtlest px-sm min-w-[48px] break-normal border-b border-r last:border-r-0\">Density \/ Specific Gravity<\/td>\n<td class=\"border-subtlest px-sm min-w-[48px] break-normal border-b border-r last:border-r-0\">Approx. 1.2 kg\/L<\/td>\n<\/tr>\n<tr>\n<td class=\"border-subtlest px-sm min-w-[48px] break-normal border-b border-r last:border-r-0\">Drying \/ Curing (25\u00b0C)<\/td>\n<td class=\"border-subtlest px-sm min-w-[48px] break-normal border-b border-r last:border-r-0\">Touch dry 2 h; hard dry 24 h; full cure 7 days<\/td>\n<\/tr>\n<tr>\n<td class=\"border-subtlest px-sm min-w-[48px] break-normal border-b border-r last:border-r-0\">Packaging<\/td>\n<td class=\"border-subtlest px-sm min-w-[48px] break-normal border-b border-r last:border-r-0\">Part A 20 kg; Part B 4 kg<\/td>\n<\/tr>\n<tr>\n<td class=\"border-subtlest px-sm min-w-[48px] break-normal border-b border-r last:border-r-0\">Shelf Life<\/td>\n<td class=\"border-subtlest px-sm min-w-[48px] break-normal border-b border-r last:border-r-0\">12 months<\/td>\n<\/tr>\n<\/tbody>\n<\/table>\n<\/div>\n<\/div>\n<p class=\"my-2 [&amp;+p]:mt-4 [&amp;_strong:has(+br)]:inline-block [&amp;_strong:has(+br)]:pb-2\"><strong>Storage<\/strong><br \/>\nStore in a dry, cool, ventilated place away from ignition sources and direct sunlight; no outdoor storage.<\/p>\n<h2 id=\"system-compatibility\" class=\"font-editorial font-bold mb-2 mt-4 [.has-inline-images_&amp;]:clear-end text-lg first:mt-0 md:text-lg [hr+&amp;]:mt-4\">System Compatibility<\/h2>\n<p class=\"my-2 [&amp;+p]:mt-4 [&amp;_strong:has(+br)]:inline-block [&amp;_strong:has(+br)]:pb-2\">Compatible undercoats include epoxy primer and epoxy MIO intermediate coating. Other compatible undercoats may also be used where applicable.<\/p>\n<h2 id=\"frequently-asked-questions\" class=\"font-editorial font-bold mb-2 mt-4 [.has-inline-images_&amp;]:clear-end text-lg first:mt-0 md:text-lg [hr+&amp;]:mt-4\">Frequently Asked Questions<\/h2>\n<h3 id=\"what-type-of-product-is-this\" class=\"font-editorial font-bold mb-2 mt-4 [.has-inline-images_&amp;]:clear-end text-base first:mt-0\">What type of product is this?<\/h3>\n<p class=\"my-2 [&amp;+p]:mt-4 [&amp;_strong:has(+br)]:inline-block [&amp;_strong:has(+br)]:pb-2\">This product is a two-component epoxy enamel supplied as Part A and Part B.<\/p>\n<h3 id=\"what-substrates-is-this-coating-designed-for\" class=\"font-editorial font-bold mb-2 mt-4 [.has-inline-images_&amp;]:clear-end text-base first:mt-0\">What substrates is this coating designed for?<\/h3>\n<p class=\"my-2 [&amp;+p]:mt-4 [&amp;_strong:has(+br)]:inline-block [&amp;_strong:has(+br)]:pb-2\">This coating is designed for steel and concrete surfaces.<\/p>\n<h3 id=\"what-application-methods-can-be-used\" class=\"font-editorial font-bold mb-2 mt-4 [.has-inline-images_&amp;]:clear-end text-base first:mt-0\">What application methods can be used?<\/h3>\n<p class=\"my-2 [&amp;+p]:mt-4 [&amp;_strong:has(+br)]:inline-block [&amp;_strong:has(+br)]:pb-2\">This coating can be applied by airless spray or brush.<\/p>\n<h3 id=\"what-is-the-recommended-dry-film-thickness\" class=\"font-editorial font-bold mb-2 mt-4 [.has-inline-images_&amp;]:clear-end text-base first:mt-0\">What is the recommended dry film thickness?<\/h3>\n<p class=\"my-2 [&amp;+p]:mt-4 [&amp;_strong:has(+br)]:inline-block [&amp;_strong:has(+br)]:pb-2\">The recommended dry film thickness is 50\u201370 \u00b5m per coat, or 35\u201355 \u00b5m per coat by brush\/roller.<\/p>\n<h3 id=\"what-is-the-recoat-interval\" class=\"font-editorial font-bold mb-2 mt-4 [.has-inline-images_&amp;]:clear-end text-base first:mt-0\">What is the recoat interval?<\/h3>\n<p class=\"my-2 [&amp;+p]:mt-4 [&amp;_strong:has(+br)]:inline-block [&amp;_strong:has(+br)]:pb-2\">The recoat interval is minimum 12 h and maximum 7 days.<\/p>\n<h3 id=\"what-surface-preparation-is-required\" class=\"font-editorial font-bold mb-2 mt-4 [.has-inline-images_&amp;]:clear-end text-base first:mt-0\">What surface preparation is required?<\/h3>\n<p class=\"my-2 [&amp;+p]:mt-4 [&amp;_strong:has(+br)]:inline-block [&amp;_strong:has(+br)]:pb-2\">Over a two-component primer, the surface must be clean, dry, and free of contaminants, and should be abraded if the maximum recoat interval is exceeded. As a first coat on steel, the surface should be blasted to Sa 2.5 or power-tool cleaned to St 3, with a surface profile of 30\u201375 \u00b5m.<\/p>\n","protected":false},"excerpt":{"rendered":"<p class=\"my-2 [&amp;+p]:mt-4 [&amp;_strong:has(+br)]:inline-block [&amp;_strong:has(+br)]:pb-2\">2K epoxy enamel with a porcelain-smooth, abrasion-resistant film for decorative heavy-duty corrosion protection on steel and concrete. Chemical, oil and moisture resistant. 30\u00b5m DFT per coat, 3-coat system to 100\u00b5m.<\/p>\n","protected":false},"featured_media":2223,"comment_status":"open","ping_status":"closed","template":"","meta":{"_acf_changed":false},"acf-product-category":[],"product_brand":[],"product_cat":[84,17],"product_tag":[],"class_list":{"0":"post-2314","1":"product","2":"type-product","3":"status-publish","4":"has-post-thumbnail","6":"product_cat-epoxy-anti-corrosion-coatings","7":"product_cat-product-overview","9":"first","10":"instock","11":"shipping-taxable","12":"product-type-simple"},"acf":[],"_links":{"self":[{"href":"https:\/\/huilicoating.com\/fr\/wp-json\/wp\/v2\/product\/2314","targetHints":{"allow":["GET"]}}],"collection":[{"href":"https:\/\/huilicoating.com\/fr\/wp-json\/wp\/v2\/product"}],"about":[{"href":"https:\/\/huilicoating.com\/fr\/wp-json\/wp\/v2\/types\/product"}],"replies":[{"embeddable":true,"href":"https:\/\/huilicoating.com\/fr\/wp-json\/wp\/v2\/comments?post=2314"}],"version-history":[{"count":4,"href":"https:\/\/huilicoating.com\/fr\/wp-json\/wp\/v2\/product\/2314\/revisions"}],"predecessor-version":[{"id":4203,"href":"https:\/\/huilicoating.com\/fr\/wp-json\/wp\/v2\/product\/2314\/revisions\/4203"}],"wp:featuredmedia":[{"embeddable":true,"href":"https:\/\/huilicoating.com\/fr\/wp-json\/wp\/v2\/media\/2223"}],"wp:attachment":[{"href":"https:\/\/huilicoating.com\/fr\/wp-json\/wp\/v2\/media?parent=2314"}],"wp:term":[{"taxonomy":"acf-product-category","embeddable":true,"href":"https:\/\/huilicoating.com\/fr\/wp-json\/wp\/v2\/acf-product-category?post=2314"},{"taxonomy":"product_brand","embeddable":true,"href":"https:\/\/huilicoating.com\/fr\/wp-json\/wp\/v2\/product_brand?post=2314"},{"taxonomy":"product_cat","embeddable":true,"href":"https:\/\/huilicoating.com\/fr\/wp-json\/wp\/v2\/product_cat?post=2314"},{"taxonomy":"product_tag","embeddable":true,"href":"https:\/\/huilicoating.com\/fr\/wp-json\/wp\/v2\/product_tag?post=2314"}],"curies":[{"name":"wp","href":"https:\/\/api.w.org\/{rel}","templated":true}]}}