{"id":2310,"date":"2026-01-16T07:49:42","date_gmt":"2026-01-16T07:49:42","guid":{"rendered":"https:\/\/huilicoating.com\/?post_type=product&#038;p=2310"},"modified":"2026-04-16T06:33:14","modified_gmt":"2026-04-16T06:33:14","slug":"gt-wsf-ft-outdoor-non-intumescent-fireproof-coating","status":"publish","type":"product","link":"https:\/\/huilicoating.com\/fr\/product\/gt-wsf-ft-outdoor-non-intumescent-fireproof-coating\/","title":{"rendered":"Rev\u00eatement ignifuge sp\u00e9cial ext\u00e9rieur non-intumescible GT-WSF-Ft pour structures en acier"},"content":{"rendered":"<p class=\"my-2 [&amp;+p]:mt-4 [&amp;_strong:has(+br)]:inline-block [&amp;_strong:has(+br)]:pb-2\"><strong>Overview<\/strong><br \/>\nSpecial outdoor non-intumescent fireproof coating designed for hydrocarbon flames, forming a fire-resistant thermal insulation protective layer on outdoor steel structures.<span class=\"inline-flex\" aria-label=\"021-Shi-Wai-Fei-Peng-Zhang-Xing-Te-Chong-Gang-Jie-Gou-Fang-Huo-Tu-Liao.doc\" data-state=\"closed\">\u200b<\/span><br \/>\nThe document states it does not corrode steel, does not chemically react with anti-corrosion primers, has no irritating odor, produces no smoke during fire exposure, and does not release harmful gases.<span class=\"inline-flex\" aria-label=\"021-Shi-Wai-Fei-Peng-Zhang-Xing-Te-Chong-Gang-Jie-Gou-Fang-Huo-Tu-Liao.doc\" data-state=\"closed\">\u200b<\/span><br \/>\nThe document states the product performance meets or exceeds GB 14907-2018 (Steel Structure Fireproof Coatings).<span class=\"inline-flex\" aria-label=\"021-Shi-Wai-Fei-Peng-Zhang-Xing-Te-Chong-Gang-Jie-Gou-Fang-Huo-Tu-Liao.doc\" data-state=\"closed\">\u200b<\/span><\/p>\n<p class=\"my-2 [&amp;+p]:mt-4 [&amp;_strong:has(+br)]:inline-block [&amp;_strong:has(+br)]:pb-2\"><strong>Composition<\/strong><br \/>\nLightweight thermal insulation materials, refractory cement, and refractory flame-retardant materials (composite).<span class=\"inline-flex\" aria-label=\"021-Shi-Wai-Fei-Peng-Zhang-Xing-Te-Chong-Gang-Jie-Gou-Fang-Huo-Tu-Liao.doc\" data-state=\"closed\">\u200b<\/span><\/p>\n<p class=\"my-2 [&amp;+p]:mt-4 [&amp;_strong:has(+br)]:inline-block [&amp;_strong:has(+br)]:pb-2\"><strong>Typical uses<\/strong><\/p>\n<ul class=\"marker:text-quiet list-disc\">\n<li class=\"py-0 my-0 prose-p:pt-0 prose-p:mb-2 prose-p:my-0 [&amp;&gt;p]:pt-0 [&amp;&gt;p]:mb-2 [&amp;&gt;p]:my-0\">\n<p class=\"my-2 [&amp;+p]:mt-4 [&amp;_strong:has(+br)]:inline-block [&amp;_strong:has(+br)]:pb-2\">Fire protection of outdoor steel structures in petrochemical refining and chemical enterprises where hydrocarbon flame resistance is required.<span class=\"inline-flex\" aria-label=\"021-Shi-Wai-Fei-Peng-Zhang-Xing-Te-Chong-Gang-Jie-Gou-Fang-Huo-Tu-Liao.doc\" data-state=\"closed\">\u200b<\/span><\/p>\n<\/li>\n<\/ul>\n<p class=\"my-2 [&amp;+p]:mt-4 [&amp;_strong:has(+br)]:inline-block [&amp;_strong:has(+br)]:pb-2\"><strong>Technical data (typical)<\/strong><\/p>\n<ul class=\"marker:text-quiet list-disc\">\n<li class=\"py-0 my-0 prose-p:pt-0 prose-p:mb-2 prose-p:my-0 [&amp;&gt;p]:pt-0 [&amp;&gt;p]:mb-2 [&amp;&gt;p]:my-0\">\n<p class=\"my-2 [&amp;+p]:mt-4 [&amp;_strong:has(+br)]:inline-block [&amp;_strong:has(+br)]:pb-2\">Color: Gray.<span class=\"inline-flex\" aria-label=\"021-Shi-Wai-Fei-Peng-Zhang-Xing-Te-Chong-Gang-Jie-Gou-Fang-Huo-Tu-Liao.doc\" data-state=\"closed\">\u200b<\/span><\/p>\n<\/li>\n<li class=\"py-0 my-0 prose-p:pt-0 prose-p:mb-2 prose-p:my-0 [&amp;&gt;p]:pt-0 [&amp;&gt;p]:mb-2 [&amp;&gt;p]:my-0\">\n<p class=\"my-2 [&amp;+p]:mt-4 [&amp;_strong:has(+br)]:inline-block [&amp;_strong:has(+br)]:pb-2\">Gloss: Matt (no gloss).<span class=\"inline-flex\" aria-label=\"021-Shi-Wai-Fei-Peng-Zhang-Xing-Te-Chong-Gang-Jie-Gou-Fang-Huo-Tu-Liao.doc\" data-state=\"closed\">\u200b<\/span><\/p>\n<\/li>\n<li class=\"py-0 my-0 prose-p:pt-0 prose-p:mb-2 prose-p:my-0 [&amp;&gt;p]:pt-0 [&amp;&gt;p]:mb-2 [&amp;&gt;p]:my-0\">\n<p class=\"my-2 [&amp;+p]:mt-4 [&amp;_strong:has(+br)]:inline-block [&amp;_strong:has(+br)]:pb-2\">Density \/ specific gravity: 0.4 kg\/L.<span class=\"inline-flex\" aria-label=\"021-Shi-Wai-Fei-Peng-Zhang-Xing-Te-Chong-Gang-Jie-Gou-Fang-Huo-Tu-Liao.doc\" data-state=\"closed\">\u200b<\/span><\/p>\n<\/li>\n<li class=\"py-0 my-0 prose-p:pt-0 prose-p:mb-2 prose-p:my-0 [&amp;&gt;p]:pt-0 [&amp;&gt;p]:mb-2 [&amp;&gt;p]:my-0\">\n<p class=\"my-2 [&amp;+p]:mt-4 [&amp;_strong:has(+br)]:inline-block [&amp;_strong:has(+br)]:pb-2\">Shelf life: 12 months (shown in the physical data table).<span class=\"inline-flex\" aria-label=\"021-Shi-Wai-Fei-Peng-Zhang-Xing-Te-Chong-Gang-Jie-Gou-Fang-Huo-Tu-Liao.doc\" data-state=\"closed\">\u200b<\/span><\/p>\n<\/li>\n<li class=\"py-0 my-0 prose-p:pt-0 prose-p:mb-2 prose-p:my-0 [&amp;&gt;p]:pt-0 [&amp;&gt;p]:mb-2 [&amp;&gt;p]:my-0\">\n<p class=\"my-2 [&amp;+p]:mt-4 [&amp;_strong:has(+br)]:inline-block [&amp;_strong:has(+br)]:pb-2\">Packaging: 20 kg\/bag.<span class=\"inline-flex\" aria-label=\"021-Shi-Wai-Fei-Peng-Zhang-Xing-Te-Chong-Gang-Jie-Gou-Fang-Huo-Tu-Liao.doc\" data-state=\"closed\">\u200b<\/span><\/p>\n<\/li>\n<li class=\"py-0 my-0 prose-p:pt-0 prose-p:mb-2 prose-p:my-0 [&amp;&gt;p]:pt-0 [&amp;&gt;p]:mb-2 [&amp;&gt;p]:my-0\">\n<p class=\"my-2 [&amp;+p]:mt-4 [&amp;_strong:has(+br)]:inline-block [&amp;_strong:has(+br)]:pb-2\">Coating theoretical (fire resistance requirement \u2192 thickness \u2192 number of coats \u2192 theoretical consumption): 3 h \u2192 \u226533 mm \u2192 5\u20136 coats \u2192 20\u201322 kg\/m\u00b2; 2 h \u2192 \u226524 mm \u2192 3\u20134 coats \u2192 15\u201317 kg\/m\u00b2; 1 h \u2192 \u226516 mm \u2192 2\u20133 coats \u2192 10\u201312 kg\/m\u00b2.<span class=\"inline-flex\" aria-label=\"021-Shi-Wai-Fei-Peng-Zhang-Xing-Te-Chong-Gang-Jie-Gou-Fang-Huo-Tu-Liao.doc\" data-state=\"closed\">\u200b<\/span><\/p>\n<\/li>\n<li class=\"py-0 my-0 prose-p:pt-0 prose-p:mb-2 prose-p:my-0 [&amp;&gt;p]:pt-0 [&amp;&gt;p]:mb-2 [&amp;&gt;p]:my-0\">\n<p class=\"my-2 [&amp;+p]:mt-4 [&amp;_strong:has(+br)]:inline-block [&amp;_strong:has(+br)]:pb-2\">Key test results (as listed): bond strength 0.11 (MPa shown in the standard requirement column); heat resistance 720 h attenuation 8%; damp heat 504 h attenuation 7%; freeze-thaw 15 cycles attenuation 2%; acid resistance 360 h attenuation 6%; alkali resistance 360 h attenuation 1%; salt spray (30 cycles) attenuation 5%; UV radiation (60 cycles) attenuation 6%; fire test: measured thickness 33 mm, steel beam span 5400 mm, test time 3.00 h, max deflection 29.59 mm, average temperature 521.31\u00b0C.<span class=\"inline-flex\" aria-label=\"021-Shi-Wai-Fei-Peng-Zhang-Xing-Te-Chong-Gang-Jie-Gou-Fang-Huo-Tu-Liao.doc\" data-state=\"closed\">\u200b<\/span><\/p>\n<\/li>\n<\/ul>\n<p class=\"my-2 [&amp;+p]:mt-4 [&amp;_strong:has(+br)]:inline-block [&amp;_strong:has(+br)]:pb-2\"><strong>Application data (25\u00b0C)<\/strong><\/p>\n<ul class=\"marker:text-quiet list-disc\">\n<li class=\"py-0 my-0 prose-p:pt-0 prose-p:mb-2 prose-p:my-0 [&amp;&gt;p]:pt-0 [&amp;&gt;p]:mb-2 [&amp;&gt;p]:my-0\">\n<p class=\"my-2 [&amp;+p]:mt-4 [&amp;_strong:has(+br)]:inline-block [&amp;_strong:has(+br)]:pb-2\">Thinner: Water.<span class=\"inline-flex\" aria-label=\"021-Shi-Wai-Fei-Peng-Zhang-Xing-Te-Chong-Gang-Jie-Gou-Fang-Huo-Tu-Liao.doc\" data-state=\"closed\">\u200b<\/span><\/p>\n<\/li>\n<li class=\"py-0 my-0 prose-p:pt-0 prose-p:mb-2 prose-p:my-0 [&amp;&gt;p]:pt-0 [&amp;&gt;p]:mb-2 [&amp;&gt;p]:my-0\">\n<p class=\"my-2 [&amp;+p]:mt-4 [&amp;_strong:has(+br)]:inline-block [&amp;_strong:has(+br)]:pb-2\">Application methods: Air spray and trowel application are stated.<span class=\"inline-flex\" aria-label=\"021-Shi-Wai-Fei-Peng-Zhang-Xing-Te-Chong-Gang-Jie-Gou-Fang-Huo-Tu-Liao.doc\" data-state=\"closed\">\u200b<\/span><\/p>\n<\/li>\n<li class=\"py-0 my-0 prose-p:pt-0 prose-p:mb-2 prose-p:my-0 [&amp;&gt;p]:pt-0 [&amp;&gt;p]:mb-2 [&amp;&gt;p]:my-0\">\n<p class=\"my-2 [&amp;+p]:mt-4 [&amp;_strong:has(+br)]:inline-block [&amp;_strong:has(+br)]:pb-2\">Spray equipment (as listed): continuous air supply pressure 0.6\u20130.8 MPa; spray gun nozzle diameter \u03a64.0\u20136.0 mm.<span class=\"inline-flex\" aria-label=\"021-Shi-Wai-Fei-Peng-Zhang-Xing-Te-Chong-Gang-Jie-Gou-Fang-Huo-Tu-Liao.doc\" data-state=\"closed\">\u200b<\/span><\/p>\n<\/li>\n<li class=\"py-0 my-0 prose-p:pt-0 prose-p:mb-2 prose-p:my-0 [&amp;&gt;p]:pt-0 [&amp;&gt;p]:mb-2 [&amp;&gt;p]:my-0\">\n<p class=\"my-2 [&amp;+p]:mt-4 [&amp;_strong:has(+br)]:inline-block [&amp;_strong:has(+br)]:pb-2\">Wet mix usable time (as stated): wet material must be used within 2 h (given in the interface layer \/ trowel mixing notes).<span class=\"inline-flex\" aria-label=\"021-Shi-Wai-Fei-Peng-Zhang-Xing-Te-Chong-Gang-Jie-Gou-Fang-Huo-Tu-Liao.doc\" data-state=\"closed\">\u200b<\/span><\/p>\n<\/li>\n<li class=\"py-0 my-0 prose-p:pt-0 prose-p:mb-2 prose-p:my-0 [&amp;&gt;p]:pt-0 [&amp;&gt;p]:mb-2 [&amp;&gt;p]:my-0\">\n<p class=\"my-2 [&amp;+p]:mt-4 [&amp;_strong:has(+br)]:inline-block [&amp;_strong:has(+br)]:pb-2\">Trowel application control (as stated): each pass thickness 6\u20138 mm; interval about 24 h between passes.<span class=\"inline-flex\" aria-label=\"021-Shi-Wai-Fei-Peng-Zhang-Xing-Te-Chong-Gang-Jie-Gou-Fang-Huo-Tu-Liao.doc\" data-state=\"closed\">\u200b<\/span><\/p>\n<\/li>\n<li class=\"py-0 my-0 prose-p:pt-0 prose-p:mb-2 prose-p:my-0 [&amp;&gt;p]:pt-0 [&amp;&gt;p]:mb-2 [&amp;&gt;p]:my-0\">\n<p class=\"my-2 [&amp;+p]:mt-4 [&amp;_strong:has(+br)]:inline-block [&amp;_strong:has(+br)]:pb-2\">Mixing ratio: coating : water : binder is referenced for spray and trowel application (numeric values are not shown in the provided table cells).<span class=\"inline-flex\" aria-label=\"021-Shi-Wai-Fei-Peng-Zhang-Xing-Te-Chong-Gang-Jie-Gou-Fang-Huo-Tu-Liao.doc\" data-state=\"closed\">\u200b<\/span><\/p>\n<\/li>\n<\/ul>\n<p class=\"my-2 [&amp;+p]:mt-4 [&amp;_strong:has(+br)]:inline-block [&amp;_strong:has(+br)]:pb-2\"><strong>Surface preparation<\/strong><\/p>\n<ul class=\"marker:text-quiet list-disc\">\n<li class=\"py-0 my-0 prose-p:pt-0 prose-p:mb-2 prose-p:my-0 [&amp;&gt;p]:pt-0 [&amp;&gt;p]:mb-2 [&amp;&gt;p]:my-0\">\n<p class=\"my-2 [&amp;+p]:mt-4 [&amp;_strong:has(+br)]:inline-block [&amp;_strong:has(+br)]:pb-2\">Prior to blasting: grind welds, remove welding spatter and burrs, and round sharp edges.<span class=\"inline-flex\" aria-label=\"021-Shi-Wai-Fei-Peng-Zhang-Xing-Te-Chong-Gang-Jie-Gou-Fang-Huo-Tu-Liao.doc\" data-state=\"closed\">\u200b<\/span><\/p>\n<\/li>\n<li class=\"py-0 my-0 prose-p:pt-0 prose-p:mb-2 prose-p:my-0 [&amp;&gt;p]:pt-0 [&amp;&gt;p]:mb-2 [&amp;&gt;p]:my-0\">\n<p class=\"my-2 [&amp;+p]:mt-4 [&amp;_strong:has(+br)]:inline-block [&amp;_strong:has(+br)]:pb-2\">Blast cleaning to Sa 2.5, or power-tool cleaning to St 3 to ensure steel is fully exposed and free of mill scale\/oxide scale.<span class=\"inline-flex\" aria-label=\"021-Shi-Wai-Fei-Peng-Zhang-Xing-Te-Chong-Gang-Jie-Gou-Fang-Huo-Tu-Liao.doc\" data-state=\"closed\">\u200b<\/span><\/p>\n<\/li>\n<li class=\"py-0 my-0 prose-p:pt-0 prose-p:mb-2 prose-p:my-0 [&amp;&gt;p]:pt-0 [&amp;&gt;p]:mb-2 [&amp;&gt;p]:my-0\">\n<p class=\"my-2 [&amp;+p]:mt-4 [&amp;_strong:has(+br)]:inline-block [&amp;_strong:has(+br)]:pb-2\">Apply coating within 5 h after surface preparation (as stated).<span class=\"inline-flex\" aria-label=\"021-Shi-Wai-Fei-Peng-Zhang-Xing-Te-Chong-Gang-Jie-Gou-Fang-Huo-Tu-Liao.doc\" data-state=\"closed\">\u200b<\/span><\/p>\n<\/li>\n<li class=\"py-0 my-0 prose-p:pt-0 prose-p:mb-2 prose-p:my-0 [&amp;&gt;p]:pt-0 [&amp;&gt;p]:mb-2 [&amp;&gt;p]:my-0\">\n<p class=\"my-2 [&amp;+p]:mt-4 [&amp;_strong:has(+br)]:inline-block [&amp;_strong:has(+br)]:pb-2\">Apply at least two coats of anti-corrosion primer first; apply the fireproof coating after the anti-corrosion primer is dry.<span class=\"inline-flex\" aria-label=\"021-Shi-Wai-Fei-Peng-Zhang-Xing-Te-Chong-Gang-Jie-Gou-Fang-Huo-Tu-Liao.doc\" data-state=\"closed\">\u200b<\/span><\/p>\n<\/li>\n<\/ul>\n<p class=\"my-2 [&amp;+p]:mt-4 [&amp;_strong:has(+br)]:inline-block [&amp;_strong:has(+br)]:pb-2\"><strong>System compatibility \/ packing \/ storage<\/strong><\/p>\n<ul class=\"marker:text-quiet list-disc\">\n<li class=\"py-0 my-0 prose-p:pt-0 prose-p:mb-2 prose-p:my-0 [&amp;&gt;p]:pt-0 [&amp;&gt;p]:mb-2 [&amp;&gt;p]:my-0\">\n<p class=\"my-2 [&amp;+p]:mt-4 [&amp;_strong:has(+br)]:inline-block [&amp;_strong:has(+br)]:pb-2\">The document states no chemical reaction with anti-corrosion primers.<span class=\"inline-flex\" aria-label=\"021-Shi-Wai-Fei-Peng-Zhang-Xing-Te-Chong-Gang-Jie-Gou-Fang-Huo-Tu-Liao.doc\" data-state=\"closed\">\u200b<\/span><\/p>\n<\/li>\n<li class=\"py-0 my-0 prose-p:pt-0 prose-p:mb-2 prose-p:my-0 [&amp;&gt;p]:pt-0 [&amp;&gt;p]:mb-2 [&amp;&gt;p]:my-0\">\n<p class=\"my-2 [&amp;+p]:mt-4 [&amp;_strong:has(+br)]:inline-block [&amp;_strong:has(+br)]:pb-2\">After the coating is thoroughly dry, two coats of decorative topcoat (tintable) may be applied to improve service life and appearance (as stated).<span class=\"inline-flex\" aria-label=\"021-Shi-Wai-Fei-Peng-Zhang-Xing-Te-Chong-Gang-Jie-Gou-Fang-Huo-Tu-Liao.doc\" data-state=\"closed\">\u200b<\/span><\/p>\n<\/li>\n<li class=\"py-0 my-0 prose-p:pt-0 prose-p:mb-2 prose-p:my-0 [&amp;&gt;p]:pt-0 [&amp;&gt;p]:mb-2 [&amp;&gt;p]:my-0\">\n<p class=\"my-2 [&amp;+p]:mt-4 [&amp;_strong:has(+br)]:inline-block [&amp;_strong:has(+br)]:pb-2\">Storage: sealed, stored off the ground in a ventilated and dry place without direct sunlight; prevent moisture and rain ingress; storage temperature 5\u201335\u00b0C.<span class=\"inline-flex\" aria-label=\"021-Shi-Wai-Fei-Peng-Zhang-Xing-Te-Chong-Gang-Jie-Gou-Fang-Huo-Tu-Liao.doc\" data-state=\"closed\">\u200b<\/span><\/p>\n<\/li>\n<li class=\"py-0 my-0 prose-p:pt-0 prose-p:mb-2 prose-p:my-0 [&amp;&gt;p]:pt-0 [&amp;&gt;p]:mb-2 [&amp;&gt;p]:my-0\">\n<p class=\"my-2 [&amp;+p]:mt-4 [&amp;_strong:has(+br)]:inline-block [&amp;_strong:has(+br)]:pb-2\">Shelf life: 9 months (stated in the storage section).<span class=\"inline-flex\" aria-label=\"021-Shi-Wai-Fei-Peng-Zhang-Xing-Te-Chong-Gang-Jie-Gou-Fang-Huo-Tu-Liao.doc\" data-state=\"closed\">\u200b<\/span><\/p>\n<\/li>\n<li class=\"py-0 my-0 prose-p:pt-0 prose-p:mb-2 prose-p:my-0 [&amp;&gt;p]:pt-0 [&amp;&gt;p]:mb-2 [&amp;&gt;p]:my-0\">\n<p class=\"my-2 [&amp;+p]:mt-4 [&amp;_strong:has(+br)]:inline-block [&amp;_strong:has(+br)]:pb-2\">Packaging: 20 kg\/bag.<\/p>\n<\/li>\n<\/ul>\n","protected":false},"excerpt":{"rendered":"<p class=\"my-2 [&amp;+p]:mt-4 [&amp;_strong:has(+br)]:inline-block [&amp;_strong:has(+br)]:pb-2\">Cementitious hydrocarbon fire-resistant coating engineered for petrochemical and oil refining facilities exposed to hydrocarbon flame. Impact-resistant and crack-resistant with outstanding weathering performance. Sa2.5 prep, 24\u201333mm total application thickness.<\/p>\n","protected":false},"featured_media":2224,"comment_status":"open","ping_status":"closed","template":"","meta":{"_acf_changed":false},"acf-product-category":[],"product_brand":[],"product_cat":[17,83],"product_tag":[],"class_list":{"0":"post-2310","1":"product","2":"type-product","3":"status-publish","4":"has-post-thumbnail","6":"product_cat-product-overview","7":"product_cat-fire-protection-coatings","9":"first","10":"instock","11":"shipping-taxable","12":"product-type-simple"},"acf":[],"_links":{"self":[{"href":"https:\/\/huilicoating.com\/fr\/wp-json\/wp\/v2\/product\/2310","targetHints":{"allow":["GET"]}}],"collection":[{"href":"https:\/\/huilicoating.com\/fr\/wp-json\/wp\/v2\/product"}],"about":[{"href":"https:\/\/huilicoating.com\/fr\/wp-json\/wp\/v2\/types\/product"}],"replies":[{"embeddable":true,"href":"https:\/\/huilicoating.com\/fr\/wp-json\/wp\/v2\/comments?post=2310"}],"version-history":[{"count":1,"href":"https:\/\/huilicoating.com\/fr\/wp-json\/wp\/v2\/product\/2310\/revisions"}],"predecessor-version":[{"id":4215,"href":"https:\/\/huilicoating.com\/fr\/wp-json\/wp\/v2\/product\/2310\/revisions\/4215"}],"wp:featuredmedia":[{"embeddable":true,"href":"https:\/\/huilicoating.com\/fr\/wp-json\/wp\/v2\/media\/2224"}],"wp:attachment":[{"href":"https:\/\/huilicoating.com\/fr\/wp-json\/wp\/v2\/media?parent=2310"}],"wp:term":[{"taxonomy":"acf-product-category","embeddable":true,"href":"https:\/\/huilicoating.com\/fr\/wp-json\/wp\/v2\/acf-product-category?post=2310"},{"taxonomy":"product_brand","embeddable":true,"href":"https:\/\/huilicoating.com\/fr\/wp-json\/wp\/v2\/product_brand?post=2310"},{"taxonomy":"product_cat","embeddable":true,"href":"https:\/\/huilicoating.com\/fr\/wp-json\/wp\/v2\/product_cat?post=2310"},{"taxonomy":"product_tag","embeddable":true,"href":"https:\/\/huilicoating.com\/fr\/wp-json\/wp\/v2\/product_tag?post=2310"}],"curies":[{"name":"wp","href":"https:\/\/api.w.org\/{rel}","templated":true}]}}