{"id":2303,"date":"2026-01-16T07:43:33","date_gmt":"2026-01-16T07:43:33","guid":{"rendered":"https:\/\/huilicoating.com\/?post_type=product&#038;p=2303"},"modified":"2026-04-16T06:32:39","modified_gmt":"2026-04-16T06:32:39","slug":"gt-wsp-fp2-00-outdoor-intumescent-fireproof-coating","status":"publish","type":"product","link":"https:\/\/huilicoating.com\/fr\/product\/gt-wsp-fp2-00-outdoor-intumescent-fireproof-coating\/","title":{"rendered":"GT-WSP-Fp2.00 Rev\u00eatement ignifuge ext\u00e9rieu \u00e0 base d'intumescence pour structure en acier"},"content":{"rendered":"<p class=\"my-2 [&amp;+p]:mt-4 [&amp;_strong:has(+br)]:inline-block [&amp;_strong:has(+br)]:pb-2\"><strong>Overview<\/strong><br \/>\nWaterborne fireproof coating for steel structures based on special waterborne elastic resin emulsion, flame retardants, blowing agent, and additives.<span class=\"inline-flex\" aria-label=\"018-GT-WSP-Fp2.00Shi-Wai-Peng-Zhang-Xing-Gang-Jie-Gou-Fang-Huo-Tu-Liao.doc\" data-state=\"closed\">\u200b<\/span><br \/>\nWhen exposed to fire, the coating intumesces to form a carbonized fire-resistant thermal insulation layer to delay steel heating and improve fire resistance time.<span class=\"inline-flex\" aria-label=\"018-GT-WSP-Fp2.00Shi-Wai-Peng-Zhang-Xing-Gang-Jie-Gou-Fang-Huo-Tu-Liao.doc\" data-state=\"closed\">\u200b<\/span><br \/>\nThe document states the product performance meets or exceeds GB 14907-2018 (Steel Structure Fireproof Coatings).<span class=\"inline-flex\" aria-label=\"018-GT-WSP-Fp2.00Shi-Wai-Peng-Zhang-Xing-Gang-Jie-Gou-Fang-Huo-Tu-Liao.doc\" data-state=\"closed\">\u200b<\/span><\/p>\n<p class=\"my-2 [&amp;+p]:mt-4 [&amp;_strong:has(+br)]:inline-block [&amp;_strong:has(+br)]:pb-2\"><strong>Composition<\/strong><br \/>\nSpecial waterborne elastic resin emulsion, high-efficiency flame retardant, blowing agent, and additives (waterborne system).<span class=\"inline-flex\" aria-label=\"018-GT-WSP-Fp2.00Shi-Wai-Peng-Zhang-Xing-Gang-Jie-Gou-Fang-Huo-Tu-Liao.doc\" data-state=\"closed\">\u200b<\/span><\/p>\n<p class=\"my-2 [&amp;+p]:mt-4 [&amp;_strong:has(+br)]:inline-block [&amp;_strong:has(+br)]:pb-2\"><strong>Typical uses<\/strong><\/p>\n<ul class=\"marker:text-quiet list-disc\">\n<li class=\"py-0 my-0 prose-p:pt-0 prose-p:mb-2 prose-p:my-0 [&amp;&gt;p]:pt-0 [&amp;&gt;p]:mb-2 [&amp;&gt;p]:my-0\">\n<p class=\"my-2 [&amp;+p]:mt-4 [&amp;_strong:has(+br)]:inline-block [&amp;_strong:has(+br)]:pb-2\">Fire protection for steel structures and building steel space frames (document describes broad application; product name specifies outdoor use).<span class=\"inline-flex\" aria-label=\"018-GT-WSP-Fp2.00Shi-Wai-Peng-Zhang-Xing-Gang-Jie-Gou-Fang-Huo-Tu-Liao.doc\" data-state=\"closed\">\u200b<\/span><\/p>\n<\/li>\n<\/ul>\n<p class=\"my-2 [&amp;+p]:mt-4 [&amp;_strong:has(+br)]:inline-block [&amp;_strong:has(+br)]:pb-2\"><strong>Technical data (typical)<\/strong><\/p>\n<ul class=\"marker:text-quiet list-disc\">\n<li class=\"py-0 my-0 prose-p:pt-0 prose-p:mb-2 prose-p:my-0 [&amp;&gt;p]:pt-0 [&amp;&gt;p]:mb-2 [&amp;&gt;p]:my-0\">\n<p class=\"my-2 [&amp;+p]:mt-4 [&amp;_strong:has(+br)]:inline-block [&amp;_strong:has(+br)]:pb-2\">Color: Gray.<span class=\"inline-flex\" aria-label=\"018-GT-WSP-Fp2.00Shi-Wai-Peng-Zhang-Xing-Gang-Jie-Gou-Fang-Huo-Tu-Liao.doc\" data-state=\"closed\">\u200b<\/span><\/p>\n<\/li>\n<li class=\"py-0 my-0 prose-p:pt-0 prose-p:mb-2 prose-p:my-0 [&amp;&gt;p]:pt-0 [&amp;&gt;p]:mb-2 [&amp;&gt;p]:my-0\">\n<p class=\"my-2 [&amp;+p]:mt-4 [&amp;_strong:has(+br)]:inline-block [&amp;_strong:has(+br)]:pb-2\">Gloss: Matt (no gloss).<span class=\"inline-flex\" aria-label=\"018-GT-WSP-Fp2.00Shi-Wai-Peng-Zhang-Xing-Gang-Jie-Gou-Fang-Huo-Tu-Liao.doc\" data-state=\"closed\">\u200b<\/span><\/p>\n<\/li>\n<li class=\"py-0 my-0 prose-p:pt-0 prose-p:mb-2 prose-p:my-0 [&amp;&gt;p]:pt-0 [&amp;&gt;p]:mb-2 [&amp;&gt;p]:my-0\">\n<p class=\"my-2 [&amp;+p]:mt-4 [&amp;_strong:has(+br)]:inline-block [&amp;_strong:has(+br)]:pb-2\">Density \/ specific gravity: 1.24 kg\/L.<span class=\"inline-flex\" aria-label=\"018-GT-WSP-Fp2.00Shi-Wai-Peng-Zhang-Xing-Gang-Jie-Gou-Fang-Huo-Tu-Liao.doc\" data-state=\"closed\">\u200b<\/span><\/p>\n<\/li>\n<li class=\"py-0 my-0 prose-p:pt-0 prose-p:mb-2 prose-p:my-0 [&amp;&gt;p]:pt-0 [&amp;&gt;p]:mb-2 [&amp;&gt;p]:my-0\">\n<p class=\"my-2 [&amp;+p]:mt-4 [&amp;_strong:has(+br)]:inline-block [&amp;_strong:has(+br)]:pb-2\">Shelf life: 12 months.<span class=\"inline-flex\" aria-label=\"018-GT-WSP-Fp2.00Shi-Wai-Peng-Zhang-Xing-Gang-Jie-Gou-Fang-Huo-Tu-Liao.doc\" data-state=\"closed\">\u200b<\/span><\/p>\n<\/li>\n<li class=\"py-0 my-0 prose-p:pt-0 prose-p:mb-2 prose-p:my-0 [&amp;&gt;p]:pt-0 [&amp;&gt;p]:mb-2 [&amp;&gt;p]:my-0\">\n<p class=\"my-2 [&amp;+p]:mt-4 [&amp;_strong:has(+br)]:inline-block [&amp;_strong:has(+br)]:pb-2\">Packaging: 20 kg\/pail or 50 kg\/pail.<span class=\"inline-flex\" aria-label=\"018-GT-WSP-Fp2.00Shi-Wai-Peng-Zhang-Xing-Gang-Jie-Gou-Fang-Huo-Tu-Liao.doc\" data-state=\"closed\">\u200b<\/span><\/p>\n<\/li>\n<li class=\"py-0 my-0 prose-p:pt-0 prose-p:mb-2 prose-p:my-0 [&amp;&gt;p]:pt-0 [&amp;&gt;p]:mb-2 [&amp;&gt;p]:my-0\">\n<p class=\"my-2 [&amp;+p]:mt-4 [&amp;_strong:has(+br)]:inline-block [&amp;_strong:has(+br)]:pb-2\">Coating theoretical (fire resistance requirement \u2192 thickness \u2192 theoretical consumption): 2 h \u2192 \u22653.2 mm \u2192 4.5 kg\/m\u00b2; 1.5 h \u2192 \u22652.6 mm \u2192 3.2 kg\/m\u00b2; 1 h \u2192 \u22651.7 mm \u2192 2.2 kg\/m\u00b2.<span class=\"inline-flex\" aria-label=\"018-GT-WSP-Fp2.00Shi-Wai-Peng-Zhang-Xing-Gang-Jie-Gou-Fang-Huo-Tu-Liao.doc\" data-state=\"closed\">\u200b<\/span><\/p>\n<\/li>\n<li class=\"py-0 my-0 prose-p:pt-0 prose-p:mb-2 prose-p:my-0 [&amp;&gt;p]:pt-0 [&amp;&gt;p]:mb-2 [&amp;&gt;p]:my-0\">\n<p class=\"my-2 [&amp;+p]:mt-4 [&amp;_strong:has(+br)]:inline-block [&amp;_strong:has(+br)]:pb-2\">Key test results (as listed): bond strength 0.77 MPa; heat resistance 720 h attenuation 7%; damp heat 504 h attenuation 6%; freeze-thaw 15 cycles attenuation 2%; acid resistance 360 h attenuation 4%; alkali resistance 360 h attenuation 2%; salt spray (30 cycles) attenuation 5%; UV radiation (60 cycles) attenuation 4%; fire test: thickness 3.2 mm, steel beam span 5400 mm, 120 min test time, max deflection 28.44 mm, average temperature 518.96\u00b0C.<span class=\"inline-flex\" aria-label=\"018-GT-WSP-Fp2.00Shi-Wai-Peng-Zhang-Xing-Gang-Jie-Gou-Fang-Huo-Tu-Liao.doc\" data-state=\"closed\">\u200b<\/span><\/p>\n<\/li>\n<\/ul>\n<p class=\"my-2 [&amp;+p]:mt-4 [&amp;_strong:has(+br)]:inline-block [&amp;_strong:has(+br)]:pb-2\"><strong>Application data (25\u00b0C)<\/strong><\/p>\n<ul class=\"marker:text-quiet list-disc\">\n<li class=\"py-0 my-0 prose-p:pt-0 prose-p:mb-2 prose-p:my-0 [&amp;&gt;p]:pt-0 [&amp;&gt;p]:mb-2 [&amp;&gt;p]:my-0\">\n<p class=\"my-2 [&amp;+p]:mt-4 [&amp;_strong:has(+br)]:inline-block [&amp;_strong:has(+br)]:pb-2\">Mixing: Single-pack.<span class=\"inline-flex\" aria-label=\"018-GT-WSP-Fp2.00Shi-Wai-Peng-Zhang-Xing-Gang-Jie-Gou-Fang-Huo-Tu-Liao.doc\" data-state=\"closed\">\u200b<\/span><\/p>\n<\/li>\n<li class=\"py-0 my-0 prose-p:pt-0 prose-p:mb-2 prose-p:my-0 [&amp;&gt;p]:pt-0 [&amp;&gt;p]:mb-2 [&amp;&gt;p]:my-0\">\n<p class=\"my-2 [&amp;+p]:mt-4 [&amp;_strong:has(+br)]:inline-block [&amp;_strong:has(+br)]:pb-2\">Induction time: None.<span class=\"inline-flex\" aria-label=\"018-GT-WSP-Fp2.00Shi-Wai-Peng-Zhang-Xing-Gang-Jie-Gou-Fang-Huo-Tu-Liao.doc\" data-state=\"closed\">\u200b<\/span><\/p>\n<\/li>\n<li class=\"py-0 my-0 prose-p:pt-0 prose-p:mb-2 prose-p:my-0 [&amp;&gt;p]:pt-0 [&amp;&gt;p]:mb-2 [&amp;&gt;p]:my-0\">\n<p class=\"my-2 [&amp;+p]:mt-4 [&amp;_strong:has(+br)]:inline-block [&amp;_strong:has(+br)]:pb-2\">Pot life: Unlimited (as stated).<span class=\"inline-flex\" aria-label=\"018-GT-WSP-Fp2.00Shi-Wai-Peng-Zhang-Xing-Gang-Jie-Gou-Fang-Huo-Tu-Liao.doc\" data-state=\"closed\">\u200b<\/span><\/p>\n<\/li>\n<li class=\"py-0 my-0 prose-p:pt-0 prose-p:mb-2 prose-p:my-0 [&amp;&gt;p]:pt-0 [&amp;&gt;p]:mb-2 [&amp;&gt;p]:my-0\">\n<p class=\"my-2 [&amp;+p]:mt-4 [&amp;_strong:has(+br)]:inline-block [&amp;_strong:has(+br)]:pb-2\">Application methods: Air spray, roller (brush also listed under application mode table).<span class=\"inline-flex\" aria-label=\"018-GT-WSP-Fp2.00Shi-Wai-Peng-Zhang-Xing-Gang-Jie-Gou-Fang-Huo-Tu-Liao.doc\" data-state=\"closed\">\u200b<\/span><\/p>\n<\/li>\n<li class=\"py-0 my-0 prose-p:pt-0 prose-p:mb-2 prose-p:my-0 [&amp;&gt;p]:pt-0 [&amp;&gt;p]:mb-2 [&amp;&gt;p]:my-0\">\n<p class=\"my-2 [&amp;+p]:mt-4 [&amp;_strong:has(+br)]:inline-block [&amp;_strong:has(+br)]:pb-2\">Thinner: Water.<span class=\"inline-flex\" aria-label=\"018-GT-WSP-Fp2.00Shi-Wai-Peng-Zhang-Xing-Gang-Jie-Gou-Fang-Huo-Tu-Liao.doc\" data-state=\"closed\">\u200b<\/span><\/p>\n<\/li>\n<li class=\"py-0 my-0 prose-p:pt-0 prose-p:mb-2 prose-p:my-0 [&amp;&gt;p]:pt-0 [&amp;&gt;p]:mb-2 [&amp;&gt;p]:my-0\">\n<p class=\"my-2 [&amp;+p]:mt-4 [&amp;_strong:has(+br)]:inline-block [&amp;_strong:has(+br)]:pb-2\">Maximum dilution: 5% (air spray); 5% (roller).<span class=\"inline-flex\" aria-label=\"018-GT-WSP-Fp2.00Shi-Wai-Peng-Zhang-Xing-Gang-Jie-Gou-Fang-Huo-Tu-Liao.doc\" data-state=\"closed\">\u200b<\/span><\/p>\n<\/li>\n<li class=\"py-0 my-0 prose-p:pt-0 prose-p:mb-2 prose-p:my-0 [&amp;&gt;p]:pt-0 [&amp;&gt;p]:mb-2 [&amp;&gt;p]:my-0\">\n<p class=\"my-2 [&amp;+p]:mt-4 [&amp;_strong:has(+br)]:inline-block [&amp;_strong:has(+br)]:pb-2\">Air spray nozzle diameter: 4.0\u20136.0 mm.<span class=\"inline-flex\" aria-label=\"018-GT-WSP-Fp2.00Shi-Wai-Peng-Zhang-Xing-Gang-Jie-Gou-Fang-Huo-Tu-Liao.doc\" data-state=\"closed\">\u200b<\/span><\/p>\n<\/li>\n<li class=\"py-0 my-0 prose-p:pt-0 prose-p:mb-2 prose-p:my-0 [&amp;&gt;p]:pt-0 [&amp;&gt;p]:mb-2 [&amp;&gt;p]:my-0\">\n<p class=\"my-2 [&amp;+p]:mt-4 [&amp;_strong:has(+br)]:inline-block [&amp;_strong:has(+br)]:pb-2\">Air spray pressure: 0.6\u20130.8 MPa.<span class=\"inline-flex\" aria-label=\"018-GT-WSP-Fp2.00Shi-Wai-Peng-Zhang-Xing-Gang-Jie-Gou-Fang-Huo-Tu-Liao.doc\" data-state=\"closed\">\u200b<\/span><\/p>\n<\/li>\n<li class=\"py-0 my-0 prose-p:pt-0 prose-p:mb-2 prose-p:my-0 [&amp;&gt;p]:pt-0 [&amp;&gt;p]:mb-2 [&amp;&gt;p]:my-0\">\n<p class=\"my-2 [&amp;+p]:mt-4 [&amp;_strong:has(+br)]:inline-block [&amp;_strong:has(+br)]:pb-2\">Application notes (thickness control): first coat \u22640.5 mm; subsequent coats \u22640.8 mm; interval between coats not less than 24 h.<span class=\"inline-flex\" aria-label=\"018-GT-WSP-Fp2.00Shi-Wai-Peng-Zhang-Xing-Gang-Jie-Gou-Fang-Huo-Tu-Liao.doc\" data-state=\"closed\">\u200b<\/span><\/p>\n<\/li>\n<li class=\"py-0 my-0 prose-p:pt-0 prose-p:mb-2 prose-p:my-0 [&amp;&gt;p]:pt-0 [&amp;&gt;p]:mb-2 [&amp;&gt;p]:my-0\">\n<p class=\"my-2 [&amp;+p]:mt-4 [&amp;_strong:has(+br)]:inline-block [&amp;_strong:has(+br)]:pb-2\">Coating conditioning for testing (as stated): physico-chemical performance testing conditioning 30 days at 5\u201335\u00b0C; fire performance testing conditioning 50 days at 5\u201335\u00b0C.<span class=\"inline-flex\" aria-label=\"018-GT-WSP-Fp2.00Shi-Wai-Peng-Zhang-Xing-Gang-Jie-Gou-Fang-Huo-Tu-Liao.doc\" data-state=\"closed\">\u200b<\/span><\/p>\n<\/li>\n<\/ul>\n<p class=\"my-2 [&amp;+p]:mt-4 [&amp;_strong:has(+br)]:inline-block [&amp;_strong:has(+br)]:pb-2\"><strong>Surface preparation<\/strong><\/p>\n<ul class=\"marker:text-quiet list-disc\">\n<li class=\"py-0 my-0 prose-p:pt-0 prose-p:mb-2 prose-p:my-0 [&amp;&gt;p]:pt-0 [&amp;&gt;p]:mb-2 [&amp;&gt;p]:my-0\">\n<p class=\"my-2 [&amp;+p]:mt-4 [&amp;_strong:has(+br)]:inline-block [&amp;_strong:has(+br)]:pb-2\">Prior to blasting: grind welds, welding spatter, burrs, and chamfer sharp edges.<span class=\"inline-flex\" aria-label=\"018-GT-WSP-Fp2.00Shi-Wai-Peng-Zhang-Xing-Gang-Jie-Gou-Fang-Huo-Tu-Liao.doc\" data-state=\"closed\">\u200b<\/span><\/p>\n<\/li>\n<li class=\"py-0 my-0 prose-p:pt-0 prose-p:mb-2 prose-p:my-0 [&amp;&gt;p]:pt-0 [&amp;&gt;p]:mb-2 [&amp;&gt;p]:my-0\">\n<p class=\"my-2 [&amp;+p]:mt-4 [&amp;_strong:has(+br)]:inline-block [&amp;_strong:has(+br)]:pb-2\">Blast cleaning to Sa 2.5 or power-tool cleaning to St 3; steel must be bare and free of mill scale\/oxide scale.<span class=\"inline-flex\" aria-label=\"018-GT-WSP-Fp2.00Shi-Wai-Peng-Zhang-Xing-Gang-Jie-Gou-Fang-Huo-Tu-Liao.doc\" data-state=\"closed\">\u200b<\/span><\/p>\n<\/li>\n<li class=\"py-0 my-0 prose-p:pt-0 prose-p:mb-2 prose-p:my-0 [&amp;&gt;p]:pt-0 [&amp;&gt;p]:mb-2 [&amp;&gt;p]:my-0\">\n<p class=\"my-2 [&amp;+p]:mt-4 [&amp;_strong:has(+br)]:inline-block [&amp;_strong:has(+br)]:pb-2\">Apply coating within 5 h after surface preparation (as stated).<span class=\"inline-flex\" aria-label=\"018-GT-WSP-Fp2.00Shi-Wai-Peng-Zhang-Xing-Gang-Jie-Gou-Fang-Huo-Tu-Liao.doc\" data-state=\"closed\">\u200b<\/span><\/p>\n<\/li>\n<li class=\"py-0 my-0 prose-p:pt-0 prose-p:mb-2 prose-p:my-0 [&amp;&gt;p]:pt-0 [&amp;&gt;p]:mb-2 [&amp;&gt;p]:my-0\">\n<p class=\"my-2 [&amp;+p]:mt-4 [&amp;_strong:has(+br)]:inline-block [&amp;_strong:has(+br)]:pb-2\">Apply at least two coats of anti-corrosion primer first; apply fireproof coating after the anti-corrosion primer is dry.<span class=\"inline-flex\" aria-label=\"018-GT-WSP-Fp2.00Shi-Wai-Peng-Zhang-Xing-Gang-Jie-Gou-Fang-Huo-Tu-Liao.doc\" data-state=\"closed\">\u200b<\/span><\/p>\n<\/li>\n<\/ul>\n<p class=\"my-2 [&amp;+p]:mt-4 [&amp;_strong:has(+br)]:inline-block [&amp;_strong:has(+br)]:pb-2\"><strong>System compatibility \/ packing \/ storage<\/strong><\/p>\n<ul class=\"marker:text-quiet list-disc\">\n<li class=\"py-0 my-0 prose-p:pt-0 prose-p:mb-2 prose-p:my-0 [&amp;&gt;p]:pt-0 [&amp;&gt;p]:mb-2 [&amp;&gt;p]:my-0\">\n<p class=\"my-2 [&amp;+p]:mt-4 [&amp;_strong:has(+br)]:inline-block [&amp;_strong:has(+br)]:pb-2\">After achieving thickness and hard dry, a dedicated topcoat (tintable) may be applied for protection and decoration; the fireproof coating itself is stated as not tintable.<span class=\"inline-flex\" aria-label=\"018-GT-WSP-Fp2.00Shi-Wai-Peng-Zhang-Xing-Gang-Jie-Gou-Fang-Huo-Tu-Liao.doc\" data-state=\"closed\">\u200b<\/span><\/p>\n<\/li>\n<li class=\"py-0 my-0 prose-p:pt-0 prose-p:mb-2 prose-p:my-0 [&amp;&gt;p]:pt-0 [&amp;&gt;p]:mb-2 [&amp;&gt;p]:my-0\">\n<p class=\"my-2 [&amp;+p]:mt-4 [&amp;_strong:has(+br)]:inline-block [&amp;_strong:has(+br)]:pb-2\">Storage: sealed storage in a ventilated, dry place without direct sunlight; storage temperature 5\u201335\u00b0C (as stated).<span class=\"inline-flex\" aria-label=\"018-GT-WSP-Fp2.00Shi-Wai-Peng-Zhang-Xing-Gang-Jie-Gou-Fang-Huo-Tu-Liao.doc\" data-state=\"closed\">\u200b<\/span><\/p>\n<\/li>\n<li class=\"py-0 my-0 prose-p:pt-0 prose-p:mb-2 prose-p:my-0 [&amp;&gt;p]:pt-0 [&amp;&gt;p]:mb-2 [&amp;&gt;p]:my-0\">\n<p class=\"my-2 [&amp;+p]:mt-4 [&amp;_strong:has(+br)]:inline-block [&amp;_strong:has(+br)]:pb-2\">Shelf life: 12 months.<\/p>\n<\/li>\n<\/ul>\n","protected":false},"excerpt":{"rendered":"<p class=\"my-2 [&amp;+p]:mt-4 [&amp;_strong:has(+br)]:inline-block [&amp;_strong:has(+br)]:pb-2\">Single-component water-based intumescent coating with 2-hour fire rating and outstanding weathering resistance for exterior steel structures. Resistant to UV, salt spray, freeze-thaw and acid-alkali exposure. Sa2.5 prep, 1.7\u20133.2mm application thickness.<\/p>\n","protected":false},"featured_media":2224,"comment_status":"open","ping_status":"closed","template":"","meta":{"_acf_changed":false},"acf-product-category":[],"product_brand":[],"product_cat":[83,17],"product_tag":[],"class_list":{"0":"post-2303","1":"product","2":"type-product","3":"status-publish","4":"has-post-thumbnail","6":"product_cat-fire-protection-coatings","7":"product_cat-product-overview","9":"first","10":"instock","11":"shipping-taxable","12":"product-type-simple"},"acf":[],"_links":{"self":[{"href":"https:\/\/huilicoating.com\/fr\/wp-json\/wp\/v2\/product\/2303","targetHints":{"allow":["GET"]}}],"collection":[{"href":"https:\/\/huilicoating.com\/fr\/wp-json\/wp\/v2\/product"}],"about":[{"href":"https:\/\/huilicoating.com\/fr\/wp-json\/wp\/v2\/types\/product"}],"replies":[{"embeddable":true,"href":"https:\/\/huilicoating.com\/fr\/wp-json\/wp\/v2\/comments?post=2303"}],"version-history":[{"count":1,"href":"https:\/\/huilicoating.com\/fr\/wp-json\/wp\/v2\/product\/2303\/revisions"}],"predecessor-version":[{"id":4212,"href":"https:\/\/huilicoating.com\/fr\/wp-json\/wp\/v2\/product\/2303\/revisions\/4212"}],"wp:featuredmedia":[{"embeddable":true,"href":"https:\/\/huilicoating.com\/fr\/wp-json\/wp\/v2\/media\/2224"}],"wp:attachment":[{"href":"https:\/\/huilicoating.com\/fr\/wp-json\/wp\/v2\/media?parent=2303"}],"wp:term":[{"taxonomy":"acf-product-category","embeddable":true,"href":"https:\/\/huilicoating.com\/fr\/wp-json\/wp\/v2\/acf-product-category?post=2303"},{"taxonomy":"product_brand","embeddable":true,"href":"https:\/\/huilicoating.com\/fr\/wp-json\/wp\/v2\/product_brand?post=2303"},{"taxonomy":"product_cat","embeddable":true,"href":"https:\/\/huilicoating.com\/fr\/wp-json\/wp\/v2\/product_cat?post=2303"},{"taxonomy":"product_tag","embeddable":true,"href":"https:\/\/huilicoating.com\/fr\/wp-json\/wp\/v2\/product_tag?post=2303"}],"curies":[{"name":"wp","href":"https:\/\/api.w.org\/{rel}","templated":true}]}}