{"id":2298,"date":"2026-01-16T07:37:57","date_gmt":"2026-01-16T07:37:57","guid":{"rendered":"https:\/\/huilicoating.com\/?post_type=product&#038;p=2298"},"modified":"2026-04-15T08:43:55","modified_gmt":"2026-04-15T08:43:55","slug":"plx06-vinyl-phosphating-primer","status":"publish","type":"product","link":"https:\/\/huilicoating.com\/fr\/product\/plx06-vinyl-phosphating-primer\/","title":{"rendered":"Primaire de phosphatation en vinyle PLX06"},"content":{"rendered":"<h2 id=\"overview\" class=\"font-editorial font-bold mb-2 mt-4 [.has-inline-images_&amp;]:clear-end text-lg first:mt-0 md:text-lg [hr+&amp;]:mt-4\">Overview<\/h2>\n<p class=\"my-2 [&amp;+p]:mt-4 [&amp;_strong:has(+br)]:inline-block [&amp;_strong:has(+br)]:pb-2\">PLX06 Vinyl Phosphating Primer is a two-component vinyl phosphating primer formulated to form a coating with chemical adhesion on non-ferrous\/light metal surfaces and improve adhesion of subsequent coatings.<\/p>\n<p class=\"my-2 [&amp;+p]:mt-4 [&amp;_strong:has(+br)]:inline-block [&amp;_strong:has(+br)]:pb-2\">The product is formulated with polyvinyl butyral resin, anti-rust pigments, passivator, solvent, additives, and an acidified curing agent. It is used for phosphating treatment on galvanized steel and aluminum and, when used with epoxy anti-rust coatings, it is stated to enhance salt spray corrosion resistance and moisture resistance of the coating film.<\/p>\n<h2 id=\"key-benefits\" class=\"font-editorial font-bold mb-2 mt-4 [.has-inline-images_&amp;]:clear-end text-lg first:mt-0 md:text-lg [hr+&amp;]:mt-4\">Key Benefits<\/h2>\n<ul class=\"marker:text-quiet list-disc\">\n<li class=\"py-0 my-0 prose-p:pt-0 prose-p:mb-2 prose-p:my-0 [&amp;&gt;p]:pt-0 [&amp;&gt;p]:mb-2 [&amp;&gt;p]:my-0\">\n<p class=\"my-2 [&amp;+p]:mt-4 [&amp;_strong:has(+br)]:inline-block [&amp;_strong:has(+br)]:pb-2\">Forms chemical adhesion on non-ferrous and light metal surfaces<\/p>\n<\/li>\n<li class=\"py-0 my-0 prose-p:pt-0 prose-p:mb-2 prose-p:my-0 [&amp;&gt;p]:pt-0 [&amp;&gt;p]:mb-2 [&amp;&gt;p]:my-0\">\n<p class=\"my-2 [&amp;+p]:mt-4 [&amp;_strong:has(+br)]:inline-block [&amp;_strong:has(+br)]:pb-2\">Improves adhesion of subsequent coatings<\/p>\n<\/li>\n<li class=\"py-0 my-0 prose-p:pt-0 prose-p:mb-2 prose-p:my-0 [&amp;&gt;p]:pt-0 [&amp;&gt;p]:mb-2 [&amp;&gt;p]:my-0\">\n<p class=\"my-2 [&amp;+p]:mt-4 [&amp;_strong:has(+br)]:inline-block [&amp;_strong:has(+br)]:pb-2\">Suitable for phosphating treatment on galvanized steel and aluminum<\/p>\n<\/li>\n<li class=\"py-0 my-0 prose-p:pt-0 prose-p:mb-2 prose-p:my-0 [&amp;&gt;p]:pt-0 [&amp;&gt;p]:mb-2 [&amp;&gt;p]:my-0\">\n<p class=\"my-2 [&amp;+p]:mt-4 [&amp;_strong:has(+br)]:inline-block [&amp;_strong:has(+br)]:pb-2\">Can be used with epoxy anti-rust coatings<\/p>\n<\/li>\n<li class=\"py-0 my-0 prose-p:pt-0 prose-p:mb-2 prose-p:my-0 [&amp;&gt;p]:pt-0 [&amp;&gt;p]:mb-2 [&amp;&gt;p]:my-0\">\n<p class=\"my-2 [&amp;+p]:mt-4 [&amp;_strong:has(+br)]:inline-block [&amp;_strong:has(+br)]:pb-2\">Stated to enhance salt spray corrosion resistance when used with epoxy anti-rust coatings<\/p>\n<\/li>\n<li class=\"py-0 my-0 prose-p:pt-0 prose-p:mb-2 prose-p:my-0 [&amp;&gt;p]:pt-0 [&amp;&gt;p]:mb-2 [&amp;&gt;p]:my-0\">\n<p class=\"my-2 [&amp;+p]:mt-4 [&amp;_strong:has(+br)]:inline-block [&amp;_strong:has(+br)]:pb-2\">Stated to enhance moisture resistance when used with epoxy anti-rust coatings<\/p>\n<\/li>\n<\/ul>\n<h2 id=\"recommended-uses\" class=\"font-editorial font-bold mb-2 mt-4 [.has-inline-images_&amp;]:clear-end text-lg first:mt-0 md:text-lg [hr+&amp;]:mt-4\">Recommended Uses<\/h2>\n<p class=\"my-2 [&amp;+p]:mt-4 [&amp;_strong:has(+br)]:inline-block [&amp;_strong:has(+br)]:pb-2\">This primer is suitable for surface treatment and adhesion improvement on light metal substrates in coating systems.<\/p>\n<p class=\"my-2 [&amp;+p]:mt-4 [&amp;_strong:has(+br)]:inline-block [&amp;_strong:has(+br)]:pb-2\"><strong>Typical application areas<\/strong><\/p>\n<ul class=\"marker:text-quiet list-disc\">\n<li class=\"py-0 my-0 prose-p:pt-0 prose-p:mb-2 prose-p:my-0 [&amp;&gt;p]:pt-0 [&amp;&gt;p]:mb-2 [&amp;&gt;p]:my-0\">\n<p class=\"my-2 [&amp;+p]:mt-4 [&amp;_strong:has(+br)]:inline-block [&amp;_strong:has(+br)]:pb-2\">Galvanized steel<\/p>\n<\/li>\n<li class=\"py-0 my-0 prose-p:pt-0 prose-p:mb-2 prose-p:my-0 [&amp;&gt;p]:pt-0 [&amp;&gt;p]:mb-2 [&amp;&gt;p]:my-0\">\n<p class=\"my-2 [&amp;+p]:mt-4 [&amp;_strong:has(+br)]:inline-block [&amp;_strong:has(+br)]:pb-2\">Aluminum<\/p>\n<\/li>\n<li class=\"py-0 my-0 prose-p:pt-0 prose-p:mb-2 prose-p:my-0 [&amp;&gt;p]:pt-0 [&amp;&gt;p]:mb-2 [&amp;&gt;p]:my-0\">\n<p class=\"my-2 [&amp;+p]:mt-4 [&amp;_strong:has(+br)]:inline-block [&amp;_strong:has(+br)]:pb-2\">Other light metal substrates<\/p>\n<\/li>\n<li class=\"py-0 my-0 prose-p:pt-0 prose-p:mb-2 prose-p:my-0 [&amp;&gt;p]:pt-0 [&amp;&gt;p]:mb-2 [&amp;&gt;p]:my-0\">\n<p class=\"my-2 [&amp;+p]:mt-4 [&amp;_strong:has(+br)]:inline-block [&amp;_strong:has(+br)]:pb-2\">Projects requiring improved intercoat adhesion of subsequent coatings<\/p>\n<\/li>\n<\/ul>\n<h2 id=\"application-guide\" class=\"font-editorial font-bold mb-2 mt-4 [.has-inline-images_&amp;]:clear-end text-lg first:mt-0 md:text-lg [hr+&amp;]:mt-4\">Application Guide<\/h2>\n<div class=\"group relative my-[1em]\">\n<div class=\"sticky top-0 z-10 h-0\" aria-hidden=\"true\">\n<div class=\"w-full overflow-hidden bg-raised border-x md:max-w-[90vw] border-subtlest ring-subtlest divide-subtlest\"><\/div>\n<\/div>\n<div class=\"w-full overflow-auto scrollbar-subtle rounded-lg border md:max-w-[90vw] border-subtlest ring-subtlest divide-subtlest bg-raised\">\n<table class=\"[&amp;_tr:last-child_td]:border-b-0 my-0 w-full table-auto border-separate border-spacing-0 text-sm font-sans rounded-lg [&amp;_tr:last-child_td:first-child]:rounded-bl-lg [&amp;_tr:last-child_td:last-child]:rounded-br-lg\">\n<thead class=\"\">\n<tr>\n<th class=\"border-subtlest p-sm min-w-[48px] break-normal border-b text-left align-bottom border-r last:border-r-0 font-bold bg-subtle first:border-radius-tl-lg last:border-radius-tr-lg\">Item<\/th>\n<th class=\"border-subtlest p-sm min-w-[48px] break-normal border-b text-left align-bottom border-r last:border-r-0 font-bold bg-subtle first:border-radius-tl-lg last:border-radius-tr-lg\">Details<\/th>\n<\/tr>\n<\/thead>\n<tbody>\n<tr>\n<td class=\"border-subtlest px-sm min-w-[48px] break-normal border-b border-r last:border-r-0\">Mixing Ratio (A:B)<\/td>\n<td class=\"border-subtlest px-sm min-w-[48px] break-normal border-b border-r last:border-r-0\">4:1<\/td>\n<\/tr>\n<tr>\n<td class=\"border-subtlest px-sm min-w-[48px] break-normal border-b border-r last:border-r-0\">Induction Time<\/td>\n<td class=\"border-subtlest px-sm min-w-[48px] break-normal border-b border-r last:border-r-0\">None<\/td>\n<\/tr>\n<tr>\n<td class=\"border-subtlest px-sm min-w-[48px] break-normal border-b border-r last:border-r-0\">Pot Life \/ Usable Time<\/td>\n<td class=\"border-subtlest px-sm min-w-[48px] break-normal border-b border-r last:border-r-0\">6 h<\/td>\n<\/tr>\n<tr>\n<td class=\"border-subtlest px-sm min-w-[48px] break-normal border-b border-r last:border-r-0\">Application Methods<\/td>\n<td class=\"border-subtlest px-sm min-w-[48px] break-normal border-b border-r last:border-r-0\">Spray, brush<\/td>\n<\/tr>\n<tr>\n<td class=\"border-subtlest px-sm min-w-[48px] break-normal border-b border-r last:border-r-0\">Thinner \/ Cleaner<\/td>\n<td class=\"border-subtlest px-sm min-w-[48px] break-normal border-b border-r last:border-r-0\">PLX06 dedicated thinner<\/td>\n<\/tr>\n<tr>\n<td class=\"border-subtlest px-sm min-w-[48px] break-normal border-b border-r last:border-r-0\">Typical Dilution<\/td>\n<td class=\"border-subtlest px-sm min-w-[48px] break-normal border-b border-r last:border-r-0\">10\u201320%<\/td>\n<\/tr>\n<tr>\n<td class=\"border-subtlest px-sm min-w-[48px] break-normal border-b border-r last:border-r-0\">Recoat Interval \/ Overcoating Interval (25\u00b0C)<\/td>\n<td class=\"border-subtlest px-sm min-w-[48px] break-normal border-b border-r last:border-r-0\">Minimum 2 h; maximum 3 days<\/td>\n<\/tr>\n<tr>\n<td class=\"border-subtlest px-sm min-w-[48px] break-normal border-b border-r last:border-r-0\">Recommended DFT<\/td>\n<td class=\"border-subtlest px-sm min-w-[48px] break-normal border-b border-r last:border-r-0\">15\u201325 \u00b5m per coat<\/td>\n<\/tr>\n<\/tbody>\n<\/table>\n<\/div>\n<\/div>\n<h2 id=\"surface-preparation\" class=\"font-editorial font-bold mb-2 mt-4 [.has-inline-images_&amp;]:clear-end text-lg first:mt-0 md:text-lg [hr+&amp;]:mt-4\">Surface Preparation<\/h2>\n<p class=\"my-2 [&amp;+p]:mt-4 [&amp;_strong:has(+br)]:inline-block [&amp;_strong:has(+br)]:pb-2\">Surface must be clean, dry, and free of contaminants; surface evaluation and preparation according to ISO 8504 is specified.<\/p>\n<h2 id=\"technical-data\" class=\"font-editorial font-bold mb-2 mt-4 [.has-inline-images_&amp;]:clear-end text-lg first:mt-0 md:text-lg [hr+&amp;]:mt-4\">Technical Data<\/h2>\n<div class=\"group relative my-[1em]\">\n<div class=\"sticky top-0 z-10 h-0\" aria-hidden=\"true\">\n<div class=\"w-full overflow-hidden bg-raised border-x md:max-w-[90vw] border-subtlest ring-subtlest divide-subtlest\"><\/div>\n<\/div>\n<div class=\"w-full overflow-auto scrollbar-subtle rounded-lg border md:max-w-[90vw] border-subtlest ring-subtlest divide-subtlest bg-raised\">\n<table class=\"[&amp;_tr:last-child_td]:border-b-0 my-0 w-full table-auto border-separate border-spacing-0 text-sm font-sans rounded-lg [&amp;_tr:last-child_td:first-child]:rounded-bl-lg [&amp;_tr:last-child_td:last-child]:rounded-br-lg\">\n<thead class=\"\">\n<tr>\n<th class=\"border-subtlest p-sm min-w-[48px] break-normal border-b text-left align-bottom border-r last:border-r-0 font-bold bg-subtle first:border-radius-tl-lg last:border-radius-tr-lg\">Item<\/th>\n<th class=\"border-subtlest p-sm min-w-[48px] break-normal border-b text-left align-bottom border-r last:border-r-0 font-bold bg-subtle first:border-radius-tl-lg last:border-radius-tr-lg\">Value<\/th>\n<\/tr>\n<\/thead>\n<tbody>\n<tr>\n<td class=\"border-subtlest px-sm min-w-[48px] break-normal border-b border-r last:border-r-0\">Product Type<\/td>\n<td class=\"border-subtlest px-sm min-w-[48px] break-normal border-b border-r last:border-r-0\">Two-component vinyl phosphating primer<\/td>\n<\/tr>\n<tr>\n<td class=\"border-subtlest px-sm min-w-[48px] break-normal border-b border-r last:border-r-0\">Appearance \/ Color<\/td>\n<td class=\"border-subtlest px-sm min-w-[48px] break-normal border-b border-r last:border-r-0\">Light yellow<\/td>\n<\/tr>\n<tr>\n<td class=\"border-subtlest px-sm min-w-[48px] break-normal border-b border-r last:border-r-0\">Theoretical Consumption<\/td>\n<td class=\"border-subtlest px-sm min-w-[48px] break-normal border-b border-r last:border-r-0\">0.06 kg\/m\u00b2 at 20 \u00b5m DFT (losses not included)<\/td>\n<\/tr>\n<tr>\n<td class=\"border-subtlest px-sm min-w-[48px] break-normal border-b border-r last:border-r-0\">Density \/ Specific Gravity<\/td>\n<td class=\"border-subtlest px-sm min-w-[48px] break-normal border-b border-r last:border-r-0\">0.95 kg\/\u33a1 (as stated)<\/td>\n<\/tr>\n<tr>\n<td class=\"border-subtlest px-sm min-w-[48px] break-normal border-b border-r last:border-r-0\">Drying (25\u00b0C)<\/td>\n<td class=\"border-subtlest px-sm min-w-[48px] break-normal border-b border-r last:border-r-0\">Touch dry 15 min; hard dry 2 h<\/td>\n<\/tr>\n<tr>\n<td class=\"border-subtlest px-sm min-w-[48px] break-normal border-b border-r last:border-r-0\">Packaging<\/td>\n<td class=\"border-subtlest px-sm min-w-[48px] break-normal border-b border-r last:border-r-0\">Part A 16 kg; Part B 4 kg<\/td>\n<\/tr>\n<tr>\n<td class=\"border-subtlest px-sm min-w-[48px] break-normal border-b border-r last:border-r-0\">Shelf Life<\/td>\n<td class=\"border-subtlest px-sm min-w-[48px] break-normal border-b border-r last:border-r-0\">6 months<\/td>\n<\/tr>\n<\/tbody>\n<\/table>\n<\/div>\n<\/div>\n<p class=\"my-2 [&amp;+p]:mt-4 [&amp;_strong:has(+br)]:inline-block [&amp;_strong:has(+br)]:pb-2\"><strong>Storage<\/strong><br \/>\nStore in a dry, cool, ventilated warehouse away from fire sources and direct sunlight; outdoor storage is not permitted.<\/p>\n<h2 id=\"system-compatibility\" class=\"font-editorial font-bold mb-2 mt-4 [.has-inline-images_&amp;]:clear-end text-lg first:mt-0 md:text-lg [hr+&amp;]:mt-4\">System Compatibility<\/h2>\n<p class=\"my-2 [&amp;+p]:mt-4 [&amp;_strong:has(+br)]:inline-block [&amp;_strong:has(+br)]:pb-2\">This primer is compatible with epoxy primer, polyurethane primer, alkyd primer, etc.<\/p>\n<h2 id=\"frequently-asked-questions\" class=\"font-editorial font-bold mb-2 mt-4 [.has-inline-images_&amp;]:clear-end text-lg first:mt-0 md:text-lg [hr+&amp;]:mt-4\">Frequently Asked Questions<\/h2>\n<p class=\"my-2 [&amp;+p]:mt-4 [&amp;_strong:has(+br)]:inline-block [&amp;_strong:has(+br)]:pb-2\"><strong>What is this primer used for?<\/strong><br \/>\nThis primer is used for phosphating treatment on galvanized steel, aluminum, and other light metal substrates to improve adhesion of subsequent coatings.<\/p>\n<p class=\"my-2 [&amp;+p]:mt-4 [&amp;_strong:has(+br)]:inline-block [&amp;_strong:has(+br)]:pb-2\"><strong>What substrates is it suitable for?<\/strong><br \/>\nThe product is suitable for galvanized steel, aluminum, and other light metal substrates.<\/p>\n<p class=\"my-2 [&amp;+p]:mt-4 [&amp;_strong:has(+br)]:inline-block [&amp;_strong:has(+br)]:pb-2\"><strong>Can it be used with epoxy anti-rust coatings?<\/strong><br \/>\nYes. When used with epoxy anti-rust coatings, it is stated to enhance salt spray corrosion resistance and moisture resistance of the coating film.<\/p>\n<p class=\"my-2 [&amp;+p]:mt-4 [&amp;_strong:has(+br)]:inline-block [&amp;_strong:has(+br)]:pb-2\"><strong>What application methods are recommended?<\/strong><br \/>\nThe product can be applied by spray and brush.<\/p>\n<p class=\"my-2 [&amp;+p]:mt-4 [&amp;_strong:has(+br)]:inline-block [&amp;_strong:has(+br)]:pb-2\"><strong>What is the recommended recoat interval?<\/strong><br \/>\nThe minimum recoat interval is 2 h at 25\u00b0C, and the maximum recoat interval is 3 days.<\/p>\n<p class=\"my-2 [&amp;+p]:mt-4 [&amp;_strong:has(+br)]:inline-block [&amp;_strong:has(+br)]:pb-2\"><strong>What surface preparation is required before application?<\/strong><br \/>\nThe surface must be clean, dry, and free of contaminants, and surface evaluation and preparation according to ISO 8504 is specified.<\/p>\n","protected":false},"excerpt":{"rendered":"<p><strong>Primaire de lavage en vinyle 2K qui forme une couche de conversion phosphate sur les substrats m\u00e9talliques ferreux et non ferreux. Con\u00e7u pour l'acier, l'aluminium et les surfaces galvanis\u00e9es n\u00e9cessitant une adh\u00e9rence renforc\u00e9e. S\u00e9chage en surface en 15 minutes, compatible avec tous les topcoats anticorrosifs.<\/strong><\/p>","protected":false},"featured_media":2220,"comment_status":"open","ping_status":"closed","template":"","meta":{"_acf_changed":false},"acf-product-category":[],"product_brand":[],"product_cat":[17,82],"product_tag":[],"class_list":{"0":"post-2298","1":"product","2":"type-product","3":"status-publish","4":"has-post-thumbnail","6":"product_cat-product-overview","7":"product_cat-anti-corrosion-primers","9":"first","10":"instock","11":"shipping-taxable","12":"product-type-simple"},"acf":[],"_links":{"self":[{"href":"https:\/\/huilicoating.com\/fr\/wp-json\/wp\/v2\/product\/2298","targetHints":{"allow":["GET"]}}],"collection":[{"href":"https:\/\/huilicoating.com\/fr\/wp-json\/wp\/v2\/product"}],"about":[{"href":"https:\/\/huilicoating.com\/fr\/wp-json\/wp\/v2\/types\/product"}],"replies":[{"embeddable":true,"href":"https:\/\/huilicoating.com\/fr\/wp-json\/wp\/v2\/comments?post=2298"}],"version-history":[{"count":3,"href":"https:\/\/huilicoating.com\/fr\/wp-json\/wp\/v2\/product\/2298\/revisions"}],"predecessor-version":[{"id":4169,"href":"https:\/\/huilicoating.com\/fr\/wp-json\/wp\/v2\/product\/2298\/revisions\/4169"}],"wp:featuredmedia":[{"embeddable":true,"href":"https:\/\/huilicoating.com\/fr\/wp-json\/wp\/v2\/media\/2220"}],"wp:attachment":[{"href":"https:\/\/huilicoating.com\/fr\/wp-json\/wp\/v2\/media?parent=2298"}],"wp:term":[{"taxonomy":"acf-product-category","embeddable":true,"href":"https:\/\/huilicoating.com\/fr\/wp-json\/wp\/v2\/acf-product-category?post=2298"},{"taxonomy":"product_brand","embeddable":true,"href":"https:\/\/huilicoating.com\/fr\/wp-json\/wp\/v2\/product_brand?post=2298"},{"taxonomy":"product_cat","embeddable":true,"href":"https:\/\/huilicoating.com\/fr\/wp-json\/wp\/v2\/product_cat?post=2298"},{"taxonomy":"product_tag","embeddable":true,"href":"https:\/\/huilicoating.com\/fr\/wp-json\/wp\/v2\/product_tag?post=2298"}],"curies":[{"name":"wp","href":"https:\/\/api.w.org\/{rel}","templated":true}]}}